{"id":10015,"date":"2013-12-11T23:38:38","date_gmt":"2013-12-11T21:38:38","guid":{"rendered":"https:\/\/jollery-bunny.ee\/product\/knitpro-karbonz-double-pointed-needles-20-cm\/"},"modified":"2020-07-07T19:24:36","modified_gmt":"2020-07-07T16:24:36","slug":"knitpro-karbonz-double-pointed-needles-20-cm","status":"publish","type":"product","link":"https:\/\/jollery-bunny.ee\/en\/toode\/knitpro-karbonz-double-pointed-needles-20-cm\/","title":{"rendered":"Knitpro Karbonz Double Pointed Needles &#8211; 20 cm"},"content":{"rendered":"<ul class=\"ul\" style=\"margin: 0px 0px 15px; padding: 0px; font-family: Arial, Helvetica, sans-serif; list-style: none; color: #6a6a6a; font-size: 12px; font-style: normal; font-variant: normal; font-weight: normal; letter-spacing: normal; line-height: normal; orphans: auto; text-align: start; text-indent: 0px; text-transform: none; white-space: normal; widows: auto; word-spacing: 0px; -webkit-text-stroke-width: 0px; background-color: #ffffff;\">\n<li style=\"margin: 0px auto; padding: 0px 0px 3px 10px; font-family: Arial, Helvetica, sans-serif; line-height: 18px; font-size: 12px; font-weight: 400; color: #6a6a6a; text-align: left; background-image: url('http:\/\/www.knitpro.eu\/images\/arrow.gif'); background-position: 0% 7px; background-repeat: no-repeat no-repeat;\">A revolutionary product!! New-age needles made from High-Tech carbon fiber with tips in nickel plated brass!<\/li>\n<li style=\"margin: 0px auto; padding: 0px 0px 3px 10px; font-family: Arial, Helvetica, sans-serif; line-height: 18px; font-size: 12px; font-weight: 400; color: #6a6a6a; text-align: left; background-image: url('http:\/\/www.knitpro.eu\/images\/arrow.gif'); background-position: 0% 7px; background-repeat: no-repeat no-repeat;\">Combination of two versatile materials &#8211; light bodied carbon fiber &amp; sharp brass tips &#8211; is guaranteed to provide an unparalleled knitting experience!! No other knitting needle comes closer to this!!<\/li>\n<li style=\"margin: 0px auto; padding: 0px 0px 3px 10px; font-family: Arial, Helvetica, sans-serif; line-height: 18px; font-size: 12px; font-weight: 400; color: #6a6a6a; text-align: left; background-image: url('http:\/\/www.knitpro.eu\/images\/arrow.gif'); background-position: 0% 7px; background-repeat: no-repeat no-repeat;\">Surface made of carbon fiber helps the stitches move smoothly on the needle!!<\/li>\n<li style=\"margin: 0px auto; padding: 0px 0px 3px 10px; font-family: Arial, Helvetica, sans-serif; line-height: 18px; font-size: 12px; font-weight: 400; color: #6a6a6a; text-align: left; background-image: url('http:\/\/www.knitpro.eu\/images\/arrow.gif'); background-position: 0% 7px; background-repeat: no-repeat no-repeat;\">Warm to touch &amp; gentle in the hand<\/li>\n<\/ul>\n","protected":false},"excerpt":{"rendered":"<p>A revolutionary product!! New-age needles made from High-Tech carbon fiber with tips in nickel plated brass! Combination of two versatile materials &#8211; light bodied carbon fiber &amp; sharp brass tips &#8211; is guaranteed to provide an unparalleled knitting experience!! No other knitting needle comes closer to this!! Surface made of carbon fiber helps the stitches [&hellip;]<\/p>\n","protected":false},"featured_media":10016,"comment_status":"open","ping_status":"closed","template":"","meta":[],"product_brand":[],"product_cat":[110],"product_tag":[],"class_list":{"0":"post-10015","1":"product","2":"type-product","3":"status-publish","4":"has-post-thumbnail","6":"product_cat-double-pointed-needles","8":"first","9":"instock","10":"shipping-taxable","11":"purchasable","12":"product-type-variable","13":"has-default-attributes"},"yoast_head":"<!-- This site is optimized with the Yoast SEO plugin v27.3 - https:\/\/yoast.com\/product\/yoast-seo-wordpress\/ -->\n<title>Knitpro Karbonz Double Pointed Needles - 20 cm - E-pood | Jollery-Bunny - Estonian Handicraft<\/title>\n<meta name=\"description\" content=\"A revolutionary product!! New-age needles made from High-Tech carbon fiber with tips in nickel plated brass! Combination of two versatile materials - Double pointed needles\" \/>\n<meta name=\"robots\" content=\"index, follow, max-snippet:-1, max-image-preview:large, max-video-preview:-1\" \/>\n<link rel=\"canonical\" href=\"https:\/\/jollery-bunny.ee\/en\/toode\/knitpro-karbonz-double-pointed-needles-20-cm\/\" \/>\n<meta property=\"og:locale\" content=\"en_US\" \/>\n<meta property=\"og:type\" content=\"article\" \/>\n<meta property=\"og:title\" content=\"Knitpro Karbonz Double Pointed Needles - 20 cm - E-pood | Jollery-Bunny - Estonian Handicraft\" \/>\n<meta property=\"og:description\" content=\"A revolutionary product!! New-age needles made from High-Tech carbon fiber with tips in nickel plated brass! Combination of two versatile materials - Double pointed needles\" \/>\n<meta property=\"og:url\" content=\"https:\/\/jollery-bunny.ee\/en\/toode\/knitpro-karbonz-double-pointed-needles-20-cm\/\" \/>\n<meta property=\"og:site_name\" content=\"E-pood | Jollery-Bunny - Estonian Handicraft\" \/>\n<meta property=\"article:publisher\" content=\"https:\/\/www.facebook.com\/jolleri\/\" \/>\n<meta property=\"article:modified_time\" content=\"2020-07-07T16:24:36+00:00\" \/>\n<meta property=\"og:image\" content=\"https:\/\/jollery-bunny.ee\/wp-content\/uploads\/2013\/12\/3677.jpg\" \/>\n\t<meta property=\"og:image:width\" content=\"200\" \/>\n\t<meta property=\"og:image:height\" content=\"136\" \/>\n\t<meta property=\"og:image:type\" content=\"image\/jpeg\" \/>\n<meta name=\"twitter:card\" content=\"summary_large_image\" \/>\n<script type=\"application\/ld+json\" class=\"yoast-schema-graph\">{\"@context\":\"https:\\\/\\\/schema.org\",\"@graph\":[{\"@type\":\"WebPage\",\"@id\":\"https:\\\/\\\/jollery-bunny.ee\\\/en\\\/toode\\\/knitpro-karbonz-double-pointed-needles-20-cm\\\/\",\"url\":\"https:\\\/\\\/jollery-bunny.ee\\\/en\\\/toode\\\/knitpro-karbonz-double-pointed-needles-20-cm\\\/\",\"name\":\"Knitpro Karbonz Double Pointed Needles - 20 cm - E-pood | Jollery-Bunny - Estonian Handicraft\",\"isPartOf\":{\"@id\":\"https:\\\/\\\/jollery-bunny.ee\\\/en\\\/#website\"},\"primaryImageOfPage\":{\"@id\":\"https:\\\/\\\/jollery-bunny.ee\\\/en\\\/toode\\\/knitpro-karbonz-double-pointed-needles-20-cm\\\/#primaryimage\"},\"image\":{\"@id\":\"https:\\\/\\\/jollery-bunny.ee\\\/en\\\/toode\\\/knitpro-karbonz-double-pointed-needles-20-cm\\\/#primaryimage\"},\"thumbnailUrl\":\"https:\\\/\\\/jollery-bunny.ee\\\/wp-content\\\/uploads\\\/2013\\\/12\\\/3677.jpg\",\"datePublished\":\"2013-12-11T21:38:38+00:00\",\"dateModified\":\"2020-07-07T16:24:36+00:00\",\"description\":\"A revolutionary product!! New-age needles made from High-Tech carbon fiber with tips in nickel plated brass! Combination of two versatile materials - Double pointed needles\",\"breadcrumb\":{\"@id\":\"https:\\\/\\\/jollery-bunny.ee\\\/en\\\/toode\\\/knitpro-karbonz-double-pointed-needles-20-cm\\\/#breadcrumb\"},\"inLanguage\":\"en-US\",\"potentialAction\":[{\"@type\":\"ReadAction\",\"target\":[\"https:\\\/\\\/jollery-bunny.ee\\\/en\\\/toode\\\/knitpro-karbonz-double-pointed-needles-20-cm\\\/\"]}]},{\"@type\":\"ImageObject\",\"inLanguage\":\"en-US\",\"@id\":\"https:\\\/\\\/jollery-bunny.ee\\\/en\\\/toode\\\/knitpro-karbonz-double-pointed-needles-20-cm\\\/#primaryimage\",\"url\":\"https:\\\/\\\/jollery-bunny.ee\\\/wp-content\\\/uploads\\\/2013\\\/12\\\/3677.jpg\",\"contentUrl\":\"https:\\\/\\\/jollery-bunny.ee\\\/wp-content\\\/uploads\\\/2013\\\/12\\\/3677.jpg\",\"width\":200,\"height\":136},{\"@type\":\"BreadcrumbList\",\"@id\":\"https:\\\/\\\/jollery-bunny.ee\\\/en\\\/toode\\\/knitpro-karbonz-double-pointed-needles-20-cm\\\/#breadcrumb\",\"itemListElement\":[{\"@type\":\"ListItem\",\"position\":1,\"name\":\"Home\",\"item\":\"https:\\\/\\\/jollery-bunny.ee\\\/en\\\/\"},{\"@type\":\"ListItem\",\"position\":2,\"name\":\"Jollery-bunny e-Shop\",\"item\":\"https:\\\/\\\/jollery-bunny.ee\\\/en\\\/shop\\\/\"},{\"@type\":\"ListItem\",\"position\":3,\"name\":\"Knitpro Karbonz Double Pointed Needles &#8211; 20 cm\"}]},{\"@type\":\"WebSite\",\"@id\":\"https:\\\/\\\/jollery-bunny.ee\\\/en\\\/#website\",\"url\":\"https:\\\/\\\/jollery-bunny.ee\\\/en\\\/\",\"name\":\"E-pood | Jollery-Bunny - Estonian Handicraft\",\"description\":\"Jolleri k\u00e4sit\u00f6\u00f6kamber\",\"publisher\":{\"@id\":\"https:\\\/\\\/jollery-bunny.ee\\\/en\\\/#organization\"},\"potentialAction\":[{\"@type\":\"SearchAction\",\"target\":{\"@type\":\"EntryPoint\",\"urlTemplate\":\"https:\\\/\\\/jollery-bunny.ee\\\/en\\\/?s={search_term_string}\"},\"query-input\":{\"@type\":\"PropertyValueSpecification\",\"valueRequired\":true,\"valueName\":\"search_term_string\"}}],\"inLanguage\":\"en-US\"},{\"@type\":\"Organization\",\"@id\":\"https:\\\/\\\/jollery-bunny.ee\\\/en\\\/#organization\",\"name\":\"Jolleri K\u00e4sit\u00f6\u00f6kamber\",\"url\":\"https:\\\/\\\/jollery-bunny.ee\\\/en\\\/\",\"logo\":{\"@type\":\"ImageObject\",\"inLanguage\":\"en-US\",\"@id\":\"https:\\\/\\\/jollery-bunny.ee\\\/en\\\/#\\\/schema\\\/logo\\\/image\\\/\",\"url\":\"https:\\\/\\\/jollery-bunny.ee\\\/wp-content\\\/uploads\\\/2013\\\/12\\\/logo.png\",\"contentUrl\":\"https:\\\/\\\/jollery-bunny.ee\\\/wp-content\\\/uploads\\\/2013\\\/12\\\/logo.png\",\"width\":583,\"height\":144,\"caption\":\"Jolleri K\u00e4sit\u00f6\u00f6kamber\"},\"image\":{\"@id\":\"https:\\\/\\\/jollery-bunny.ee\\\/en\\\/#\\\/schema\\\/logo\\\/image\\\/\"},\"sameAs\":[\"https:\\\/\\\/www.facebook.com\\\/jolleri\\\/\",\"https:\\\/\\\/www.instagram.com\\\/jollerybunny\\\/\"]}]}<\/script>\n<!-- \/ Yoast SEO plugin. -->","yoast_head_json":{"title":"Knitpro Karbonz Double Pointed Needles - 20 cm - E-pood | Jollery-Bunny - Estonian Handicraft","description":"A revolutionary product!! New-age needles made from High-Tech carbon fiber with tips in nickel plated brass! Combination of two versatile materials - Double pointed needles","robots":{"index":"index","follow":"follow","max-snippet":"max-snippet:-1","max-image-preview":"max-image-preview:large","max-video-preview":"max-video-preview:-1"},"canonical":"https:\/\/jollery-bunny.ee\/en\/toode\/knitpro-karbonz-double-pointed-needles-20-cm\/","og_locale":"en_US","og_type":"article","og_title":"Knitpro Karbonz Double Pointed Needles - 20 cm - E-pood | Jollery-Bunny - Estonian Handicraft","og_description":"A revolutionary product!! New-age needles made from High-Tech carbon fiber with tips in nickel plated brass! Combination of two versatile materials - Double pointed needles","og_url":"https:\/\/jollery-bunny.ee\/en\/toode\/knitpro-karbonz-double-pointed-needles-20-cm\/","og_site_name":"E-pood | Jollery-Bunny - Estonian Handicraft","article_publisher":"https:\/\/www.facebook.com\/jolleri\/","article_modified_time":"2020-07-07T16:24:36+00:00","og_image":[{"width":200,"height":136,"url":"https:\/\/jollery-bunny.ee\/wp-content\/uploads\/2013\/12\/3677.jpg","type":"image\/jpeg"}],"twitter_card":"summary_large_image","schema":{"@context":"https:\/\/schema.org","@graph":[{"@type":"WebPage","@id":"https:\/\/jollery-bunny.ee\/en\/toode\/knitpro-karbonz-double-pointed-needles-20-cm\/","url":"https:\/\/jollery-bunny.ee\/en\/toode\/knitpro-karbonz-double-pointed-needles-20-cm\/","name":"Knitpro Karbonz Double Pointed Needles - 20 cm - E-pood | Jollery-Bunny - Estonian Handicraft","isPartOf":{"@id":"https:\/\/jollery-bunny.ee\/en\/#website"},"primaryImageOfPage":{"@id":"https:\/\/jollery-bunny.ee\/en\/toode\/knitpro-karbonz-double-pointed-needles-20-cm\/#primaryimage"},"image":{"@id":"https:\/\/jollery-bunny.ee\/en\/toode\/knitpro-karbonz-double-pointed-needles-20-cm\/#primaryimage"},"thumbnailUrl":"https:\/\/jollery-bunny.ee\/wp-content\/uploads\/2013\/12\/3677.jpg","datePublished":"2013-12-11T21:38:38+00:00","dateModified":"2020-07-07T16:24:36+00:00","description":"A revolutionary product!! New-age needles made from High-Tech carbon fiber with tips in nickel plated brass! Combination of two versatile materials - Double pointed needles","breadcrumb":{"@id":"https:\/\/jollery-bunny.ee\/en\/toode\/knitpro-karbonz-double-pointed-needles-20-cm\/#breadcrumb"},"inLanguage":"en-US","potentialAction":[{"@type":"ReadAction","target":["https:\/\/jollery-bunny.ee\/en\/toode\/knitpro-karbonz-double-pointed-needles-20-cm\/"]}]},{"@type":"ImageObject","inLanguage":"en-US","@id":"https:\/\/jollery-bunny.ee\/en\/toode\/knitpro-karbonz-double-pointed-needles-20-cm\/#primaryimage","url":"https:\/\/jollery-bunny.ee\/wp-content\/uploads\/2013\/12\/3677.jpg","contentUrl":"https:\/\/jollery-bunny.ee\/wp-content\/uploads\/2013\/12\/3677.jpg","width":200,"height":136},{"@type":"BreadcrumbList","@id":"https:\/\/jollery-bunny.ee\/en\/toode\/knitpro-karbonz-double-pointed-needles-20-cm\/#breadcrumb","itemListElement":[{"@type":"ListItem","position":1,"name":"Home","item":"https:\/\/jollery-bunny.ee\/en\/"},{"@type":"ListItem","position":2,"name":"Jollery-bunny e-Shop","item":"https:\/\/jollery-bunny.ee\/en\/shop\/"},{"@type":"ListItem","position":3,"name":"Knitpro Karbonz Double Pointed Needles &#8211; 20 cm"}]},{"@type":"WebSite","@id":"https:\/\/jollery-bunny.ee\/en\/#website","url":"https:\/\/jollery-bunny.ee\/en\/","name":"E-pood | Jollery-Bunny - Estonian Handicraft","description":"Jolleri k\u00e4sit\u00f6\u00f6kamber","publisher":{"@id":"https:\/\/jollery-bunny.ee\/en\/#organization"},"potentialAction":[{"@type":"SearchAction","target":{"@type":"EntryPoint","urlTemplate":"https:\/\/jollery-bunny.ee\/en\/?s={search_term_string}"},"query-input":{"@type":"PropertyValueSpecification","valueRequired":true,"valueName":"search_term_string"}}],"inLanguage":"en-US"},{"@type":"Organization","@id":"https:\/\/jollery-bunny.ee\/en\/#organization","name":"Jolleri K\u00e4sit\u00f6\u00f6kamber","url":"https:\/\/jollery-bunny.ee\/en\/","logo":{"@type":"ImageObject","inLanguage":"en-US","@id":"https:\/\/jollery-bunny.ee\/en\/#\/schema\/logo\/image\/","url":"https:\/\/jollery-bunny.ee\/wp-content\/uploads\/2013\/12\/logo.png","contentUrl":"https:\/\/jollery-bunny.ee\/wp-content\/uploads\/2013\/12\/logo.png","width":583,"height":144,"caption":"Jolleri K\u00e4sit\u00f6\u00f6kamber"},"image":{"@id":"https:\/\/jollery-bunny.ee\/en\/#\/schema\/logo\/image\/"},"sameAs":["https:\/\/www.facebook.com\/jolleri\/","https:\/\/www.instagram.com\/jollerybunny\/"]}]}},"_links":{"self":[{"href":"https:\/\/jollery-bunny.ee\/en\/wp-json\/wp\/v2\/product\/10015","targetHints":{"allow":["GET"]}}],"collection":[{"href":"https:\/\/jollery-bunny.ee\/en\/wp-json\/wp\/v2\/product"}],"about":[{"href":"https:\/\/jollery-bunny.ee\/en\/wp-json\/wp\/v2\/types\/product"}],"replies":[{"embeddable":true,"href":"https:\/\/jollery-bunny.ee\/en\/wp-json\/wp\/v2\/comments?post=10015"}],"wp:featuredmedia":[{"embeddable":true,"href":"https:\/\/jollery-bunny.ee\/en\/wp-json\/wp\/v2\/media\/10016"}],"wp:attachment":[{"href":"https:\/\/jollery-bunny.ee\/en\/wp-json\/wp\/v2\/media?parent=10015"}],"wp:term":[{"taxonomy":"product_brand","embeddable":true,"href":"https:\/\/jollery-bunny.ee\/en\/wp-json\/wp\/v2\/product_brand?post=10015"},{"taxonomy":"product_cat","embeddable":true,"href":"https:\/\/jollery-bunny.ee\/en\/wp-json\/wp\/v2\/product_cat?post=10015"},{"taxonomy":"product_tag","embeddable":true,"href":"https:\/\/jollery-bunny.ee\/en\/wp-json\/wp\/v2\/product_tag?post=10015"}],"curies":[{"name":"wp","href":"https:\/\/api.w.org\/{rel}","templated":true}]}}