{"id":10322,"date":"2014-01-22T20:33:12","date_gmt":"2014-01-22T18:33:12","guid":{"rendered":"https:\/\/jollery-bunny.ee\/product\/sumfonie-double-pointed-needles-15-cm\/"},"modified":"2020-07-07T19:09:07","modified_gmt":"2020-07-07T16:09:07","slug":"sumfonie-double-pointed-needles-15-cm","status":"publish","type":"product","link":"https:\/\/jollery-bunny.ee\/en\/toode\/sumfonie-double-pointed-needles-15-cm\/","title":{"rendered":"Sumfonie Double Pointed Needles &#8211; 15 cm"},"content":{"rendered":"<ul class=\"ul\" style=\"margin: 0px 0px 15px; padding: 0px; font-family: Arial, Helvetica, sans-serif; list-style: none; color: #6a6a6a; font-size: 12px; font-style: normal; font-variant: normal; font-weight: normal; letter-spacing: normal; line-height: normal; orphans: auto; text-align: start; text-indent: 0px; text-transform: none; white-space: normal; widows: auto; word-spacing: 0px; -webkit-text-stroke-width: 0px; background-color: #ffffff;\">\n<li style=\"margin: 0px auto; padding: 0px 0px 3px 10px; font-family: Arial, Helvetica, sans-serif; line-height: 18px; font-size: 12px; font-weight: 400; color: #6a6a6a; text-align: left; background-image: url('http:\/\/www.knitpro.eu\/images\/arrow.gif'); background-position: 0% 7px; background-repeat: no-repeat no-repeat;\">Extremely Attractive Colour Combination\/Pattern. <span style=\"color: #6a6a6a; font-family: Arial, Helvetica, sans-serif; font-size: 12px; font-style: normal; font-variant: normal; font-weight: normal; letter-spacing: normal; line-height: 18px; orphans: auto; text-align: left; text-indent: 0px; text-transform: none; white-space: normal; widows: auto; word-spacing: 0px; -webkit-text-stroke-width: 0px; background-color: #ffffff; display: inline !important; float: none;\">The knitter\u2019s favorite needle<\/span><\/li>\n<li style=\"margin: 0px auto; padding: 0px 0px 3px 10px; font-family: Arial, Helvetica, sans-serif; line-height: 18px; font-size: 12px; font-weight: 400; color: #6a6a6a; text-align: left; background-image: url('http:\/\/www.knitpro.eu\/images\/arrow.gif'); background-position: 0% 7px; background-repeat: no-repeat no-repeat;\">Unmatched Strength \u2013 not available in any other wooden needle.<\/li>\n<li style=\"margin: 0px auto; padding: 0px 0px 3px 10px; font-family: Arial, Helvetica, sans-serif; line-height: 18px; font-size: 12px; font-weight: 400; color: #6a6a6a; text-align: left; background-image: url('http:\/\/www.knitpro.eu\/images\/arrow.gif'); background-position: 0% 7px; background-repeat: no-repeat no-repeat;\">Polished wood surface works effortlessly with every type of yarn<\/li>\n<li style=\"margin: 0px auto; padding: 0px 0px 3px 10px; font-family: Arial, Helvetica, sans-serif; line-height: 18px; font-size: 12px; font-weight: 400; color: #6a6a6a; text-align: left; background-image: url('http:\/\/www.knitpro.eu\/images\/arrow.gif'); background-position: 0% 7px; background-repeat: no-repeat no-repeat;\">Warm to the touch, and gentle in the hand<\/li>\n<\/ul>\n","protected":false},"excerpt":{"rendered":"<p>Extremely Attractive Colour Combination\/Pattern. The knitter\u2019s favorite needle Unmatched Strength \u2013 not available in any other wooden needle. Polished wood surface works effortlessly with every type of yarn Warm to the touch, and gentle in the hand<\/p>\n","protected":false},"featured_media":10325,"comment_status":"open","ping_status":"closed","template":"","meta":[],"product_brand":[],"product_cat":[110],"product_tag":[],"class_list":{"0":"post-10322","1":"product","2":"type-product","3":"status-publish","4":"has-post-thumbnail","6":"product_cat-double-pointed-needles","8":"first","9":"instock","10":"shipping-taxable","11":"purchasable","12":"product-type-variable","13":"has-default-attributes"},"yoast_head":"<!-- This site is optimized with the Yoast SEO plugin v27.3 - https:\/\/yoast.com\/product\/yoast-seo-wordpress\/ -->\n<title>Sumfonie Double Pointed Needles - 15 cm - E-pood | Jollery-Bunny - Estonian Handicraft<\/title>\n<meta name=\"description\" content=\"Extremely Attractive Colour Combination\/Pattern. The knitter\u2019s favorite needle Unmatched Strength \u2013 not available in any other wooden needle. Polished - Double pointed needles\" \/>\n<meta name=\"robots\" content=\"index, follow, max-snippet:-1, max-image-preview:large, max-video-preview:-1\" \/>\n<link rel=\"canonical\" href=\"https:\/\/jollery-bunny.ee\/en\/toode\/sumfonie-double-pointed-needles-15-cm\/\" \/>\n<meta property=\"og:locale\" content=\"en_US\" \/>\n<meta property=\"og:type\" content=\"article\" \/>\n<meta property=\"og:title\" content=\"Sumfonie Double Pointed Needles - 15 cm - E-pood | Jollery-Bunny - Estonian Handicraft\" \/>\n<meta property=\"og:description\" content=\"Extremely Attractive Colour Combination\/Pattern. The knitter\u2019s favorite needle Unmatched Strength \u2013 not available in any other wooden needle. Polished - Double pointed needles\" \/>\n<meta property=\"og:url\" content=\"https:\/\/jollery-bunny.ee\/en\/toode\/sumfonie-double-pointed-needles-15-cm\/\" \/>\n<meta property=\"og:site_name\" content=\"E-pood | Jollery-Bunny - Estonian Handicraft\" \/>\n<meta property=\"article:publisher\" content=\"https:\/\/www.facebook.com\/jolleri\/\" \/>\n<meta property=\"article:modified_time\" content=\"2020-07-07T16:09:07+00:00\" \/>\n<meta property=\"og:image\" content=\"https:\/\/jollery-bunny.ee\/wp-content\/uploads\/2014\/01\/knit-pro-symphonie-double-pointed-needles.jpg\" \/>\n\t<meta property=\"og:image:width\" content=\"470\" \/>\n\t<meta property=\"og:image:height\" content=\"360\" \/>\n\t<meta property=\"og:image:type\" content=\"image\/jpeg\" \/>\n<meta name=\"twitter:card\" content=\"summary_large_image\" \/>\n<script type=\"application\/ld+json\" class=\"yoast-schema-graph\">{\"@context\":\"https:\\\/\\\/schema.org\",\"@graph\":[{\"@type\":\"WebPage\",\"@id\":\"https:\\\/\\\/jollery-bunny.ee\\\/en\\\/toode\\\/sumfonie-double-pointed-needles-15-cm\\\/\",\"url\":\"https:\\\/\\\/jollery-bunny.ee\\\/en\\\/toode\\\/sumfonie-double-pointed-needles-15-cm\\\/\",\"name\":\"Sumfonie Double Pointed Needles - 15 cm - E-pood | Jollery-Bunny - Estonian Handicraft\",\"isPartOf\":{\"@id\":\"https:\\\/\\\/jollery-bunny.ee\\\/en\\\/#website\"},\"primaryImageOfPage\":{\"@id\":\"https:\\\/\\\/jollery-bunny.ee\\\/en\\\/toode\\\/sumfonie-double-pointed-needles-15-cm\\\/#primaryimage\"},\"image\":{\"@id\":\"https:\\\/\\\/jollery-bunny.ee\\\/en\\\/toode\\\/sumfonie-double-pointed-needles-15-cm\\\/#primaryimage\"},\"thumbnailUrl\":\"https:\\\/\\\/jollery-bunny.ee\\\/wp-content\\\/uploads\\\/2014\\\/01\\\/knit-pro-symphonie-double-pointed-needles.jpg\",\"datePublished\":\"2014-01-22T18:33:12+00:00\",\"dateModified\":\"2020-07-07T16:09:07+00:00\",\"description\":\"Extremely Attractive Colour Combination\\\/Pattern. The knitter\u2019s favorite needle Unmatched Strength \u2013 not available in any other wooden needle. Polished - Double pointed needles\",\"breadcrumb\":{\"@id\":\"https:\\\/\\\/jollery-bunny.ee\\\/en\\\/toode\\\/sumfonie-double-pointed-needles-15-cm\\\/#breadcrumb\"},\"inLanguage\":\"en-US\",\"potentialAction\":[{\"@type\":\"ReadAction\",\"target\":[\"https:\\\/\\\/jollery-bunny.ee\\\/en\\\/toode\\\/sumfonie-double-pointed-needles-15-cm\\\/\"]}]},{\"@type\":\"ImageObject\",\"inLanguage\":\"en-US\",\"@id\":\"https:\\\/\\\/jollery-bunny.ee\\\/en\\\/toode\\\/sumfonie-double-pointed-needles-15-cm\\\/#primaryimage\",\"url\":\"https:\\\/\\\/jollery-bunny.ee\\\/wp-content\\\/uploads\\\/2014\\\/01\\\/knit-pro-symphonie-double-pointed-needles.jpg\",\"contentUrl\":\"https:\\\/\\\/jollery-bunny.ee\\\/wp-content\\\/uploads\\\/2014\\\/01\\\/knit-pro-symphonie-double-pointed-needles.jpg\",\"width\":470,\"height\":360},{\"@type\":\"BreadcrumbList\",\"@id\":\"https:\\\/\\\/jollery-bunny.ee\\\/en\\\/toode\\\/sumfonie-double-pointed-needles-15-cm\\\/#breadcrumb\",\"itemListElement\":[{\"@type\":\"ListItem\",\"position\":1,\"name\":\"Home\",\"item\":\"https:\\\/\\\/jollery-bunny.ee\\\/en\\\/\"},{\"@type\":\"ListItem\",\"position\":2,\"name\":\"Jollery-bunny e-Shop\",\"item\":\"https:\\\/\\\/jollery-bunny.ee\\\/en\\\/shop\\\/\"},{\"@type\":\"ListItem\",\"position\":3,\"name\":\"Sumfonie Double Pointed Needles &#8211; 15 cm\"}]},{\"@type\":\"WebSite\",\"@id\":\"https:\\\/\\\/jollery-bunny.ee\\\/en\\\/#website\",\"url\":\"https:\\\/\\\/jollery-bunny.ee\\\/en\\\/\",\"name\":\"E-pood | Jollery-Bunny - Estonian Handicraft\",\"description\":\"Jolleri k\u00e4sit\u00f6\u00f6kamber\",\"publisher\":{\"@id\":\"https:\\\/\\\/jollery-bunny.ee\\\/en\\\/#organization\"},\"potentialAction\":[{\"@type\":\"SearchAction\",\"target\":{\"@type\":\"EntryPoint\",\"urlTemplate\":\"https:\\\/\\\/jollery-bunny.ee\\\/en\\\/?s={search_term_string}\"},\"query-input\":{\"@type\":\"PropertyValueSpecification\",\"valueRequired\":true,\"valueName\":\"search_term_string\"}}],\"inLanguage\":\"en-US\"},{\"@type\":\"Organization\",\"@id\":\"https:\\\/\\\/jollery-bunny.ee\\\/en\\\/#organization\",\"name\":\"Jolleri K\u00e4sit\u00f6\u00f6kamber\",\"url\":\"https:\\\/\\\/jollery-bunny.ee\\\/en\\\/\",\"logo\":{\"@type\":\"ImageObject\",\"inLanguage\":\"en-US\",\"@id\":\"https:\\\/\\\/jollery-bunny.ee\\\/en\\\/#\\\/schema\\\/logo\\\/image\\\/\",\"url\":\"https:\\\/\\\/jollery-bunny.ee\\\/wp-content\\\/uploads\\\/2013\\\/12\\\/logo.png\",\"contentUrl\":\"https:\\\/\\\/jollery-bunny.ee\\\/wp-content\\\/uploads\\\/2013\\\/12\\\/logo.png\",\"width\":583,\"height\":144,\"caption\":\"Jolleri K\u00e4sit\u00f6\u00f6kamber\"},\"image\":{\"@id\":\"https:\\\/\\\/jollery-bunny.ee\\\/en\\\/#\\\/schema\\\/logo\\\/image\\\/\"},\"sameAs\":[\"https:\\\/\\\/www.facebook.com\\\/jolleri\\\/\",\"https:\\\/\\\/www.instagram.com\\\/jollerybunny\\\/\"]}]}<\/script>\n<!-- \/ Yoast SEO plugin. -->","yoast_head_json":{"title":"Sumfonie Double Pointed Needles - 15 cm - E-pood | Jollery-Bunny - Estonian Handicraft","description":"Extremely Attractive Colour Combination\/Pattern. The knitter\u2019s favorite needle Unmatched Strength \u2013 not available in any other wooden needle. Polished - Double pointed needles","robots":{"index":"index","follow":"follow","max-snippet":"max-snippet:-1","max-image-preview":"max-image-preview:large","max-video-preview":"max-video-preview:-1"},"canonical":"https:\/\/jollery-bunny.ee\/en\/toode\/sumfonie-double-pointed-needles-15-cm\/","og_locale":"en_US","og_type":"article","og_title":"Sumfonie Double Pointed Needles - 15 cm - E-pood | Jollery-Bunny - Estonian Handicraft","og_description":"Extremely Attractive Colour Combination\/Pattern. The knitter\u2019s favorite needle Unmatched Strength \u2013 not available in any other wooden needle. Polished - Double pointed needles","og_url":"https:\/\/jollery-bunny.ee\/en\/toode\/sumfonie-double-pointed-needles-15-cm\/","og_site_name":"E-pood | Jollery-Bunny - Estonian Handicraft","article_publisher":"https:\/\/www.facebook.com\/jolleri\/","article_modified_time":"2020-07-07T16:09:07+00:00","og_image":[{"width":470,"height":360,"url":"https:\/\/jollery-bunny.ee\/wp-content\/uploads\/2014\/01\/knit-pro-symphonie-double-pointed-needles.jpg","type":"image\/jpeg"}],"twitter_card":"summary_large_image","schema":{"@context":"https:\/\/schema.org","@graph":[{"@type":"WebPage","@id":"https:\/\/jollery-bunny.ee\/en\/toode\/sumfonie-double-pointed-needles-15-cm\/","url":"https:\/\/jollery-bunny.ee\/en\/toode\/sumfonie-double-pointed-needles-15-cm\/","name":"Sumfonie Double Pointed Needles - 15 cm - E-pood | Jollery-Bunny - Estonian Handicraft","isPartOf":{"@id":"https:\/\/jollery-bunny.ee\/en\/#website"},"primaryImageOfPage":{"@id":"https:\/\/jollery-bunny.ee\/en\/toode\/sumfonie-double-pointed-needles-15-cm\/#primaryimage"},"image":{"@id":"https:\/\/jollery-bunny.ee\/en\/toode\/sumfonie-double-pointed-needles-15-cm\/#primaryimage"},"thumbnailUrl":"https:\/\/jollery-bunny.ee\/wp-content\/uploads\/2014\/01\/knit-pro-symphonie-double-pointed-needles.jpg","datePublished":"2014-01-22T18:33:12+00:00","dateModified":"2020-07-07T16:09:07+00:00","description":"Extremely Attractive Colour Combination\/Pattern. The knitter\u2019s favorite needle Unmatched Strength \u2013 not available in any other wooden needle. Polished - Double pointed needles","breadcrumb":{"@id":"https:\/\/jollery-bunny.ee\/en\/toode\/sumfonie-double-pointed-needles-15-cm\/#breadcrumb"},"inLanguage":"en-US","potentialAction":[{"@type":"ReadAction","target":["https:\/\/jollery-bunny.ee\/en\/toode\/sumfonie-double-pointed-needles-15-cm\/"]}]},{"@type":"ImageObject","inLanguage":"en-US","@id":"https:\/\/jollery-bunny.ee\/en\/toode\/sumfonie-double-pointed-needles-15-cm\/#primaryimage","url":"https:\/\/jollery-bunny.ee\/wp-content\/uploads\/2014\/01\/knit-pro-symphonie-double-pointed-needles.jpg","contentUrl":"https:\/\/jollery-bunny.ee\/wp-content\/uploads\/2014\/01\/knit-pro-symphonie-double-pointed-needles.jpg","width":470,"height":360},{"@type":"BreadcrumbList","@id":"https:\/\/jollery-bunny.ee\/en\/toode\/sumfonie-double-pointed-needles-15-cm\/#breadcrumb","itemListElement":[{"@type":"ListItem","position":1,"name":"Home","item":"https:\/\/jollery-bunny.ee\/en\/"},{"@type":"ListItem","position":2,"name":"Jollery-bunny e-Shop","item":"https:\/\/jollery-bunny.ee\/en\/shop\/"},{"@type":"ListItem","position":3,"name":"Sumfonie Double Pointed Needles &#8211; 15 cm"}]},{"@type":"WebSite","@id":"https:\/\/jollery-bunny.ee\/en\/#website","url":"https:\/\/jollery-bunny.ee\/en\/","name":"E-pood | Jollery-Bunny - Estonian Handicraft","description":"Jolleri k\u00e4sit\u00f6\u00f6kamber","publisher":{"@id":"https:\/\/jollery-bunny.ee\/en\/#organization"},"potentialAction":[{"@type":"SearchAction","target":{"@type":"EntryPoint","urlTemplate":"https:\/\/jollery-bunny.ee\/en\/?s={search_term_string}"},"query-input":{"@type":"PropertyValueSpecification","valueRequired":true,"valueName":"search_term_string"}}],"inLanguage":"en-US"},{"@type":"Organization","@id":"https:\/\/jollery-bunny.ee\/en\/#organization","name":"Jolleri K\u00e4sit\u00f6\u00f6kamber","url":"https:\/\/jollery-bunny.ee\/en\/","logo":{"@type":"ImageObject","inLanguage":"en-US","@id":"https:\/\/jollery-bunny.ee\/en\/#\/schema\/logo\/image\/","url":"https:\/\/jollery-bunny.ee\/wp-content\/uploads\/2013\/12\/logo.png","contentUrl":"https:\/\/jollery-bunny.ee\/wp-content\/uploads\/2013\/12\/logo.png","width":583,"height":144,"caption":"Jolleri K\u00e4sit\u00f6\u00f6kamber"},"image":{"@id":"https:\/\/jollery-bunny.ee\/en\/#\/schema\/logo\/image\/"},"sameAs":["https:\/\/www.facebook.com\/jolleri\/","https:\/\/www.instagram.com\/jollerybunny\/"]}]}},"_links":{"self":[{"href":"https:\/\/jollery-bunny.ee\/en\/wp-json\/wp\/v2\/product\/10322","targetHints":{"allow":["GET"]}}],"collection":[{"href":"https:\/\/jollery-bunny.ee\/en\/wp-json\/wp\/v2\/product"}],"about":[{"href":"https:\/\/jollery-bunny.ee\/en\/wp-json\/wp\/v2\/types\/product"}],"replies":[{"embeddable":true,"href":"https:\/\/jollery-bunny.ee\/en\/wp-json\/wp\/v2\/comments?post=10322"}],"wp:featuredmedia":[{"embeddable":true,"href":"https:\/\/jollery-bunny.ee\/en\/wp-json\/wp\/v2\/media\/10325"}],"wp:attachment":[{"href":"https:\/\/jollery-bunny.ee\/en\/wp-json\/wp\/v2\/media?parent=10322"}],"wp:term":[{"taxonomy":"product_brand","embeddable":true,"href":"https:\/\/jollery-bunny.ee\/en\/wp-json\/wp\/v2\/product_brand?post=10322"},{"taxonomy":"product_cat","embeddable":true,"href":"https:\/\/jollery-bunny.ee\/en\/wp-json\/wp\/v2\/product_cat?post=10322"},{"taxonomy":"product_tag","embeddable":true,"href":"https:\/\/jollery-bunny.ee\/en\/wp-json\/wp\/v2\/product_tag?post=10322"}],"curies":[{"name":"wp","href":"https:\/\/api.w.org\/{rel}","templated":true}]}}