{"id":10739,"date":"2015-05-29T01:53:50","date_gmt":"2015-05-28T22:53:50","guid":{"rendered":"https:\/\/jollery-bunny.ee\/product\/symfonie-fixed-circular-needles-100-cm\/"},"modified":"2023-04-29T15:07:01","modified_gmt":"2023-04-29T12:07:01","slug":"symfonie-fixed-circular-needles-100-cm","status":"publish","type":"product","link":"https:\/\/jollery-bunny.ee\/en\/toode\/symfonie-fixed-circular-needles-100-cm\/","title":{"rendered":"Symfonie Fixed Circular Needles &#8211; 100 cm"},"content":{"rendered":"<p>Extremely Attractive Colour Combination\/Pattern<br \/>\nUnmatched Strength \u2013 not available in any other wooden needle<br \/>\nPolished warm wood surface works effortlessly with every type of yarn without slowing down knitting rhythm<br \/>\nResilient, flexible cables lay flat with no kink or twist \u2013 easy to store&lt;!&#8211;:-<\/p>\n","protected":false},"excerpt":{"rendered":"<p>Extremely Attractive Colour Combination\/Pattern Unmatched Strength \u2013 not available in any other wooden needle Polished warm wood surface works effortlessly with every type of yarn without slowing down knitting rhythm Resilient, flexible cables lay flat with no kink or twist \u2013 easy to store&lt;!&#8211;:-<\/p>\n","protected":false},"featured_media":10330,"comment_status":"open","ping_status":"closed","template":"","meta":[],"product_brand":[],"product_cat":[109,127],"product_tag":[],"class_list":{"0":"post-10739","1":"product","2":"type-product","3":"status-publish","4":"has-post-thumbnail","6":"product_cat-fixed-circular-needles","7":"product_cat-needles-and-hooks","9":"first","10":"instock","11":"shipping-taxable","12":"purchasable","13":"product-type-variable"},"yoast_head":"<!-- This site is optimized with the Yoast SEO plugin v27.3 - https:\/\/yoast.com\/product\/yoast-seo-wordpress\/ -->\n<title>Symfonie Fixed Circular Needles - 100 cm - E-pood | Jollery-Bunny - Estonian Handicraft<\/title>\n<meta name=\"description\" content=\"Extremely Attractive Colour Combination\/Pattern Unmatched Strength \u2013 not available in any other wooden needle Polished warm wood surface works - Fixed circular needles, Needles and Hooks\" \/>\n<meta name=\"robots\" content=\"index, follow, max-snippet:-1, max-image-preview:large, max-video-preview:-1\" \/>\n<link rel=\"canonical\" href=\"https:\/\/jollery-bunny.ee\/en\/toode\/symfonie-fixed-circular-needles-100-cm\/\" \/>\n<meta property=\"og:locale\" content=\"en_US\" \/>\n<meta property=\"og:type\" content=\"article\" \/>\n<meta property=\"og:title\" content=\"Symfonie Fixed Circular Needles - 100 cm - E-pood | Jollery-Bunny - Estonian Handicraft\" \/>\n<meta property=\"og:description\" content=\"Extremely Attractive Colour Combination\/Pattern Unmatched Strength \u2013 not available in any other wooden needle Polished warm wood surface works - Fixed circular needles, Needles and Hooks\" \/>\n<meta property=\"og:url\" content=\"https:\/\/jollery-bunny.ee\/en\/toode\/symfonie-fixed-circular-needles-100-cm\/\" \/>\n<meta property=\"og:site_name\" content=\"E-pood | Jollery-Bunny - Estonian Handicraft\" \/>\n<meta property=\"article:publisher\" content=\"https:\/\/www.facebook.com\/jolleri\/\" \/>\n<meta property=\"article:modified_time\" content=\"2023-04-29T12:07:01+00:00\" \/>\n<meta property=\"og:image\" content=\"https:\/\/jollery-bunny.ee\/wp-content\/uploads\/2014\/01\/SymfonieCircular.jpg\" \/>\n\t<meta property=\"og:image:width\" content=\"227\" \/>\n\t<meta property=\"og:image:height\" content=\"310\" \/>\n\t<meta property=\"og:image:type\" content=\"image\/jpeg\" \/>\n<meta name=\"twitter:card\" content=\"summary_large_image\" \/>\n<script type=\"application\/ld+json\" class=\"yoast-schema-graph\">{\"@context\":\"https:\\\/\\\/schema.org\",\"@graph\":[{\"@type\":\"WebPage\",\"@id\":\"https:\\\/\\\/jollery-bunny.ee\\\/en\\\/toode\\\/symfonie-fixed-circular-needles-100-cm\\\/\",\"url\":\"https:\\\/\\\/jollery-bunny.ee\\\/en\\\/toode\\\/symfonie-fixed-circular-needles-100-cm\\\/\",\"name\":\"Symfonie Fixed Circular Needles - 100 cm - E-pood | Jollery-Bunny - Estonian Handicraft\",\"isPartOf\":{\"@id\":\"https:\\\/\\\/jollery-bunny.ee\\\/en\\\/#website\"},\"primaryImageOfPage\":{\"@id\":\"https:\\\/\\\/jollery-bunny.ee\\\/en\\\/toode\\\/symfonie-fixed-circular-needles-100-cm\\\/#primaryimage\"},\"image\":{\"@id\":\"https:\\\/\\\/jollery-bunny.ee\\\/en\\\/toode\\\/symfonie-fixed-circular-needles-100-cm\\\/#primaryimage\"},\"thumbnailUrl\":\"https:\\\/\\\/jollery-bunny.ee\\\/wp-content\\\/uploads\\\/2014\\\/01\\\/SymfonieCircular.jpg\",\"datePublished\":\"2015-05-28T22:53:50+00:00\",\"dateModified\":\"2023-04-29T12:07:01+00:00\",\"description\":\"Extremely Attractive Colour Combination\\\/Pattern Unmatched Strength \u2013 not available in any other wooden needle Polished warm wood surface works - Fixed circular needles, Needles and Hooks\",\"breadcrumb\":{\"@id\":\"https:\\\/\\\/jollery-bunny.ee\\\/en\\\/toode\\\/symfonie-fixed-circular-needles-100-cm\\\/#breadcrumb\"},\"inLanguage\":\"en-US\",\"potentialAction\":[{\"@type\":\"ReadAction\",\"target\":[\"https:\\\/\\\/jollery-bunny.ee\\\/en\\\/toode\\\/symfonie-fixed-circular-needles-100-cm\\\/\"]}]},{\"@type\":\"ImageObject\",\"inLanguage\":\"en-US\",\"@id\":\"https:\\\/\\\/jollery-bunny.ee\\\/en\\\/toode\\\/symfonie-fixed-circular-needles-100-cm\\\/#primaryimage\",\"url\":\"https:\\\/\\\/jollery-bunny.ee\\\/wp-content\\\/uploads\\\/2014\\\/01\\\/SymfonieCircular.jpg\",\"contentUrl\":\"https:\\\/\\\/jollery-bunny.ee\\\/wp-content\\\/uploads\\\/2014\\\/01\\\/SymfonieCircular.jpg\",\"width\":227,\"height\":310},{\"@type\":\"BreadcrumbList\",\"@id\":\"https:\\\/\\\/jollery-bunny.ee\\\/en\\\/toode\\\/symfonie-fixed-circular-needles-100-cm\\\/#breadcrumb\",\"itemListElement\":[{\"@type\":\"ListItem\",\"position\":1,\"name\":\"Home\",\"item\":\"https:\\\/\\\/jollery-bunny.ee\\\/en\\\/\"},{\"@type\":\"ListItem\",\"position\":2,\"name\":\"Jollery-bunny e-Shop\",\"item\":\"https:\\\/\\\/jollery-bunny.ee\\\/en\\\/shop\\\/\"},{\"@type\":\"ListItem\",\"position\":3,\"name\":\"Symfonie Fixed Circular Needles &#8211; 100 cm\"}]},{\"@type\":\"WebSite\",\"@id\":\"https:\\\/\\\/jollery-bunny.ee\\\/en\\\/#website\",\"url\":\"https:\\\/\\\/jollery-bunny.ee\\\/en\\\/\",\"name\":\"E-pood | Jollery-Bunny - Estonian Handicraft\",\"description\":\"Jolleri k\u00e4sit\u00f6\u00f6kamber\",\"publisher\":{\"@id\":\"https:\\\/\\\/jollery-bunny.ee\\\/en\\\/#organization\"},\"potentialAction\":[{\"@type\":\"SearchAction\",\"target\":{\"@type\":\"EntryPoint\",\"urlTemplate\":\"https:\\\/\\\/jollery-bunny.ee\\\/en\\\/?s={search_term_string}\"},\"query-input\":{\"@type\":\"PropertyValueSpecification\",\"valueRequired\":true,\"valueName\":\"search_term_string\"}}],\"inLanguage\":\"en-US\"},{\"@type\":\"Organization\",\"@id\":\"https:\\\/\\\/jollery-bunny.ee\\\/en\\\/#organization\",\"name\":\"Jolleri K\u00e4sit\u00f6\u00f6kamber\",\"url\":\"https:\\\/\\\/jollery-bunny.ee\\\/en\\\/\",\"logo\":{\"@type\":\"ImageObject\",\"inLanguage\":\"en-US\",\"@id\":\"https:\\\/\\\/jollery-bunny.ee\\\/en\\\/#\\\/schema\\\/logo\\\/image\\\/\",\"url\":\"https:\\\/\\\/jollery-bunny.ee\\\/wp-content\\\/uploads\\\/2013\\\/12\\\/logo.png\",\"contentUrl\":\"https:\\\/\\\/jollery-bunny.ee\\\/wp-content\\\/uploads\\\/2013\\\/12\\\/logo.png\",\"width\":583,\"height\":144,\"caption\":\"Jolleri K\u00e4sit\u00f6\u00f6kamber\"},\"image\":{\"@id\":\"https:\\\/\\\/jollery-bunny.ee\\\/en\\\/#\\\/schema\\\/logo\\\/image\\\/\"},\"sameAs\":[\"https:\\\/\\\/www.facebook.com\\\/jolleri\\\/\",\"https:\\\/\\\/www.instagram.com\\\/jollerybunny\\\/\"]}]}<\/script>\n<!-- \/ Yoast SEO plugin. -->","yoast_head_json":{"title":"Symfonie Fixed Circular Needles - 100 cm - E-pood | Jollery-Bunny - Estonian Handicraft","description":"Extremely Attractive Colour Combination\/Pattern Unmatched Strength \u2013 not available in any other wooden needle Polished warm wood surface works - Fixed circular needles, Needles and Hooks","robots":{"index":"index","follow":"follow","max-snippet":"max-snippet:-1","max-image-preview":"max-image-preview:large","max-video-preview":"max-video-preview:-1"},"canonical":"https:\/\/jollery-bunny.ee\/en\/toode\/symfonie-fixed-circular-needles-100-cm\/","og_locale":"en_US","og_type":"article","og_title":"Symfonie Fixed Circular Needles - 100 cm - E-pood | Jollery-Bunny - Estonian Handicraft","og_description":"Extremely Attractive Colour Combination\/Pattern Unmatched Strength \u2013 not available in any other wooden needle Polished warm wood surface works - Fixed circular needles, Needles and Hooks","og_url":"https:\/\/jollery-bunny.ee\/en\/toode\/symfonie-fixed-circular-needles-100-cm\/","og_site_name":"E-pood | Jollery-Bunny - Estonian Handicraft","article_publisher":"https:\/\/www.facebook.com\/jolleri\/","article_modified_time":"2023-04-29T12:07:01+00:00","og_image":[{"width":227,"height":310,"url":"https:\/\/jollery-bunny.ee\/wp-content\/uploads\/2014\/01\/SymfonieCircular.jpg","type":"image\/jpeg"}],"twitter_card":"summary_large_image","schema":{"@context":"https:\/\/schema.org","@graph":[{"@type":"WebPage","@id":"https:\/\/jollery-bunny.ee\/en\/toode\/symfonie-fixed-circular-needles-100-cm\/","url":"https:\/\/jollery-bunny.ee\/en\/toode\/symfonie-fixed-circular-needles-100-cm\/","name":"Symfonie Fixed Circular Needles - 100 cm - E-pood | Jollery-Bunny - Estonian Handicraft","isPartOf":{"@id":"https:\/\/jollery-bunny.ee\/en\/#website"},"primaryImageOfPage":{"@id":"https:\/\/jollery-bunny.ee\/en\/toode\/symfonie-fixed-circular-needles-100-cm\/#primaryimage"},"image":{"@id":"https:\/\/jollery-bunny.ee\/en\/toode\/symfonie-fixed-circular-needles-100-cm\/#primaryimage"},"thumbnailUrl":"https:\/\/jollery-bunny.ee\/wp-content\/uploads\/2014\/01\/SymfonieCircular.jpg","datePublished":"2015-05-28T22:53:50+00:00","dateModified":"2023-04-29T12:07:01+00:00","description":"Extremely Attractive Colour Combination\/Pattern Unmatched Strength \u2013 not available in any other wooden needle Polished warm wood surface works - Fixed circular needles, Needles and Hooks","breadcrumb":{"@id":"https:\/\/jollery-bunny.ee\/en\/toode\/symfonie-fixed-circular-needles-100-cm\/#breadcrumb"},"inLanguage":"en-US","potentialAction":[{"@type":"ReadAction","target":["https:\/\/jollery-bunny.ee\/en\/toode\/symfonie-fixed-circular-needles-100-cm\/"]}]},{"@type":"ImageObject","inLanguage":"en-US","@id":"https:\/\/jollery-bunny.ee\/en\/toode\/symfonie-fixed-circular-needles-100-cm\/#primaryimage","url":"https:\/\/jollery-bunny.ee\/wp-content\/uploads\/2014\/01\/SymfonieCircular.jpg","contentUrl":"https:\/\/jollery-bunny.ee\/wp-content\/uploads\/2014\/01\/SymfonieCircular.jpg","width":227,"height":310},{"@type":"BreadcrumbList","@id":"https:\/\/jollery-bunny.ee\/en\/toode\/symfonie-fixed-circular-needles-100-cm\/#breadcrumb","itemListElement":[{"@type":"ListItem","position":1,"name":"Home","item":"https:\/\/jollery-bunny.ee\/en\/"},{"@type":"ListItem","position":2,"name":"Jollery-bunny e-Shop","item":"https:\/\/jollery-bunny.ee\/en\/shop\/"},{"@type":"ListItem","position":3,"name":"Symfonie Fixed Circular Needles &#8211; 100 cm"}]},{"@type":"WebSite","@id":"https:\/\/jollery-bunny.ee\/en\/#website","url":"https:\/\/jollery-bunny.ee\/en\/","name":"E-pood | Jollery-Bunny - Estonian Handicraft","description":"Jolleri k\u00e4sit\u00f6\u00f6kamber","publisher":{"@id":"https:\/\/jollery-bunny.ee\/en\/#organization"},"potentialAction":[{"@type":"SearchAction","target":{"@type":"EntryPoint","urlTemplate":"https:\/\/jollery-bunny.ee\/en\/?s={search_term_string}"},"query-input":{"@type":"PropertyValueSpecification","valueRequired":true,"valueName":"search_term_string"}}],"inLanguage":"en-US"},{"@type":"Organization","@id":"https:\/\/jollery-bunny.ee\/en\/#organization","name":"Jolleri K\u00e4sit\u00f6\u00f6kamber","url":"https:\/\/jollery-bunny.ee\/en\/","logo":{"@type":"ImageObject","inLanguage":"en-US","@id":"https:\/\/jollery-bunny.ee\/en\/#\/schema\/logo\/image\/","url":"https:\/\/jollery-bunny.ee\/wp-content\/uploads\/2013\/12\/logo.png","contentUrl":"https:\/\/jollery-bunny.ee\/wp-content\/uploads\/2013\/12\/logo.png","width":583,"height":144,"caption":"Jolleri K\u00e4sit\u00f6\u00f6kamber"},"image":{"@id":"https:\/\/jollery-bunny.ee\/en\/#\/schema\/logo\/image\/"},"sameAs":["https:\/\/www.facebook.com\/jolleri\/","https:\/\/www.instagram.com\/jollerybunny\/"]}]}},"_links":{"self":[{"href":"https:\/\/jollery-bunny.ee\/en\/wp-json\/wp\/v2\/product\/10739","targetHints":{"allow":["GET"]}}],"collection":[{"href":"https:\/\/jollery-bunny.ee\/en\/wp-json\/wp\/v2\/product"}],"about":[{"href":"https:\/\/jollery-bunny.ee\/en\/wp-json\/wp\/v2\/types\/product"}],"replies":[{"embeddable":true,"href":"https:\/\/jollery-bunny.ee\/en\/wp-json\/wp\/v2\/comments?post=10739"}],"wp:featuredmedia":[{"embeddable":true,"href":"https:\/\/jollery-bunny.ee\/en\/wp-json\/wp\/v2\/media\/10330"}],"wp:attachment":[{"href":"https:\/\/jollery-bunny.ee\/en\/wp-json\/wp\/v2\/media?parent=10739"}],"wp:term":[{"taxonomy":"product_brand","embeddable":true,"href":"https:\/\/jollery-bunny.ee\/en\/wp-json\/wp\/v2\/product_brand?post=10739"},{"taxonomy":"product_cat","embeddable":true,"href":"https:\/\/jollery-bunny.ee\/en\/wp-json\/wp\/v2\/product_cat?post=10739"},{"taxonomy":"product_tag","embeddable":true,"href":"https:\/\/jollery-bunny.ee\/en\/wp-json\/wp\/v2\/product_tag?post=10739"}],"curies":[{"name":"wp","href":"https:\/\/api.w.org\/{rel}","templated":true}]}}