{"id":11065,"date":"2017-01-13T16:40:44","date_gmt":"2017-01-13T14:40:44","guid":{"rendered":"https:\/\/jollery-bunny.ee\/product\/linen-5\/"},"modified":"2020-07-07T18:23:55","modified_gmt":"2020-07-07T15:23:55","slug":"linen-5","status":"publish","type":"product","link":"https:\/\/jollery-bunny.ee\/en\/toode\/linen-5\/","title":{"rendered":"Linen"},"content":{"rendered":"","protected":false},"excerpt":{"rendered":"<p>3-ply 100% linen. Natural grey.<\/p>\n","protected":false},"featured_media":11067,"comment_status":"open","ping_status":"closed","template":"","meta":[],"product_brand":[],"product_cat":[134],"product_tag":[],"class_list":{"0":"post-11065","1":"product","2":"type-product","3":"status-publish","4":"has-post-thumbnail","6":"product_cat-linen","8":"first","9":"instock","10":"shipping-taxable","11":"purchasable","12":"product-type-variable"},"yoast_head":"<!-- This site is optimized with the Yoast SEO plugin v27.3 - https:\/\/yoast.com\/product\/yoast-seo-wordpress\/ -->\n<title>Linen - E-pood | Jollery-Bunny - Estonian Handicraft<\/title>\n<meta name=\"description\" content=\"3-ply 100% linen. Natural grey. - Linen\" \/>\n<meta name=\"robots\" content=\"index, follow, max-snippet:-1, max-image-preview:large, max-video-preview:-1\" \/>\n<link rel=\"canonical\" href=\"https:\/\/jollery-bunny.ee\/en\/toode\/linen-5\/\" \/>\n<meta property=\"og:locale\" content=\"en_US\" \/>\n<meta property=\"og:type\" content=\"article\" \/>\n<meta property=\"og:title\" content=\"Linen - E-pood | Jollery-Bunny - Estonian Handicraft\" \/>\n<meta property=\"og:description\" content=\"3-ply 100% linen. Natural grey. - Linen\" \/>\n<meta property=\"og:url\" content=\"https:\/\/jollery-bunny.ee\/en\/toode\/linen-5\/\" \/>\n<meta property=\"og:site_name\" content=\"E-pood | Jollery-Bunny - Estonian Handicraft\" \/>\n<meta property=\"article:publisher\" content=\"https:\/\/www.facebook.com\/jolleri\/\" \/>\n<meta property=\"article:modified_time\" content=\"2020-07-07T15:23:55+00:00\" \/>\n<meta property=\"og:image\" content=\"https:\/\/jollery-bunny.ee\/wp-content\/uploads\/2017\/01\/IMG_4525.jpg\" \/>\n\t<meta property=\"og:image:width\" content=\"4000\" \/>\n\t<meta property=\"og:image:height\" content=\"2248\" \/>\n\t<meta property=\"og:image:type\" content=\"image\/jpeg\" \/>\n<meta name=\"twitter:card\" content=\"summary_large_image\" \/>\n<script type=\"application\/ld+json\" class=\"yoast-schema-graph\">{\"@context\":\"https:\\\/\\\/schema.org\",\"@graph\":[{\"@type\":\"WebPage\",\"@id\":\"https:\\\/\\\/jollery-bunny.ee\\\/en\\\/toode\\\/linen-5\\\/\",\"url\":\"https:\\\/\\\/jollery-bunny.ee\\\/en\\\/toode\\\/linen-5\\\/\",\"name\":\"Linen - E-pood | Jollery-Bunny - Estonian Handicraft\",\"isPartOf\":{\"@id\":\"https:\\\/\\\/jollery-bunny.ee\\\/en\\\/#website\"},\"primaryImageOfPage\":{\"@id\":\"https:\\\/\\\/jollery-bunny.ee\\\/en\\\/toode\\\/linen-5\\\/#primaryimage\"},\"image\":{\"@id\":\"https:\\\/\\\/jollery-bunny.ee\\\/en\\\/toode\\\/linen-5\\\/#primaryimage\"},\"thumbnailUrl\":\"https:\\\/\\\/jollery-bunny.ee\\\/wp-content\\\/uploads\\\/2017\\\/01\\\/IMG_4525.jpg\",\"datePublished\":\"2017-01-13T14:40:44+00:00\",\"dateModified\":\"2020-07-07T15:23:55+00:00\",\"description\":\"3-ply 100% linen. Natural grey. - Linen\",\"breadcrumb\":{\"@id\":\"https:\\\/\\\/jollery-bunny.ee\\\/en\\\/toode\\\/linen-5\\\/#breadcrumb\"},\"inLanguage\":\"en-US\",\"potentialAction\":[{\"@type\":\"ReadAction\",\"target\":[\"https:\\\/\\\/jollery-bunny.ee\\\/en\\\/toode\\\/linen-5\\\/\"]}]},{\"@type\":\"ImageObject\",\"inLanguage\":\"en-US\",\"@id\":\"https:\\\/\\\/jollery-bunny.ee\\\/en\\\/toode\\\/linen-5\\\/#primaryimage\",\"url\":\"https:\\\/\\\/jollery-bunny.ee\\\/wp-content\\\/uploads\\\/2017\\\/01\\\/IMG_4525.jpg\",\"contentUrl\":\"https:\\\/\\\/jollery-bunny.ee\\\/wp-content\\\/uploads\\\/2017\\\/01\\\/IMG_4525.jpg\",\"width\":4000,\"height\":2248},{\"@type\":\"BreadcrumbList\",\"@id\":\"https:\\\/\\\/jollery-bunny.ee\\\/en\\\/toode\\\/linen-5\\\/#breadcrumb\",\"itemListElement\":[{\"@type\":\"ListItem\",\"position\":1,\"name\":\"Home\",\"item\":\"https:\\\/\\\/jollery-bunny.ee\\\/en\\\/\"},{\"@type\":\"ListItem\",\"position\":2,\"name\":\"Jollery-bunny e-Shop\",\"item\":\"https:\\\/\\\/jollery-bunny.ee\\\/en\\\/shop\\\/\"},{\"@type\":\"ListItem\",\"position\":3,\"name\":\"Linen\"}]},{\"@type\":\"WebSite\",\"@id\":\"https:\\\/\\\/jollery-bunny.ee\\\/en\\\/#website\",\"url\":\"https:\\\/\\\/jollery-bunny.ee\\\/en\\\/\",\"name\":\"E-pood | Jollery-Bunny - Estonian Handicraft\",\"description\":\"Jolleri k\u00e4sit\u00f6\u00f6kamber\",\"publisher\":{\"@id\":\"https:\\\/\\\/jollery-bunny.ee\\\/en\\\/#organization\"},\"potentialAction\":[{\"@type\":\"SearchAction\",\"target\":{\"@type\":\"EntryPoint\",\"urlTemplate\":\"https:\\\/\\\/jollery-bunny.ee\\\/en\\\/?s={search_term_string}\"},\"query-input\":{\"@type\":\"PropertyValueSpecification\",\"valueRequired\":true,\"valueName\":\"search_term_string\"}}],\"inLanguage\":\"en-US\"},{\"@type\":\"Organization\",\"@id\":\"https:\\\/\\\/jollery-bunny.ee\\\/en\\\/#organization\",\"name\":\"Jolleri K\u00e4sit\u00f6\u00f6kamber\",\"url\":\"https:\\\/\\\/jollery-bunny.ee\\\/en\\\/\",\"logo\":{\"@type\":\"ImageObject\",\"inLanguage\":\"en-US\",\"@id\":\"https:\\\/\\\/jollery-bunny.ee\\\/en\\\/#\\\/schema\\\/logo\\\/image\\\/\",\"url\":\"https:\\\/\\\/jollery-bunny.ee\\\/wp-content\\\/uploads\\\/2013\\\/12\\\/logo.png\",\"contentUrl\":\"https:\\\/\\\/jollery-bunny.ee\\\/wp-content\\\/uploads\\\/2013\\\/12\\\/logo.png\",\"width\":583,\"height\":144,\"caption\":\"Jolleri K\u00e4sit\u00f6\u00f6kamber\"},\"image\":{\"@id\":\"https:\\\/\\\/jollery-bunny.ee\\\/en\\\/#\\\/schema\\\/logo\\\/image\\\/\"},\"sameAs\":[\"https:\\\/\\\/www.facebook.com\\\/jolleri\\\/\",\"https:\\\/\\\/www.instagram.com\\\/jollerybunny\\\/\"]}]}<\/script>\n<!-- \/ Yoast SEO plugin. -->","yoast_head_json":{"title":"Linen - E-pood | Jollery-Bunny - Estonian Handicraft","description":"3-ply 100% linen. Natural grey. - Linen","robots":{"index":"index","follow":"follow","max-snippet":"max-snippet:-1","max-image-preview":"max-image-preview:large","max-video-preview":"max-video-preview:-1"},"canonical":"https:\/\/jollery-bunny.ee\/en\/toode\/linen-5\/","og_locale":"en_US","og_type":"article","og_title":"Linen - E-pood | Jollery-Bunny - Estonian Handicraft","og_description":"3-ply 100% linen. Natural grey. - Linen","og_url":"https:\/\/jollery-bunny.ee\/en\/toode\/linen-5\/","og_site_name":"E-pood | Jollery-Bunny - Estonian Handicraft","article_publisher":"https:\/\/www.facebook.com\/jolleri\/","article_modified_time":"2020-07-07T15:23:55+00:00","og_image":[{"width":4000,"height":2248,"url":"https:\/\/jollery-bunny.ee\/wp-content\/uploads\/2017\/01\/IMG_4525.jpg","type":"image\/jpeg"}],"twitter_card":"summary_large_image","schema":{"@context":"https:\/\/schema.org","@graph":[{"@type":"WebPage","@id":"https:\/\/jollery-bunny.ee\/en\/toode\/linen-5\/","url":"https:\/\/jollery-bunny.ee\/en\/toode\/linen-5\/","name":"Linen - E-pood | Jollery-Bunny - Estonian Handicraft","isPartOf":{"@id":"https:\/\/jollery-bunny.ee\/en\/#website"},"primaryImageOfPage":{"@id":"https:\/\/jollery-bunny.ee\/en\/toode\/linen-5\/#primaryimage"},"image":{"@id":"https:\/\/jollery-bunny.ee\/en\/toode\/linen-5\/#primaryimage"},"thumbnailUrl":"https:\/\/jollery-bunny.ee\/wp-content\/uploads\/2017\/01\/IMG_4525.jpg","datePublished":"2017-01-13T14:40:44+00:00","dateModified":"2020-07-07T15:23:55+00:00","description":"3-ply 100% linen. Natural grey. - Linen","breadcrumb":{"@id":"https:\/\/jollery-bunny.ee\/en\/toode\/linen-5\/#breadcrumb"},"inLanguage":"en-US","potentialAction":[{"@type":"ReadAction","target":["https:\/\/jollery-bunny.ee\/en\/toode\/linen-5\/"]}]},{"@type":"ImageObject","inLanguage":"en-US","@id":"https:\/\/jollery-bunny.ee\/en\/toode\/linen-5\/#primaryimage","url":"https:\/\/jollery-bunny.ee\/wp-content\/uploads\/2017\/01\/IMG_4525.jpg","contentUrl":"https:\/\/jollery-bunny.ee\/wp-content\/uploads\/2017\/01\/IMG_4525.jpg","width":4000,"height":2248},{"@type":"BreadcrumbList","@id":"https:\/\/jollery-bunny.ee\/en\/toode\/linen-5\/#breadcrumb","itemListElement":[{"@type":"ListItem","position":1,"name":"Home","item":"https:\/\/jollery-bunny.ee\/en\/"},{"@type":"ListItem","position":2,"name":"Jollery-bunny e-Shop","item":"https:\/\/jollery-bunny.ee\/en\/shop\/"},{"@type":"ListItem","position":3,"name":"Linen"}]},{"@type":"WebSite","@id":"https:\/\/jollery-bunny.ee\/en\/#website","url":"https:\/\/jollery-bunny.ee\/en\/","name":"E-pood | Jollery-Bunny - Estonian Handicraft","description":"Jolleri k\u00e4sit\u00f6\u00f6kamber","publisher":{"@id":"https:\/\/jollery-bunny.ee\/en\/#organization"},"potentialAction":[{"@type":"SearchAction","target":{"@type":"EntryPoint","urlTemplate":"https:\/\/jollery-bunny.ee\/en\/?s={search_term_string}"},"query-input":{"@type":"PropertyValueSpecification","valueRequired":true,"valueName":"search_term_string"}}],"inLanguage":"en-US"},{"@type":"Organization","@id":"https:\/\/jollery-bunny.ee\/en\/#organization","name":"Jolleri K\u00e4sit\u00f6\u00f6kamber","url":"https:\/\/jollery-bunny.ee\/en\/","logo":{"@type":"ImageObject","inLanguage":"en-US","@id":"https:\/\/jollery-bunny.ee\/en\/#\/schema\/logo\/image\/","url":"https:\/\/jollery-bunny.ee\/wp-content\/uploads\/2013\/12\/logo.png","contentUrl":"https:\/\/jollery-bunny.ee\/wp-content\/uploads\/2013\/12\/logo.png","width":583,"height":144,"caption":"Jolleri K\u00e4sit\u00f6\u00f6kamber"},"image":{"@id":"https:\/\/jollery-bunny.ee\/en\/#\/schema\/logo\/image\/"},"sameAs":["https:\/\/www.facebook.com\/jolleri\/","https:\/\/www.instagram.com\/jollerybunny\/"]}]}},"_links":{"self":[{"href":"https:\/\/jollery-bunny.ee\/en\/wp-json\/wp\/v2\/product\/11065","targetHints":{"allow":["GET"]}}],"collection":[{"href":"https:\/\/jollery-bunny.ee\/en\/wp-json\/wp\/v2\/product"}],"about":[{"href":"https:\/\/jollery-bunny.ee\/en\/wp-json\/wp\/v2\/types\/product"}],"replies":[{"embeddable":true,"href":"https:\/\/jollery-bunny.ee\/en\/wp-json\/wp\/v2\/comments?post=11065"}],"wp:featuredmedia":[{"embeddable":true,"href":"https:\/\/jollery-bunny.ee\/en\/wp-json\/wp\/v2\/media\/11067"}],"wp:attachment":[{"href":"https:\/\/jollery-bunny.ee\/en\/wp-json\/wp\/v2\/media?parent=11065"}],"wp:term":[{"taxonomy":"product_brand","embeddable":true,"href":"https:\/\/jollery-bunny.ee\/en\/wp-json\/wp\/v2\/product_brand?post=11065"},{"taxonomy":"product_cat","embeddable":true,"href":"https:\/\/jollery-bunny.ee\/en\/wp-json\/wp\/v2\/product_cat?post=11065"},{"taxonomy":"product_tag","embeddable":true,"href":"https:\/\/jollery-bunny.ee\/en\/wp-json\/wp\/v2\/product_tag?post=11065"}],"curies":[{"name":"wp","href":"https:\/\/api.w.org\/{rel}","templated":true}]}}