{"id":11169,"date":"2017-08-13T19:36:58","date_gmt":"2017-08-13T16:36:58","guid":{"rendered":"https:\/\/jollery-bunny.ee\/product\/trendz-circular-needles-60-cm\/"},"modified":"2021-04-17T19:49:26","modified_gmt":"2021-04-17T16:49:26","slug":"trendz-circular-needles-60-cm","status":"publish","type":"product","link":"https:\/\/jollery-bunny.ee\/en\/toode\/trendz-circular-needles-60-cm\/","title":{"rendered":"Trendz circular needles &#8211; 60 cm"},"content":{"rendered":"","protected":false},"excerpt":{"rendered":"<p>Range of radiant colours allows mix-n-match &amp; organizational options A great aid to simplify the difficult part of knitting!! Trendz needles provide the right \u2018grab\u2019 that allows for easy handling of slippery yarns, picking up stitches in a fast manner and helps in controlling those difficult stitches! Sharp and Gradually Tapered Points are ideal for [&hellip;]<\/p>\n","protected":false},"featured_media":10656,"comment_status":"open","ping_status":"closed","template":"","meta":[],"product_brand":[],"product_cat":[109,127],"product_tag":[],"class_list":{"0":"post-11169","1":"product","2":"type-product","3":"status-publish","4":"has-post-thumbnail","6":"product_cat-fixed-circular-needles","7":"product_cat-needles-and-hooks","9":"first","10":"outofstock","11":"shipping-taxable","12":"purchasable","13":"product-type-variable"},"yoast_head":"<!-- This site is optimized with the Yoast SEO plugin v27.3 - https:\/\/yoast.com\/product\/yoast-seo-wordpress\/ -->\n<title>Trendz circular needles - 60 cm - E-pood | Jollery-Bunny - Estonian Handicraft<\/title>\n<meta name=\"description\" content=\"Range of radiant colours allows mix-n-match &amp; organizational options A great aid to simplify the difficult part of knitting!! Trendz needles provide the right \u2018grab\u2019 that allows for easy handling of slippery yarns, picking up stitches in a fast manner and helps in controlling those difficult stitches! Sharp and Gradually Tapered Points are ideal for all knitting projects Enables stitches to slide around needles effortlessly Lightweight, smooth, with the right flexibility \u2013 yet exceptionally strong &amp; durable Warm to the touch and gentle in the hand Ideal for beginners - Fixed circular needles, Needles and Hooks\" \/>\n<meta name=\"robots\" content=\"index, follow, max-snippet:-1, max-image-preview:large, max-video-preview:-1\" \/>\n<link rel=\"canonical\" href=\"https:\/\/jollery-bunny.ee\/en\/toode\/trendz-circular-needles-60-cm\/\" \/>\n<meta property=\"og:locale\" content=\"en_US\" \/>\n<meta property=\"og:type\" content=\"article\" \/>\n<meta property=\"og:title\" content=\"Trendz circular needles - 60 cm - E-pood | Jollery-Bunny - Estonian Handicraft\" \/>\n<meta property=\"og:description\" content=\"Range of radiant colours allows mix-n-match &amp; organizational options A great aid to simplify the difficult part of knitting!! Trendz needles provide the right \u2018grab\u2019 that allows for easy handling of slippery yarns, picking up stitches in a fast manner and helps in controlling those difficult stitches! Sharp and Gradually Tapered Points are ideal for all knitting projects Enables stitches to slide around needles effortlessly Lightweight, smooth, with the right flexibility \u2013 yet exceptionally strong &amp; durable Warm to the touch and gentle in the hand Ideal for beginners - Fixed circular needles, Needles and Hooks\" \/>\n<meta property=\"og:url\" content=\"https:\/\/jollery-bunny.ee\/en\/toode\/trendz-circular-needles-60-cm\/\" \/>\n<meta property=\"og:site_name\" content=\"E-pood | Jollery-Bunny - Estonian Handicraft\" \/>\n<meta property=\"article:publisher\" content=\"https:\/\/www.facebook.com\/jolleri\/\" \/>\n<meta property=\"article:modified_time\" content=\"2021-04-17T16:49:26+00:00\" \/>\n<meta property=\"og:image\" content=\"https:\/\/jollery-bunny.ee\/wp-content\/uploads\/2014\/12\/FC-242-x-145-Me-Trendz-FC.jpg\" \/>\n\t<meta property=\"og:image:width\" content=\"242\" \/>\n\t<meta property=\"og:image:height\" content=\"145\" \/>\n\t<meta property=\"og:image:type\" content=\"image\/jpeg\" \/>\n<meta name=\"twitter:card\" content=\"summary_large_image\" \/>\n<script type=\"application\/ld+json\" class=\"yoast-schema-graph\">{\"@context\":\"https:\\\/\\\/schema.org\",\"@graph\":[{\"@type\":\"WebPage\",\"@id\":\"https:\\\/\\\/jollery-bunny.ee\\\/en\\\/toode\\\/trendz-circular-needles-60-cm\\\/\",\"url\":\"https:\\\/\\\/jollery-bunny.ee\\\/en\\\/toode\\\/trendz-circular-needles-60-cm\\\/\",\"name\":\"Trendz circular needles - 60 cm - E-pood | Jollery-Bunny - Estonian Handicraft\",\"isPartOf\":{\"@id\":\"https:\\\/\\\/jollery-bunny.ee\\\/en\\\/#website\"},\"primaryImageOfPage\":{\"@id\":\"https:\\\/\\\/jollery-bunny.ee\\\/en\\\/toode\\\/trendz-circular-needles-60-cm\\\/#primaryimage\"},\"image\":{\"@id\":\"https:\\\/\\\/jollery-bunny.ee\\\/en\\\/toode\\\/trendz-circular-needles-60-cm\\\/#primaryimage\"},\"thumbnailUrl\":\"https:\\\/\\\/jollery-bunny.ee\\\/wp-content\\\/uploads\\\/2014\\\/12\\\/FC-242-x-145-Me-Trendz-FC.jpg\",\"datePublished\":\"2017-08-13T16:36:58+00:00\",\"dateModified\":\"2021-04-17T16:49:26+00:00\",\"description\":\"Range of radiant colours allows mix-n-match &amp; organizational options A great aid to simplify the difficult part of knitting!! Trendz needles provide the right \u2018grab\u2019 that allows for easy handling of slippery yarns, picking up stitches in a fast manner and helps in controlling those difficult stitches! Sharp and Gradually Tapered Points are ideal for all knitting projects Enables stitches to slide around needles effortlessly Lightweight, smooth, with the right flexibility \u2013 yet exceptionally strong &amp; durable Warm to the touch and gentle in the hand Ideal for beginners - Fixed circular needles, Needles and Hooks\",\"breadcrumb\":{\"@id\":\"https:\\\/\\\/jollery-bunny.ee\\\/en\\\/toode\\\/trendz-circular-needles-60-cm\\\/#breadcrumb\"},\"inLanguage\":\"en-US\",\"potentialAction\":[{\"@type\":\"ReadAction\",\"target\":[\"https:\\\/\\\/jollery-bunny.ee\\\/en\\\/toode\\\/trendz-circular-needles-60-cm\\\/\"]}]},{\"@type\":\"ImageObject\",\"inLanguage\":\"en-US\",\"@id\":\"https:\\\/\\\/jollery-bunny.ee\\\/en\\\/toode\\\/trendz-circular-needles-60-cm\\\/#primaryimage\",\"url\":\"https:\\\/\\\/jollery-bunny.ee\\\/wp-content\\\/uploads\\\/2014\\\/12\\\/FC-242-x-145-Me-Trendz-FC.jpg\",\"contentUrl\":\"https:\\\/\\\/jollery-bunny.ee\\\/wp-content\\\/uploads\\\/2014\\\/12\\\/FC-242-x-145-Me-Trendz-FC.jpg\",\"width\":242,\"height\":145},{\"@type\":\"BreadcrumbList\",\"@id\":\"https:\\\/\\\/jollery-bunny.ee\\\/en\\\/toode\\\/trendz-circular-needles-60-cm\\\/#breadcrumb\",\"itemListElement\":[{\"@type\":\"ListItem\",\"position\":1,\"name\":\"Home\",\"item\":\"https:\\\/\\\/jollery-bunny.ee\\\/en\\\/\"},{\"@type\":\"ListItem\",\"position\":2,\"name\":\"Jollery-bunny e-Shop\",\"item\":\"https:\\\/\\\/jollery-bunny.ee\\\/en\\\/shop\\\/\"},{\"@type\":\"ListItem\",\"position\":3,\"name\":\"Trendz circular needles &#8211; 60 cm\"}]},{\"@type\":\"WebSite\",\"@id\":\"https:\\\/\\\/jollery-bunny.ee\\\/en\\\/#website\",\"url\":\"https:\\\/\\\/jollery-bunny.ee\\\/en\\\/\",\"name\":\"E-pood | Jollery-Bunny - Estonian Handicraft\",\"description\":\"Jolleri k\u00e4sit\u00f6\u00f6kamber\",\"publisher\":{\"@id\":\"https:\\\/\\\/jollery-bunny.ee\\\/en\\\/#organization\"},\"potentialAction\":[{\"@type\":\"SearchAction\",\"target\":{\"@type\":\"EntryPoint\",\"urlTemplate\":\"https:\\\/\\\/jollery-bunny.ee\\\/en\\\/?s={search_term_string}\"},\"query-input\":{\"@type\":\"PropertyValueSpecification\",\"valueRequired\":true,\"valueName\":\"search_term_string\"}}],\"inLanguage\":\"en-US\"},{\"@type\":\"Organization\",\"@id\":\"https:\\\/\\\/jollery-bunny.ee\\\/en\\\/#organization\",\"name\":\"Jolleri K\u00e4sit\u00f6\u00f6kamber\",\"url\":\"https:\\\/\\\/jollery-bunny.ee\\\/en\\\/\",\"logo\":{\"@type\":\"ImageObject\",\"inLanguage\":\"en-US\",\"@id\":\"https:\\\/\\\/jollery-bunny.ee\\\/en\\\/#\\\/schema\\\/logo\\\/image\\\/\",\"url\":\"https:\\\/\\\/jollery-bunny.ee\\\/wp-content\\\/uploads\\\/2013\\\/12\\\/logo.png\",\"contentUrl\":\"https:\\\/\\\/jollery-bunny.ee\\\/wp-content\\\/uploads\\\/2013\\\/12\\\/logo.png\",\"width\":583,\"height\":144,\"caption\":\"Jolleri K\u00e4sit\u00f6\u00f6kamber\"},\"image\":{\"@id\":\"https:\\\/\\\/jollery-bunny.ee\\\/en\\\/#\\\/schema\\\/logo\\\/image\\\/\"},\"sameAs\":[\"https:\\\/\\\/www.facebook.com\\\/jolleri\\\/\",\"https:\\\/\\\/www.instagram.com\\\/jollerybunny\\\/\"]}]}<\/script>\n<!-- \/ Yoast SEO plugin. -->","yoast_head_json":{"title":"Trendz circular needles - 60 cm - E-pood | Jollery-Bunny - Estonian Handicraft","description":"Range of radiant colours allows mix-n-match &amp; organizational options A great aid to simplify the difficult part of knitting!! Trendz needles provide the right \u2018grab\u2019 that allows for easy handling of slippery yarns, picking up stitches in a fast manner and helps in controlling those difficult stitches! Sharp and Gradually Tapered Points are ideal for all knitting projects Enables stitches to slide around needles effortlessly Lightweight, smooth, with the right flexibility \u2013 yet exceptionally strong &amp; durable Warm to the touch and gentle in the hand Ideal for beginners - Fixed circular needles, Needles and Hooks","robots":{"index":"index","follow":"follow","max-snippet":"max-snippet:-1","max-image-preview":"max-image-preview:large","max-video-preview":"max-video-preview:-1"},"canonical":"https:\/\/jollery-bunny.ee\/en\/toode\/trendz-circular-needles-60-cm\/","og_locale":"en_US","og_type":"article","og_title":"Trendz circular needles - 60 cm - E-pood | Jollery-Bunny - Estonian Handicraft","og_description":"Range of radiant colours allows mix-n-match &amp; organizational options A great aid to simplify the difficult part of knitting!! Trendz needles provide the right \u2018grab\u2019 that allows for easy handling of slippery yarns, picking up stitches in a fast manner and helps in controlling those difficult stitches! Sharp and Gradually Tapered Points are ideal for all knitting projects Enables stitches to slide around needles effortlessly Lightweight, smooth, with the right flexibility \u2013 yet exceptionally strong &amp; durable Warm to the touch and gentle in the hand Ideal for beginners - Fixed circular needles, Needles and Hooks","og_url":"https:\/\/jollery-bunny.ee\/en\/toode\/trendz-circular-needles-60-cm\/","og_site_name":"E-pood | Jollery-Bunny - Estonian Handicraft","article_publisher":"https:\/\/www.facebook.com\/jolleri\/","article_modified_time":"2021-04-17T16:49:26+00:00","og_image":[{"width":242,"height":145,"url":"https:\/\/jollery-bunny.ee\/wp-content\/uploads\/2014\/12\/FC-242-x-145-Me-Trendz-FC.jpg","type":"image\/jpeg"}],"twitter_card":"summary_large_image","schema":{"@context":"https:\/\/schema.org","@graph":[{"@type":"WebPage","@id":"https:\/\/jollery-bunny.ee\/en\/toode\/trendz-circular-needles-60-cm\/","url":"https:\/\/jollery-bunny.ee\/en\/toode\/trendz-circular-needles-60-cm\/","name":"Trendz circular needles - 60 cm - E-pood | Jollery-Bunny - Estonian Handicraft","isPartOf":{"@id":"https:\/\/jollery-bunny.ee\/en\/#website"},"primaryImageOfPage":{"@id":"https:\/\/jollery-bunny.ee\/en\/toode\/trendz-circular-needles-60-cm\/#primaryimage"},"image":{"@id":"https:\/\/jollery-bunny.ee\/en\/toode\/trendz-circular-needles-60-cm\/#primaryimage"},"thumbnailUrl":"https:\/\/jollery-bunny.ee\/wp-content\/uploads\/2014\/12\/FC-242-x-145-Me-Trendz-FC.jpg","datePublished":"2017-08-13T16:36:58+00:00","dateModified":"2021-04-17T16:49:26+00:00","description":"Range of radiant colours allows mix-n-match &amp; organizational options A great aid to simplify the difficult part of knitting!! Trendz needles provide the right \u2018grab\u2019 that allows for easy handling of slippery yarns, picking up stitches in a fast manner and helps in controlling those difficult stitches! Sharp and Gradually Tapered Points are ideal for all knitting projects Enables stitches to slide around needles effortlessly Lightweight, smooth, with the right flexibility \u2013 yet exceptionally strong &amp; durable Warm to the touch and gentle in the hand Ideal for beginners - Fixed circular needles, Needles and Hooks","breadcrumb":{"@id":"https:\/\/jollery-bunny.ee\/en\/toode\/trendz-circular-needles-60-cm\/#breadcrumb"},"inLanguage":"en-US","potentialAction":[{"@type":"ReadAction","target":["https:\/\/jollery-bunny.ee\/en\/toode\/trendz-circular-needles-60-cm\/"]}]},{"@type":"ImageObject","inLanguage":"en-US","@id":"https:\/\/jollery-bunny.ee\/en\/toode\/trendz-circular-needles-60-cm\/#primaryimage","url":"https:\/\/jollery-bunny.ee\/wp-content\/uploads\/2014\/12\/FC-242-x-145-Me-Trendz-FC.jpg","contentUrl":"https:\/\/jollery-bunny.ee\/wp-content\/uploads\/2014\/12\/FC-242-x-145-Me-Trendz-FC.jpg","width":242,"height":145},{"@type":"BreadcrumbList","@id":"https:\/\/jollery-bunny.ee\/en\/toode\/trendz-circular-needles-60-cm\/#breadcrumb","itemListElement":[{"@type":"ListItem","position":1,"name":"Home","item":"https:\/\/jollery-bunny.ee\/en\/"},{"@type":"ListItem","position":2,"name":"Jollery-bunny e-Shop","item":"https:\/\/jollery-bunny.ee\/en\/shop\/"},{"@type":"ListItem","position":3,"name":"Trendz circular needles &#8211; 60 cm"}]},{"@type":"WebSite","@id":"https:\/\/jollery-bunny.ee\/en\/#website","url":"https:\/\/jollery-bunny.ee\/en\/","name":"E-pood | Jollery-Bunny - Estonian Handicraft","description":"Jolleri k\u00e4sit\u00f6\u00f6kamber","publisher":{"@id":"https:\/\/jollery-bunny.ee\/en\/#organization"},"potentialAction":[{"@type":"SearchAction","target":{"@type":"EntryPoint","urlTemplate":"https:\/\/jollery-bunny.ee\/en\/?s={search_term_string}"},"query-input":{"@type":"PropertyValueSpecification","valueRequired":true,"valueName":"search_term_string"}}],"inLanguage":"en-US"},{"@type":"Organization","@id":"https:\/\/jollery-bunny.ee\/en\/#organization","name":"Jolleri K\u00e4sit\u00f6\u00f6kamber","url":"https:\/\/jollery-bunny.ee\/en\/","logo":{"@type":"ImageObject","inLanguage":"en-US","@id":"https:\/\/jollery-bunny.ee\/en\/#\/schema\/logo\/image\/","url":"https:\/\/jollery-bunny.ee\/wp-content\/uploads\/2013\/12\/logo.png","contentUrl":"https:\/\/jollery-bunny.ee\/wp-content\/uploads\/2013\/12\/logo.png","width":583,"height":144,"caption":"Jolleri K\u00e4sit\u00f6\u00f6kamber"},"image":{"@id":"https:\/\/jollery-bunny.ee\/en\/#\/schema\/logo\/image\/"},"sameAs":["https:\/\/www.facebook.com\/jolleri\/","https:\/\/www.instagram.com\/jollerybunny\/"]}]}},"_links":{"self":[{"href":"https:\/\/jollery-bunny.ee\/en\/wp-json\/wp\/v2\/product\/11169","targetHints":{"allow":["GET"]}}],"collection":[{"href":"https:\/\/jollery-bunny.ee\/en\/wp-json\/wp\/v2\/product"}],"about":[{"href":"https:\/\/jollery-bunny.ee\/en\/wp-json\/wp\/v2\/types\/product"}],"replies":[{"embeddable":true,"href":"https:\/\/jollery-bunny.ee\/en\/wp-json\/wp\/v2\/comments?post=11169"}],"wp:featuredmedia":[{"embeddable":true,"href":"https:\/\/jollery-bunny.ee\/en\/wp-json\/wp\/v2\/media\/10656"}],"wp:attachment":[{"href":"https:\/\/jollery-bunny.ee\/en\/wp-json\/wp\/v2\/media?parent=11169"}],"wp:term":[{"taxonomy":"product_brand","embeddable":true,"href":"https:\/\/jollery-bunny.ee\/en\/wp-json\/wp\/v2\/product_brand?post=11169"},{"taxonomy":"product_cat","embeddable":true,"href":"https:\/\/jollery-bunny.ee\/en\/wp-json\/wp\/v2\/product_cat?post=11169"},{"taxonomy":"product_tag","embeddable":true,"href":"https:\/\/jollery-bunny.ee\/en\/wp-json\/wp\/v2\/product_tag?post=11169"}],"curies":[{"name":"wp","href":"https:\/\/api.w.org\/{rel}","templated":true}]}}