{"id":11447,"date":"2020-03-23T13:14:18","date_gmt":"2020-03-23T11:14:18","guid":{"rendered":"https:\/\/jollery-bunny.ee\/product\/interchangeable-circular-needles-2\/"},"modified":"2020-11-14T19:09:17","modified_gmt":"2020-11-14T17:09:17","slug":"interchangeable-circular-needles-2","status":"publish","type":"product","link":"https:\/\/jollery-bunny.ee\/en\/toode\/interchangeable-circular-needles-2\/","title":{"rendered":"Interchangeable Circular Needles"},"content":{"rendered":"","protected":false},"excerpt":{"rendered":"<p>Has the lightness of birch and the strength of natural wood Needle tips made of birch wood Now available up to Jumbo size 25.00mm (US 50) Ideal for today\u2019s chunkier yarns Polished wood surface works effortlessly with every type of yarn without slowing down knitting rhythm A smooth join ensures easy stitch glide and no [&hellip;]<\/p>\n","protected":false},"featured_media":11448,"comment_status":"open","ping_status":"closed","template":"","meta":[],"product_brand":[],"product_cat":[112,127],"product_tag":[],"class_list":{"0":"post-11447","1":"product","2":"type-product","3":"status-publish","4":"has-post-thumbnail","6":"product_cat-interchangeable-circular-needles","7":"product_cat-needles-and-hooks","9":"first","10":"instock","11":"shipping-taxable","12":"purchasable","13":"product-type-variable"},"yoast_head":"<!-- This site is optimized with the Yoast SEO plugin v27.3 - https:\/\/yoast.com\/product\/yoast-seo-wordpress\/ -->\n<title>Interchangeable Circular Needles - E-pood | Jollery-Bunny - Estonian Handicraft<\/title>\n<meta name=\"description\" content=\"Has the lightness of birch and the strength of natural wood Needle tips made of birch wood Now available up to Jumbo size 25.00mm (US 50) Ideal for today\u2019s chunkier yarns Polished wood surface works effortlessly with every type of yarn without slowing down knitting rhythm A smooth join ensures easy stitch glide and no snagging Resilient, flexible cables lay flat with no kink or twist \u2013 easy to store Provides hours of pleasurable knitting with no hand fatigue Warm to the touch, and gentle in the hand - Interchangeable circular needles, Needles and Hooks\" \/>\n<meta name=\"robots\" content=\"index, follow, max-snippet:-1, max-image-preview:large, max-video-preview:-1\" \/>\n<link rel=\"canonical\" href=\"https:\/\/jollery-bunny.ee\/en\/toode\/interchangeable-circular-needles-2\/\" \/>\n<meta property=\"og:locale\" content=\"en_US\" \/>\n<meta property=\"og:type\" content=\"article\" \/>\n<meta property=\"og:title\" content=\"Interchangeable Circular Needles - E-pood | Jollery-Bunny - Estonian Handicraft\" \/>\n<meta property=\"og:description\" content=\"Has the lightness of birch and the strength of natural wood Needle tips made of birch wood Now available up to Jumbo size 25.00mm (US 50) Ideal for today\u2019s chunkier yarns Polished wood surface works effortlessly with every type of yarn without slowing down knitting rhythm A smooth join ensures easy stitch glide and no snagging Resilient, flexible cables lay flat with no kink or twist \u2013 easy to store Provides hours of pleasurable knitting with no hand fatigue Warm to the touch, and gentle in the hand - Interchangeable circular needles, Needles and Hooks\" \/>\n<meta property=\"og:url\" content=\"https:\/\/jollery-bunny.ee\/en\/toode\/interchangeable-circular-needles-2\/\" \/>\n<meta property=\"og:site_name\" content=\"E-pood | Jollery-Bunny - Estonian Handicraft\" \/>\n<meta property=\"article:publisher\" content=\"https:\/\/www.facebook.com\/jolleri\/\" \/>\n<meta property=\"article:modified_time\" content=\"2020-11-14T17:09:17+00:00\" \/>\n<meta property=\"og:image\" content=\"https:\/\/jollery-bunny.ee\/wp-content\/uploads\/2020\/03\/242-x-145-BASIX-ICN-8.0mm.jpg\" \/>\n\t<meta property=\"og:image:width\" content=\"242\" \/>\n\t<meta property=\"og:image:height\" content=\"145\" \/>\n\t<meta property=\"og:image:type\" content=\"image\/jpeg\" \/>\n<meta name=\"twitter:card\" content=\"summary_large_image\" \/>\n<script type=\"application\/ld+json\" class=\"yoast-schema-graph\">{\"@context\":\"https:\\\/\\\/schema.org\",\"@graph\":[{\"@type\":\"WebPage\",\"@id\":\"https:\\\/\\\/jollery-bunny.ee\\\/en\\\/toode\\\/interchangeable-circular-needles-2\\\/\",\"url\":\"https:\\\/\\\/jollery-bunny.ee\\\/en\\\/toode\\\/interchangeable-circular-needles-2\\\/\",\"name\":\"Interchangeable Circular Needles - E-pood | Jollery-Bunny - Estonian Handicraft\",\"isPartOf\":{\"@id\":\"https:\\\/\\\/jollery-bunny.ee\\\/en\\\/#website\"},\"primaryImageOfPage\":{\"@id\":\"https:\\\/\\\/jollery-bunny.ee\\\/en\\\/toode\\\/interchangeable-circular-needles-2\\\/#primaryimage\"},\"image\":{\"@id\":\"https:\\\/\\\/jollery-bunny.ee\\\/en\\\/toode\\\/interchangeable-circular-needles-2\\\/#primaryimage\"},\"thumbnailUrl\":\"https:\\\/\\\/jollery-bunny.ee\\\/wp-content\\\/uploads\\\/2020\\\/03\\\/242-x-145-BASIX-ICN-8.0mm.jpg\",\"datePublished\":\"2020-03-23T11:14:18+00:00\",\"dateModified\":\"2020-11-14T17:09:17+00:00\",\"description\":\"Has the lightness of birch and the strength of natural wood Needle tips made of birch wood Now available up to Jumbo size 25.00mm (US 50) Ideal for today\u2019s chunkier yarns Polished wood surface works effortlessly with every type of yarn without slowing down knitting rhythm A smooth join ensures easy stitch glide and no snagging Resilient, flexible cables lay flat with no kink or twist \u2013 easy to store Provides hours of pleasurable knitting with no hand fatigue Warm to the touch, and gentle in the hand - Interchangeable circular needles, Needles and Hooks\",\"breadcrumb\":{\"@id\":\"https:\\\/\\\/jollery-bunny.ee\\\/en\\\/toode\\\/interchangeable-circular-needles-2\\\/#breadcrumb\"},\"inLanguage\":\"en-US\",\"potentialAction\":[{\"@type\":\"ReadAction\",\"target\":[\"https:\\\/\\\/jollery-bunny.ee\\\/en\\\/toode\\\/interchangeable-circular-needles-2\\\/\"]}]},{\"@type\":\"ImageObject\",\"inLanguage\":\"en-US\",\"@id\":\"https:\\\/\\\/jollery-bunny.ee\\\/en\\\/toode\\\/interchangeable-circular-needles-2\\\/#primaryimage\",\"url\":\"https:\\\/\\\/jollery-bunny.ee\\\/wp-content\\\/uploads\\\/2020\\\/03\\\/242-x-145-BASIX-ICN-8.0mm.jpg\",\"contentUrl\":\"https:\\\/\\\/jollery-bunny.ee\\\/wp-content\\\/uploads\\\/2020\\\/03\\\/242-x-145-BASIX-ICN-8.0mm.jpg\",\"width\":242,\"height\":145},{\"@type\":\"BreadcrumbList\",\"@id\":\"https:\\\/\\\/jollery-bunny.ee\\\/en\\\/toode\\\/interchangeable-circular-needles-2\\\/#breadcrumb\",\"itemListElement\":[{\"@type\":\"ListItem\",\"position\":1,\"name\":\"Home\",\"item\":\"https:\\\/\\\/jollery-bunny.ee\\\/en\\\/\"},{\"@type\":\"ListItem\",\"position\":2,\"name\":\"Jollery-bunny e-Shop\",\"item\":\"https:\\\/\\\/jollery-bunny.ee\\\/en\\\/shop\\\/\"},{\"@type\":\"ListItem\",\"position\":3,\"name\":\"Interchangeable Circular Needles\"}]},{\"@type\":\"WebSite\",\"@id\":\"https:\\\/\\\/jollery-bunny.ee\\\/en\\\/#website\",\"url\":\"https:\\\/\\\/jollery-bunny.ee\\\/en\\\/\",\"name\":\"E-pood | Jollery-Bunny - Estonian Handicraft\",\"description\":\"Jolleri k\u00e4sit\u00f6\u00f6kamber\",\"publisher\":{\"@id\":\"https:\\\/\\\/jollery-bunny.ee\\\/en\\\/#organization\"},\"potentialAction\":[{\"@type\":\"SearchAction\",\"target\":{\"@type\":\"EntryPoint\",\"urlTemplate\":\"https:\\\/\\\/jollery-bunny.ee\\\/en\\\/?s={search_term_string}\"},\"query-input\":{\"@type\":\"PropertyValueSpecification\",\"valueRequired\":true,\"valueName\":\"search_term_string\"}}],\"inLanguage\":\"en-US\"},{\"@type\":\"Organization\",\"@id\":\"https:\\\/\\\/jollery-bunny.ee\\\/en\\\/#organization\",\"name\":\"Jolleri K\u00e4sit\u00f6\u00f6kamber\",\"url\":\"https:\\\/\\\/jollery-bunny.ee\\\/en\\\/\",\"logo\":{\"@type\":\"ImageObject\",\"inLanguage\":\"en-US\",\"@id\":\"https:\\\/\\\/jollery-bunny.ee\\\/en\\\/#\\\/schema\\\/logo\\\/image\\\/\",\"url\":\"https:\\\/\\\/jollery-bunny.ee\\\/wp-content\\\/uploads\\\/2013\\\/12\\\/logo.png\",\"contentUrl\":\"https:\\\/\\\/jollery-bunny.ee\\\/wp-content\\\/uploads\\\/2013\\\/12\\\/logo.png\",\"width\":583,\"height\":144,\"caption\":\"Jolleri K\u00e4sit\u00f6\u00f6kamber\"},\"image\":{\"@id\":\"https:\\\/\\\/jollery-bunny.ee\\\/en\\\/#\\\/schema\\\/logo\\\/image\\\/\"},\"sameAs\":[\"https:\\\/\\\/www.facebook.com\\\/jolleri\\\/\",\"https:\\\/\\\/www.instagram.com\\\/jollerybunny\\\/\"]}]}<\/script>\n<!-- \/ Yoast SEO plugin. -->","yoast_head_json":{"title":"Interchangeable Circular Needles - E-pood | Jollery-Bunny - Estonian Handicraft","description":"Has the lightness of birch and the strength of natural wood Needle tips made of birch wood Now available up to Jumbo size 25.00mm (US 50) Ideal for today\u2019s chunkier yarns Polished wood surface works effortlessly with every type of yarn without slowing down knitting rhythm A smooth join ensures easy stitch glide and no snagging Resilient, flexible cables lay flat with no kink or twist \u2013 easy to store Provides hours of pleasurable knitting with no hand fatigue Warm to the touch, and gentle in the hand - Interchangeable circular needles, Needles and Hooks","robots":{"index":"index","follow":"follow","max-snippet":"max-snippet:-1","max-image-preview":"max-image-preview:large","max-video-preview":"max-video-preview:-1"},"canonical":"https:\/\/jollery-bunny.ee\/en\/toode\/interchangeable-circular-needles-2\/","og_locale":"en_US","og_type":"article","og_title":"Interchangeable Circular Needles - E-pood | Jollery-Bunny - Estonian Handicraft","og_description":"Has the lightness of birch and the strength of natural wood Needle tips made of birch wood Now available up to Jumbo size 25.00mm (US 50) Ideal for today\u2019s chunkier yarns Polished wood surface works effortlessly with every type of yarn without slowing down knitting rhythm A smooth join ensures easy stitch glide and no snagging Resilient, flexible cables lay flat with no kink or twist \u2013 easy to store Provides hours of pleasurable knitting with no hand fatigue Warm to the touch, and gentle in the hand - Interchangeable circular needles, Needles and Hooks","og_url":"https:\/\/jollery-bunny.ee\/en\/toode\/interchangeable-circular-needles-2\/","og_site_name":"E-pood | Jollery-Bunny - Estonian Handicraft","article_publisher":"https:\/\/www.facebook.com\/jolleri\/","article_modified_time":"2020-11-14T17:09:17+00:00","og_image":[{"width":242,"height":145,"url":"https:\/\/jollery-bunny.ee\/wp-content\/uploads\/2020\/03\/242-x-145-BASIX-ICN-8.0mm.jpg","type":"image\/jpeg"}],"twitter_card":"summary_large_image","schema":{"@context":"https:\/\/schema.org","@graph":[{"@type":"WebPage","@id":"https:\/\/jollery-bunny.ee\/en\/toode\/interchangeable-circular-needles-2\/","url":"https:\/\/jollery-bunny.ee\/en\/toode\/interchangeable-circular-needles-2\/","name":"Interchangeable Circular Needles - E-pood | Jollery-Bunny - Estonian Handicraft","isPartOf":{"@id":"https:\/\/jollery-bunny.ee\/en\/#website"},"primaryImageOfPage":{"@id":"https:\/\/jollery-bunny.ee\/en\/toode\/interchangeable-circular-needles-2\/#primaryimage"},"image":{"@id":"https:\/\/jollery-bunny.ee\/en\/toode\/interchangeable-circular-needles-2\/#primaryimage"},"thumbnailUrl":"https:\/\/jollery-bunny.ee\/wp-content\/uploads\/2020\/03\/242-x-145-BASIX-ICN-8.0mm.jpg","datePublished":"2020-03-23T11:14:18+00:00","dateModified":"2020-11-14T17:09:17+00:00","description":"Has the lightness of birch and the strength of natural wood Needle tips made of birch wood Now available up to Jumbo size 25.00mm (US 50) Ideal for today\u2019s chunkier yarns Polished wood surface works effortlessly with every type of yarn without slowing down knitting rhythm A smooth join ensures easy stitch glide and no snagging Resilient, flexible cables lay flat with no kink or twist \u2013 easy to store Provides hours of pleasurable knitting with no hand fatigue Warm to the touch, and gentle in the hand - Interchangeable circular needles, Needles and Hooks","breadcrumb":{"@id":"https:\/\/jollery-bunny.ee\/en\/toode\/interchangeable-circular-needles-2\/#breadcrumb"},"inLanguage":"en-US","potentialAction":[{"@type":"ReadAction","target":["https:\/\/jollery-bunny.ee\/en\/toode\/interchangeable-circular-needles-2\/"]}]},{"@type":"ImageObject","inLanguage":"en-US","@id":"https:\/\/jollery-bunny.ee\/en\/toode\/interchangeable-circular-needles-2\/#primaryimage","url":"https:\/\/jollery-bunny.ee\/wp-content\/uploads\/2020\/03\/242-x-145-BASIX-ICN-8.0mm.jpg","contentUrl":"https:\/\/jollery-bunny.ee\/wp-content\/uploads\/2020\/03\/242-x-145-BASIX-ICN-8.0mm.jpg","width":242,"height":145},{"@type":"BreadcrumbList","@id":"https:\/\/jollery-bunny.ee\/en\/toode\/interchangeable-circular-needles-2\/#breadcrumb","itemListElement":[{"@type":"ListItem","position":1,"name":"Home","item":"https:\/\/jollery-bunny.ee\/en\/"},{"@type":"ListItem","position":2,"name":"Jollery-bunny e-Shop","item":"https:\/\/jollery-bunny.ee\/en\/shop\/"},{"@type":"ListItem","position":3,"name":"Interchangeable Circular Needles"}]},{"@type":"WebSite","@id":"https:\/\/jollery-bunny.ee\/en\/#website","url":"https:\/\/jollery-bunny.ee\/en\/","name":"E-pood | Jollery-Bunny - Estonian Handicraft","description":"Jolleri k\u00e4sit\u00f6\u00f6kamber","publisher":{"@id":"https:\/\/jollery-bunny.ee\/en\/#organization"},"potentialAction":[{"@type":"SearchAction","target":{"@type":"EntryPoint","urlTemplate":"https:\/\/jollery-bunny.ee\/en\/?s={search_term_string}"},"query-input":{"@type":"PropertyValueSpecification","valueRequired":true,"valueName":"search_term_string"}}],"inLanguage":"en-US"},{"@type":"Organization","@id":"https:\/\/jollery-bunny.ee\/en\/#organization","name":"Jolleri K\u00e4sit\u00f6\u00f6kamber","url":"https:\/\/jollery-bunny.ee\/en\/","logo":{"@type":"ImageObject","inLanguage":"en-US","@id":"https:\/\/jollery-bunny.ee\/en\/#\/schema\/logo\/image\/","url":"https:\/\/jollery-bunny.ee\/wp-content\/uploads\/2013\/12\/logo.png","contentUrl":"https:\/\/jollery-bunny.ee\/wp-content\/uploads\/2013\/12\/logo.png","width":583,"height":144,"caption":"Jolleri K\u00e4sit\u00f6\u00f6kamber"},"image":{"@id":"https:\/\/jollery-bunny.ee\/en\/#\/schema\/logo\/image\/"},"sameAs":["https:\/\/www.facebook.com\/jolleri\/","https:\/\/www.instagram.com\/jollerybunny\/"]}]}},"_links":{"self":[{"href":"https:\/\/jollery-bunny.ee\/en\/wp-json\/wp\/v2\/product\/11447","targetHints":{"allow":["GET"]}}],"collection":[{"href":"https:\/\/jollery-bunny.ee\/en\/wp-json\/wp\/v2\/product"}],"about":[{"href":"https:\/\/jollery-bunny.ee\/en\/wp-json\/wp\/v2\/types\/product"}],"replies":[{"embeddable":true,"href":"https:\/\/jollery-bunny.ee\/en\/wp-json\/wp\/v2\/comments?post=11447"}],"wp:featuredmedia":[{"embeddable":true,"href":"https:\/\/jollery-bunny.ee\/en\/wp-json\/wp\/v2\/media\/11448"}],"wp:attachment":[{"href":"https:\/\/jollery-bunny.ee\/en\/wp-json\/wp\/v2\/media?parent=11447"}],"wp:term":[{"taxonomy":"product_brand","embeddable":true,"href":"https:\/\/jollery-bunny.ee\/en\/wp-json\/wp\/v2\/product_brand?post=11447"},{"taxonomy":"product_cat","embeddable":true,"href":"https:\/\/jollery-bunny.ee\/en\/wp-json\/wp\/v2\/product_cat?post=11447"},{"taxonomy":"product_tag","embeddable":true,"href":"https:\/\/jollery-bunny.ee\/en\/wp-json\/wp\/v2\/product_tag?post=11447"}],"curies":[{"name":"wp","href":"https:\/\/api.w.org\/{rel}","templated":true}]}}