{"id":13009,"date":"2020-04-01T16:16:31","date_gmt":"2020-04-01T13:16:31","guid":{"rendered":"https:\/\/jollery-bunny.ee\/product\/bio-bamboo-4-2\/"},"modified":"2022-02-09T16:09:56","modified_gmt":"2022-02-09T14:09:56","slug":"bio-bamboo-4-2","status":"publish","type":"product","link":"https:\/\/jollery-bunny.ee\/en\/toode\/bio-bamboo-4-2\/","title":{"rendered":"Bio bamboo"},"content":{"rendered":"<p>Bio bamboo yarn is 100 % from bamboo. This is a beautiful, shiny and soft yarn. Bamboo is a natural antibacterial that means it has a cooling effect with hot temperatures . The fibre is strong and has protecting properties against UV- rays. It also has a good ability to absorb humidity actually 3 to 4 times more than cotton and also dries faster than cotton.<br \/>\nHandwash only.<\/p>\n<p>100 gr \u2013 175 m<\/p>\n","protected":false},"excerpt":{"rendered":"<p>100% Bambuskiust l\u00f5ng Pehme, siidine, imeilus l\u00f5ng, mis on \u00f6koloogiline, UV kaitsega, hingav, antibakteriaarne ja allergeenide vaba. Bambuse l\u00f5ngast tehtud toodeid pesta ainult k\u00e4sitsi, siis s\u00e4ilitavad bambuse l\u00f5nga imep\u00e4rased omadused. 100 gr-175 meetrit<\/p>\n","protected":false},"featured_media":13010,"comment_status":"open","ping_status":"closed","template":"","meta":[],"product_brand":[],"product_cat":[133,95],"product_tag":[],"class_list":{"0":"post-13009","1":"product","2":"type-product","3":"status-publish","4":"has-post-thumbnail","6":"product_cat-bamboo","7":"product_cat-ecoyarn","9":"first","10":"instock","11":"shipping-taxable","12":"purchasable","13":"product-type-variable"},"yoast_head":"<!-- This site is optimized with the Yoast SEO plugin v27.3 - https:\/\/yoast.com\/product\/yoast-seo-wordpress\/ -->\n<title>Bio bamboo - E-pood | Jollery-Bunny - Estonian Handicraft<\/title>\n<meta name=\"description\" content=\"100% Bambuskiust l\u00f5ng Pehme, siidine, imeilus l\u00f5ng, mis on \u00f6koloogiline, UV kaitsega, hingav, antibakteriaarne ja allergeenide vaba.  Bambuse l\u00f5ngast tehtud toodeid pesta ainult k\u00e4sitsi, siis s\u00e4ilitavad bambuse l\u00f5nga imep\u00e4rased omadused.  100 gr-175 meetrit - Bamboo, Ecoyarn\" \/>\n<meta name=\"robots\" content=\"index, follow, max-snippet:-1, max-image-preview:large, max-video-preview:-1\" \/>\n<link rel=\"canonical\" href=\"https:\/\/jollery-bunny.ee\/en\/toode\/bio-bamboo-4-2\/\" \/>\n<meta property=\"og:locale\" content=\"en_US\" \/>\n<meta property=\"og:type\" content=\"article\" \/>\n<meta property=\"og:title\" content=\"Bio bamboo - E-pood | Jollery-Bunny - Estonian Handicraft\" \/>\n<meta property=\"og:description\" content=\"100% Bambuskiust l\u00f5ng Pehme, siidine, imeilus l\u00f5ng, mis on \u00f6koloogiline, UV kaitsega, hingav, antibakteriaarne ja allergeenide vaba.  Bambuse l\u00f5ngast tehtud toodeid pesta ainult k\u00e4sitsi, siis s\u00e4ilitavad bambuse l\u00f5nga imep\u00e4rased omadused.  100 gr-175 meetrit - Bamboo, Ecoyarn\" \/>\n<meta property=\"og:url\" content=\"https:\/\/jollery-bunny.ee\/en\/toode\/bio-bamboo-4-2\/\" \/>\n<meta property=\"og:site_name\" content=\"E-pood | Jollery-Bunny - Estonian Handicraft\" \/>\n<meta property=\"article:publisher\" content=\"https:\/\/www.facebook.com\/jolleri\/\" \/>\n<meta property=\"article:modified_time\" content=\"2022-02-09T14:09:56+00:00\" \/>\n<meta property=\"og:image\" content=\"https:\/\/jollery-bunny.ee\/wp-content\/uploads\/2020\/04\/Bio-Bamboo-16.jpg\" \/>\n\t<meta property=\"og:image:width\" content=\"886\" \/>\n\t<meta property=\"og:image:height\" content=\"886\" \/>\n\t<meta property=\"og:image:type\" content=\"image\/jpeg\" \/>\n<meta name=\"twitter:card\" content=\"summary_large_image\" \/>\n<script type=\"application\/ld+json\" class=\"yoast-schema-graph\">{\"@context\":\"https:\\\/\\\/schema.org\",\"@graph\":[{\"@type\":\"WebPage\",\"@id\":\"https:\\\/\\\/jollery-bunny.ee\\\/en\\\/toode\\\/bio-bamboo-4-2\\\/\",\"url\":\"https:\\\/\\\/jollery-bunny.ee\\\/en\\\/toode\\\/bio-bamboo-4-2\\\/\",\"name\":\"Bio bamboo - E-pood | Jollery-Bunny - Estonian Handicraft\",\"isPartOf\":{\"@id\":\"https:\\\/\\\/jollery-bunny.ee\\\/en\\\/#website\"},\"primaryImageOfPage\":{\"@id\":\"https:\\\/\\\/jollery-bunny.ee\\\/en\\\/toode\\\/bio-bamboo-4-2\\\/#primaryimage\"},\"image\":{\"@id\":\"https:\\\/\\\/jollery-bunny.ee\\\/en\\\/toode\\\/bio-bamboo-4-2\\\/#primaryimage\"},\"thumbnailUrl\":\"https:\\\/\\\/jollery-bunny.ee\\\/wp-content\\\/uploads\\\/2020\\\/04\\\/Bio-Bamboo-16.jpg\",\"datePublished\":\"2020-04-01T13:16:31+00:00\",\"dateModified\":\"2022-02-09T14:09:56+00:00\",\"description\":\"100% Bambuskiust l\u00f5ng Pehme, siidine, imeilus l\u00f5ng, mis on \u00f6koloogiline, UV kaitsega, hingav, antibakteriaarne ja allergeenide vaba. Bambuse l\u00f5ngast tehtud toodeid pesta ainult k\u00e4sitsi, siis s\u00e4ilitavad bambuse l\u00f5nga imep\u00e4rased omadused. 100 gr-175 meetrit - Bamboo, Ecoyarn\",\"breadcrumb\":{\"@id\":\"https:\\\/\\\/jollery-bunny.ee\\\/en\\\/toode\\\/bio-bamboo-4-2\\\/#breadcrumb\"},\"inLanguage\":\"en-US\",\"potentialAction\":[{\"@type\":\"ReadAction\",\"target\":[\"https:\\\/\\\/jollery-bunny.ee\\\/en\\\/toode\\\/bio-bamboo-4-2\\\/\"]}]},{\"@type\":\"ImageObject\",\"inLanguage\":\"en-US\",\"@id\":\"https:\\\/\\\/jollery-bunny.ee\\\/en\\\/toode\\\/bio-bamboo-4-2\\\/#primaryimage\",\"url\":\"https:\\\/\\\/jollery-bunny.ee\\\/wp-content\\\/uploads\\\/2020\\\/04\\\/Bio-Bamboo-16.jpg\",\"contentUrl\":\"https:\\\/\\\/jollery-bunny.ee\\\/wp-content\\\/uploads\\\/2020\\\/04\\\/Bio-Bamboo-16.jpg\",\"width\":886,\"height\":886},{\"@type\":\"BreadcrumbList\",\"@id\":\"https:\\\/\\\/jollery-bunny.ee\\\/en\\\/toode\\\/bio-bamboo-4-2\\\/#breadcrumb\",\"itemListElement\":[{\"@type\":\"ListItem\",\"position\":1,\"name\":\"Home\",\"item\":\"https:\\\/\\\/jollery-bunny.ee\\\/en\\\/\"},{\"@type\":\"ListItem\",\"position\":2,\"name\":\"Jollery-bunny e-Shop\",\"item\":\"https:\\\/\\\/jollery-bunny.ee\\\/en\\\/shop\\\/\"},{\"@type\":\"ListItem\",\"position\":3,\"name\":\"Bio bamboo\"}]},{\"@type\":\"WebSite\",\"@id\":\"https:\\\/\\\/jollery-bunny.ee\\\/en\\\/#website\",\"url\":\"https:\\\/\\\/jollery-bunny.ee\\\/en\\\/\",\"name\":\"E-pood | Jollery-Bunny - Estonian Handicraft\",\"description\":\"Jolleri k\u00e4sit\u00f6\u00f6kamber\",\"publisher\":{\"@id\":\"https:\\\/\\\/jollery-bunny.ee\\\/en\\\/#organization\"},\"potentialAction\":[{\"@type\":\"SearchAction\",\"target\":{\"@type\":\"EntryPoint\",\"urlTemplate\":\"https:\\\/\\\/jollery-bunny.ee\\\/en\\\/?s={search_term_string}\"},\"query-input\":{\"@type\":\"PropertyValueSpecification\",\"valueRequired\":true,\"valueName\":\"search_term_string\"}}],\"inLanguage\":\"en-US\"},{\"@type\":\"Organization\",\"@id\":\"https:\\\/\\\/jollery-bunny.ee\\\/en\\\/#organization\",\"name\":\"Jolleri K\u00e4sit\u00f6\u00f6kamber\",\"url\":\"https:\\\/\\\/jollery-bunny.ee\\\/en\\\/\",\"logo\":{\"@type\":\"ImageObject\",\"inLanguage\":\"en-US\",\"@id\":\"https:\\\/\\\/jollery-bunny.ee\\\/en\\\/#\\\/schema\\\/logo\\\/image\\\/\",\"url\":\"https:\\\/\\\/jollery-bunny.ee\\\/wp-content\\\/uploads\\\/2013\\\/12\\\/logo.png\",\"contentUrl\":\"https:\\\/\\\/jollery-bunny.ee\\\/wp-content\\\/uploads\\\/2013\\\/12\\\/logo.png\",\"width\":583,\"height\":144,\"caption\":\"Jolleri K\u00e4sit\u00f6\u00f6kamber\"},\"image\":{\"@id\":\"https:\\\/\\\/jollery-bunny.ee\\\/en\\\/#\\\/schema\\\/logo\\\/image\\\/\"},\"sameAs\":[\"https:\\\/\\\/www.facebook.com\\\/jolleri\\\/\",\"https:\\\/\\\/www.instagram.com\\\/jollerybunny\\\/\"]}]}<\/script>\n<!-- \/ Yoast SEO plugin. -->","yoast_head_json":{"title":"Bio bamboo - E-pood | Jollery-Bunny - Estonian Handicraft","description":"100% Bambuskiust l\u00f5ng Pehme, siidine, imeilus l\u00f5ng, mis on \u00f6koloogiline, UV kaitsega, hingav, antibakteriaarne ja allergeenide vaba.  Bambuse l\u00f5ngast tehtud toodeid pesta ainult k\u00e4sitsi, siis s\u00e4ilitavad bambuse l\u00f5nga imep\u00e4rased omadused.  100 gr-175 meetrit - Bamboo, Ecoyarn","robots":{"index":"index","follow":"follow","max-snippet":"max-snippet:-1","max-image-preview":"max-image-preview:large","max-video-preview":"max-video-preview:-1"},"canonical":"https:\/\/jollery-bunny.ee\/en\/toode\/bio-bamboo-4-2\/","og_locale":"en_US","og_type":"article","og_title":"Bio bamboo - E-pood | Jollery-Bunny - Estonian Handicraft","og_description":"100% Bambuskiust l\u00f5ng Pehme, siidine, imeilus l\u00f5ng, mis on \u00f6koloogiline, UV kaitsega, hingav, antibakteriaarne ja allergeenide vaba.  Bambuse l\u00f5ngast tehtud toodeid pesta ainult k\u00e4sitsi, siis s\u00e4ilitavad bambuse l\u00f5nga imep\u00e4rased omadused.  100 gr-175 meetrit - Bamboo, Ecoyarn","og_url":"https:\/\/jollery-bunny.ee\/en\/toode\/bio-bamboo-4-2\/","og_site_name":"E-pood | Jollery-Bunny - Estonian Handicraft","article_publisher":"https:\/\/www.facebook.com\/jolleri\/","article_modified_time":"2022-02-09T14:09:56+00:00","og_image":[{"width":886,"height":886,"url":"https:\/\/jollery-bunny.ee\/wp-content\/uploads\/2020\/04\/Bio-Bamboo-16.jpg","type":"image\/jpeg"}],"twitter_card":"summary_large_image","schema":{"@context":"https:\/\/schema.org","@graph":[{"@type":"WebPage","@id":"https:\/\/jollery-bunny.ee\/en\/toode\/bio-bamboo-4-2\/","url":"https:\/\/jollery-bunny.ee\/en\/toode\/bio-bamboo-4-2\/","name":"Bio bamboo - E-pood | Jollery-Bunny - Estonian Handicraft","isPartOf":{"@id":"https:\/\/jollery-bunny.ee\/en\/#website"},"primaryImageOfPage":{"@id":"https:\/\/jollery-bunny.ee\/en\/toode\/bio-bamboo-4-2\/#primaryimage"},"image":{"@id":"https:\/\/jollery-bunny.ee\/en\/toode\/bio-bamboo-4-2\/#primaryimage"},"thumbnailUrl":"https:\/\/jollery-bunny.ee\/wp-content\/uploads\/2020\/04\/Bio-Bamboo-16.jpg","datePublished":"2020-04-01T13:16:31+00:00","dateModified":"2022-02-09T14:09:56+00:00","description":"100% Bambuskiust l\u00f5ng Pehme, siidine, imeilus l\u00f5ng, mis on \u00f6koloogiline, UV kaitsega, hingav, antibakteriaarne ja allergeenide vaba. Bambuse l\u00f5ngast tehtud toodeid pesta ainult k\u00e4sitsi, siis s\u00e4ilitavad bambuse l\u00f5nga imep\u00e4rased omadused. 100 gr-175 meetrit - Bamboo, Ecoyarn","breadcrumb":{"@id":"https:\/\/jollery-bunny.ee\/en\/toode\/bio-bamboo-4-2\/#breadcrumb"},"inLanguage":"en-US","potentialAction":[{"@type":"ReadAction","target":["https:\/\/jollery-bunny.ee\/en\/toode\/bio-bamboo-4-2\/"]}]},{"@type":"ImageObject","inLanguage":"en-US","@id":"https:\/\/jollery-bunny.ee\/en\/toode\/bio-bamboo-4-2\/#primaryimage","url":"https:\/\/jollery-bunny.ee\/wp-content\/uploads\/2020\/04\/Bio-Bamboo-16.jpg","contentUrl":"https:\/\/jollery-bunny.ee\/wp-content\/uploads\/2020\/04\/Bio-Bamboo-16.jpg","width":886,"height":886},{"@type":"BreadcrumbList","@id":"https:\/\/jollery-bunny.ee\/en\/toode\/bio-bamboo-4-2\/#breadcrumb","itemListElement":[{"@type":"ListItem","position":1,"name":"Home","item":"https:\/\/jollery-bunny.ee\/en\/"},{"@type":"ListItem","position":2,"name":"Jollery-bunny e-Shop","item":"https:\/\/jollery-bunny.ee\/en\/shop\/"},{"@type":"ListItem","position":3,"name":"Bio bamboo"}]},{"@type":"WebSite","@id":"https:\/\/jollery-bunny.ee\/en\/#website","url":"https:\/\/jollery-bunny.ee\/en\/","name":"E-pood | Jollery-Bunny - Estonian Handicraft","description":"Jolleri k\u00e4sit\u00f6\u00f6kamber","publisher":{"@id":"https:\/\/jollery-bunny.ee\/en\/#organization"},"potentialAction":[{"@type":"SearchAction","target":{"@type":"EntryPoint","urlTemplate":"https:\/\/jollery-bunny.ee\/en\/?s={search_term_string}"},"query-input":{"@type":"PropertyValueSpecification","valueRequired":true,"valueName":"search_term_string"}}],"inLanguage":"en-US"},{"@type":"Organization","@id":"https:\/\/jollery-bunny.ee\/en\/#organization","name":"Jolleri K\u00e4sit\u00f6\u00f6kamber","url":"https:\/\/jollery-bunny.ee\/en\/","logo":{"@type":"ImageObject","inLanguage":"en-US","@id":"https:\/\/jollery-bunny.ee\/en\/#\/schema\/logo\/image\/","url":"https:\/\/jollery-bunny.ee\/wp-content\/uploads\/2013\/12\/logo.png","contentUrl":"https:\/\/jollery-bunny.ee\/wp-content\/uploads\/2013\/12\/logo.png","width":583,"height":144,"caption":"Jolleri K\u00e4sit\u00f6\u00f6kamber"},"image":{"@id":"https:\/\/jollery-bunny.ee\/en\/#\/schema\/logo\/image\/"},"sameAs":["https:\/\/www.facebook.com\/jolleri\/","https:\/\/www.instagram.com\/jollerybunny\/"]}]}},"_links":{"self":[{"href":"https:\/\/jollery-bunny.ee\/en\/wp-json\/wp\/v2\/product\/13009","targetHints":{"allow":["GET"]}}],"collection":[{"href":"https:\/\/jollery-bunny.ee\/en\/wp-json\/wp\/v2\/product"}],"about":[{"href":"https:\/\/jollery-bunny.ee\/en\/wp-json\/wp\/v2\/types\/product"}],"replies":[{"embeddable":true,"href":"https:\/\/jollery-bunny.ee\/en\/wp-json\/wp\/v2\/comments?post=13009"}],"wp:featuredmedia":[{"embeddable":true,"href":"https:\/\/jollery-bunny.ee\/en\/wp-json\/wp\/v2\/media\/13010"}],"wp:attachment":[{"href":"https:\/\/jollery-bunny.ee\/en\/wp-json\/wp\/v2\/media?parent=13009"}],"wp:term":[{"taxonomy":"product_brand","embeddable":true,"href":"https:\/\/jollery-bunny.ee\/en\/wp-json\/wp\/v2\/product_brand?post=13009"},{"taxonomy":"product_cat","embeddable":true,"href":"https:\/\/jollery-bunny.ee\/en\/wp-json\/wp\/v2\/product_cat?post=13009"},{"taxonomy":"product_tag","embeddable":true,"href":"https:\/\/jollery-bunny.ee\/en\/wp-json\/wp\/v2\/product_tag?post=13009"}],"curies":[{"name":"wp","href":"https:\/\/api.w.org\/{rel}","templated":true}]}}