{"id":13148,"date":"2019-12-09T17:36:52","date_gmt":"2019-12-09T15:36:52","guid":{"rendered":"https:\/\/jollery-bunny.ee\/product\/drops-brushed-alpaca-silk-6\/"},"modified":"2025-10-17T14:28:19","modified_gmt":"2025-10-17T11:28:19","slug":"drops-brushed-alpaca-silk-6","status":"publish","type":"product","link":"https:\/\/jollery-bunny.ee\/en\/toode\/drops-brushed-alpaca-silk-6\/","title":{"rendered":"Drops Brushed Alpaca Silk"},"content":{"rendered":"<p><!--:--><!--:en-->A luxurious blend of brushed alpaca and mulberry silk.<br \/>\n77% Alpaca, 23% Silk<br \/>\n25 g = approx 140 m<br \/>\nRecommended needle size: 5 mm<br \/>\nA luxurious yarn in an exclusive mix of brushed, superfine alpaca and subtle shiny silk!<br \/>\nThis yarn feather light and surprisingly warm features make it suitable for both small and large garments, and it can be knitted relatively fast on larger needles.<\/p>\n<p>DROPS Brushed Alpaca Silk can be used as an effect yarn when worked together with other yarns for lovely soft results!<br \/>\nMade in Peru<\/p>\n","protected":false},"excerpt":{"rendered":"<p>A luxurious blend of brushed alpaca and mulberry silk. 77% Alpaca, 23% Silk 25 g = approx 140 m Recommended needle size: 5 mm A luxurious yarn in an exclusive mix of brushed, superfine alpaca and subtle shiny silk! This yarn feather light and surprisingly warm features make it suitable for both small and large [&hellip;]<\/p>\n","protected":false},"featured_media":13150,"comment_status":"open","ping_status":"closed","template":"","meta":[],"product_brand":[],"product_cat":[129,94],"product_tag":[],"class_list":{"0":"post-13148","1":"product","2":"type-product","3":"status-publish","4":"has-post-thumbnail","6":"product_cat-alpaka-wool","7":"product_cat-silk-yarn","9":"first","10":"instock","11":"shipping-taxable","12":"purchasable","13":"product-type-variable"},"yoast_head":"<!-- This site is optimized with the Yoast SEO plugin v27.3 - https:\/\/yoast.com\/product\/yoast-seo-wordpress\/ -->\n<title>Drops Brushed Alpaca Silk - E-pood | Jollery-Bunny - Estonian Handicraft<\/title>\n<meta name=\"description\" content=\"A luxurious blend of brushed alpaca and mulberry silk. 77% Alpaca, 23% Silk 25 g = approx 140 m Recommended needle size: 5 mm A luxurious yarn in an exclusive mix of brushed, superfine alpaca and subtle shiny silk! This yarn feather light and surprisingly warm features make it suitable for both small and large garments, and it can be knitted relatively fast on larger needles.  DROPS Brushed Alpaca Silk can be used as an effect yarn when worked together with other yarns for lovely soft results! Made in Peru - Alpaka wool, Silk yarn\" \/>\n<meta name=\"robots\" content=\"index, follow, max-snippet:-1, max-image-preview:large, max-video-preview:-1\" \/>\n<link rel=\"canonical\" href=\"https:\/\/jollery-bunny.ee\/en\/toode\/drops-brushed-alpaca-silk-6\/\" \/>\n<meta property=\"og:locale\" content=\"en_US\" \/>\n<meta property=\"og:type\" content=\"article\" \/>\n<meta property=\"og:title\" content=\"Drops Brushed Alpaca Silk - E-pood | Jollery-Bunny - Estonian Handicraft\" \/>\n<meta property=\"og:description\" content=\"A luxurious blend of brushed alpaca and mulberry silk. 77% Alpaca, 23% Silk 25 g = approx 140 m Recommended needle size: 5 mm A luxurious yarn in an exclusive mix of brushed, superfine alpaca and subtle shiny silk! This yarn feather light and surprisingly warm features make it suitable for both small and large garments, and it can be knitted relatively fast on larger needles.  DROPS Brushed Alpaca Silk can be used as an effect yarn when worked together with other yarns for lovely soft results! Made in Peru - Alpaka wool, Silk yarn\" \/>\n<meta property=\"og:url\" content=\"https:\/\/jollery-bunny.ee\/en\/toode\/drops-brushed-alpaca-silk-6\/\" \/>\n<meta property=\"og:site_name\" content=\"E-pood | Jollery-Bunny - Estonian Handicraft\" \/>\n<meta property=\"article:publisher\" content=\"https:\/\/www.facebook.com\/jolleri\/\" \/>\n<meta property=\"article:modified_time\" content=\"2025-10-17T11:28:19+00:00\" \/>\n<meta property=\"og:image\" content=\"https:\/\/jollery-bunny.ee\/wp-content\/uploads\/2019\/12\/brushed-02.jpg\" \/>\n\t<meta property=\"og:image:width\" content=\"300\" \/>\n\t<meta property=\"og:image:height\" content=\"300\" \/>\n\t<meta property=\"og:image:type\" content=\"image\/jpeg\" \/>\n<meta name=\"twitter:card\" content=\"summary_large_image\" \/>\n<script type=\"application\/ld+json\" class=\"yoast-schema-graph\">{\"@context\":\"https:\\\/\\\/schema.org\",\"@graph\":[{\"@type\":\"WebPage\",\"@id\":\"https:\\\/\\\/jollery-bunny.ee\\\/en\\\/toode\\\/drops-brushed-alpaca-silk-6\\\/\",\"url\":\"https:\\\/\\\/jollery-bunny.ee\\\/en\\\/toode\\\/drops-brushed-alpaca-silk-6\\\/\",\"name\":\"Drops Brushed Alpaca Silk - E-pood | Jollery-Bunny - Estonian Handicraft\",\"isPartOf\":{\"@id\":\"https:\\\/\\\/jollery-bunny.ee\\\/en\\\/#website\"},\"primaryImageOfPage\":{\"@id\":\"https:\\\/\\\/jollery-bunny.ee\\\/en\\\/toode\\\/drops-brushed-alpaca-silk-6\\\/#primaryimage\"},\"image\":{\"@id\":\"https:\\\/\\\/jollery-bunny.ee\\\/en\\\/toode\\\/drops-brushed-alpaca-silk-6\\\/#primaryimage\"},\"thumbnailUrl\":\"https:\\\/\\\/jollery-bunny.ee\\\/wp-content\\\/uploads\\\/2019\\\/12\\\/brushed-02.jpg\",\"datePublished\":\"2019-12-09T15:36:52+00:00\",\"dateModified\":\"2025-10-17T11:28:19+00:00\",\"description\":\"A luxurious blend of brushed alpaca and mulberry silk. 77% Alpaca, 23% Silk 25 g = approx 140 m Recommended needle size: 5 mm A luxurious yarn in an exclusive mix of brushed, superfine alpaca and subtle shiny silk! This yarn feather light and surprisingly warm features make it suitable for both small and large garments, and it can be knitted relatively fast on larger needles. DROPS Brushed Alpaca Silk can be used as an effect yarn when worked together with other yarns for lovely soft results! Made in Peru - Alpaka wool, Silk yarn\",\"breadcrumb\":{\"@id\":\"https:\\\/\\\/jollery-bunny.ee\\\/en\\\/toode\\\/drops-brushed-alpaca-silk-6\\\/#breadcrumb\"},\"inLanguage\":\"en-US\",\"potentialAction\":[{\"@type\":\"ReadAction\",\"target\":[\"https:\\\/\\\/jollery-bunny.ee\\\/en\\\/toode\\\/drops-brushed-alpaca-silk-6\\\/\"]}]},{\"@type\":\"ImageObject\",\"inLanguage\":\"en-US\",\"@id\":\"https:\\\/\\\/jollery-bunny.ee\\\/en\\\/toode\\\/drops-brushed-alpaca-silk-6\\\/#primaryimage\",\"url\":\"https:\\\/\\\/jollery-bunny.ee\\\/wp-content\\\/uploads\\\/2019\\\/12\\\/brushed-02.jpg\",\"contentUrl\":\"https:\\\/\\\/jollery-bunny.ee\\\/wp-content\\\/uploads\\\/2019\\\/12\\\/brushed-02.jpg\",\"width\":300,\"height\":300},{\"@type\":\"BreadcrumbList\",\"@id\":\"https:\\\/\\\/jollery-bunny.ee\\\/en\\\/toode\\\/drops-brushed-alpaca-silk-6\\\/#breadcrumb\",\"itemListElement\":[{\"@type\":\"ListItem\",\"position\":1,\"name\":\"Home\",\"item\":\"https:\\\/\\\/jollery-bunny.ee\\\/en\\\/\"},{\"@type\":\"ListItem\",\"position\":2,\"name\":\"Jollery-bunny e-Shop\",\"item\":\"https:\\\/\\\/jollery-bunny.ee\\\/en\\\/shop\\\/\"},{\"@type\":\"ListItem\",\"position\":3,\"name\":\"Drops Brushed Alpaca Silk\"}]},{\"@type\":\"WebSite\",\"@id\":\"https:\\\/\\\/jollery-bunny.ee\\\/en\\\/#website\",\"url\":\"https:\\\/\\\/jollery-bunny.ee\\\/en\\\/\",\"name\":\"E-pood | Jollery-Bunny - Estonian Handicraft\",\"description\":\"Jolleri k\u00e4sit\u00f6\u00f6kamber\",\"publisher\":{\"@id\":\"https:\\\/\\\/jollery-bunny.ee\\\/en\\\/#organization\"},\"potentialAction\":[{\"@type\":\"SearchAction\",\"target\":{\"@type\":\"EntryPoint\",\"urlTemplate\":\"https:\\\/\\\/jollery-bunny.ee\\\/en\\\/?s={search_term_string}\"},\"query-input\":{\"@type\":\"PropertyValueSpecification\",\"valueRequired\":true,\"valueName\":\"search_term_string\"}}],\"inLanguage\":\"en-US\"},{\"@type\":\"Organization\",\"@id\":\"https:\\\/\\\/jollery-bunny.ee\\\/en\\\/#organization\",\"name\":\"Jolleri K\u00e4sit\u00f6\u00f6kamber\",\"url\":\"https:\\\/\\\/jollery-bunny.ee\\\/en\\\/\",\"logo\":{\"@type\":\"ImageObject\",\"inLanguage\":\"en-US\",\"@id\":\"https:\\\/\\\/jollery-bunny.ee\\\/en\\\/#\\\/schema\\\/logo\\\/image\\\/\",\"url\":\"https:\\\/\\\/jollery-bunny.ee\\\/wp-content\\\/uploads\\\/2013\\\/12\\\/logo.png\",\"contentUrl\":\"https:\\\/\\\/jollery-bunny.ee\\\/wp-content\\\/uploads\\\/2013\\\/12\\\/logo.png\",\"width\":583,\"height\":144,\"caption\":\"Jolleri K\u00e4sit\u00f6\u00f6kamber\"},\"image\":{\"@id\":\"https:\\\/\\\/jollery-bunny.ee\\\/en\\\/#\\\/schema\\\/logo\\\/image\\\/\"},\"sameAs\":[\"https:\\\/\\\/www.facebook.com\\\/jolleri\\\/\",\"https:\\\/\\\/www.instagram.com\\\/jollerybunny\\\/\"]}]}<\/script>\n<!-- \/ Yoast SEO plugin. -->","yoast_head_json":{"title":"Drops Brushed Alpaca Silk - E-pood | Jollery-Bunny - Estonian Handicraft","description":"A luxurious blend of brushed alpaca and mulberry silk. 77% Alpaca, 23% Silk 25 g = approx 140 m Recommended needle size: 5 mm A luxurious yarn in an exclusive mix of brushed, superfine alpaca and subtle shiny silk! This yarn feather light and surprisingly warm features make it suitable for both small and large garments, and it can be knitted relatively fast on larger needles.  DROPS Brushed Alpaca Silk can be used as an effect yarn when worked together with other yarns for lovely soft results! Made in Peru - Alpaka wool, Silk yarn","robots":{"index":"index","follow":"follow","max-snippet":"max-snippet:-1","max-image-preview":"max-image-preview:large","max-video-preview":"max-video-preview:-1"},"canonical":"https:\/\/jollery-bunny.ee\/en\/toode\/drops-brushed-alpaca-silk-6\/","og_locale":"en_US","og_type":"article","og_title":"Drops Brushed Alpaca Silk - E-pood | Jollery-Bunny - Estonian Handicraft","og_description":"A luxurious blend of brushed alpaca and mulberry silk. 77% Alpaca, 23% Silk 25 g = approx 140 m Recommended needle size: 5 mm A luxurious yarn in an exclusive mix of brushed, superfine alpaca and subtle shiny silk! This yarn feather light and surprisingly warm features make it suitable for both small and large garments, and it can be knitted relatively fast on larger needles.  DROPS Brushed Alpaca Silk can be used as an effect yarn when worked together with other yarns for lovely soft results! Made in Peru - Alpaka wool, Silk yarn","og_url":"https:\/\/jollery-bunny.ee\/en\/toode\/drops-brushed-alpaca-silk-6\/","og_site_name":"E-pood | Jollery-Bunny - Estonian Handicraft","article_publisher":"https:\/\/www.facebook.com\/jolleri\/","article_modified_time":"2025-10-17T11:28:19+00:00","og_image":[{"width":300,"height":300,"url":"https:\/\/jollery-bunny.ee\/wp-content\/uploads\/2019\/12\/brushed-02.jpg","type":"image\/jpeg"}],"twitter_card":"summary_large_image","schema":{"@context":"https:\/\/schema.org","@graph":[{"@type":"WebPage","@id":"https:\/\/jollery-bunny.ee\/en\/toode\/drops-brushed-alpaca-silk-6\/","url":"https:\/\/jollery-bunny.ee\/en\/toode\/drops-brushed-alpaca-silk-6\/","name":"Drops Brushed Alpaca Silk - E-pood | Jollery-Bunny - Estonian Handicraft","isPartOf":{"@id":"https:\/\/jollery-bunny.ee\/en\/#website"},"primaryImageOfPage":{"@id":"https:\/\/jollery-bunny.ee\/en\/toode\/drops-brushed-alpaca-silk-6\/#primaryimage"},"image":{"@id":"https:\/\/jollery-bunny.ee\/en\/toode\/drops-brushed-alpaca-silk-6\/#primaryimage"},"thumbnailUrl":"https:\/\/jollery-bunny.ee\/wp-content\/uploads\/2019\/12\/brushed-02.jpg","datePublished":"2019-12-09T15:36:52+00:00","dateModified":"2025-10-17T11:28:19+00:00","description":"A luxurious blend of brushed alpaca and mulberry silk. 77% Alpaca, 23% Silk 25 g = approx 140 m Recommended needle size: 5 mm A luxurious yarn in an exclusive mix of brushed, superfine alpaca and subtle shiny silk! This yarn feather light and surprisingly warm features make it suitable for both small and large garments, and it can be knitted relatively fast on larger needles. DROPS Brushed Alpaca Silk can be used as an effect yarn when worked together with other yarns for lovely soft results! Made in Peru - Alpaka wool, Silk yarn","breadcrumb":{"@id":"https:\/\/jollery-bunny.ee\/en\/toode\/drops-brushed-alpaca-silk-6\/#breadcrumb"},"inLanguage":"en-US","potentialAction":[{"@type":"ReadAction","target":["https:\/\/jollery-bunny.ee\/en\/toode\/drops-brushed-alpaca-silk-6\/"]}]},{"@type":"ImageObject","inLanguage":"en-US","@id":"https:\/\/jollery-bunny.ee\/en\/toode\/drops-brushed-alpaca-silk-6\/#primaryimage","url":"https:\/\/jollery-bunny.ee\/wp-content\/uploads\/2019\/12\/brushed-02.jpg","contentUrl":"https:\/\/jollery-bunny.ee\/wp-content\/uploads\/2019\/12\/brushed-02.jpg","width":300,"height":300},{"@type":"BreadcrumbList","@id":"https:\/\/jollery-bunny.ee\/en\/toode\/drops-brushed-alpaca-silk-6\/#breadcrumb","itemListElement":[{"@type":"ListItem","position":1,"name":"Home","item":"https:\/\/jollery-bunny.ee\/en\/"},{"@type":"ListItem","position":2,"name":"Jollery-bunny e-Shop","item":"https:\/\/jollery-bunny.ee\/en\/shop\/"},{"@type":"ListItem","position":3,"name":"Drops Brushed Alpaca Silk"}]},{"@type":"WebSite","@id":"https:\/\/jollery-bunny.ee\/en\/#website","url":"https:\/\/jollery-bunny.ee\/en\/","name":"E-pood | Jollery-Bunny - Estonian Handicraft","description":"Jolleri k\u00e4sit\u00f6\u00f6kamber","publisher":{"@id":"https:\/\/jollery-bunny.ee\/en\/#organization"},"potentialAction":[{"@type":"SearchAction","target":{"@type":"EntryPoint","urlTemplate":"https:\/\/jollery-bunny.ee\/en\/?s={search_term_string}"},"query-input":{"@type":"PropertyValueSpecification","valueRequired":true,"valueName":"search_term_string"}}],"inLanguage":"en-US"},{"@type":"Organization","@id":"https:\/\/jollery-bunny.ee\/en\/#organization","name":"Jolleri K\u00e4sit\u00f6\u00f6kamber","url":"https:\/\/jollery-bunny.ee\/en\/","logo":{"@type":"ImageObject","inLanguage":"en-US","@id":"https:\/\/jollery-bunny.ee\/en\/#\/schema\/logo\/image\/","url":"https:\/\/jollery-bunny.ee\/wp-content\/uploads\/2013\/12\/logo.png","contentUrl":"https:\/\/jollery-bunny.ee\/wp-content\/uploads\/2013\/12\/logo.png","width":583,"height":144,"caption":"Jolleri K\u00e4sit\u00f6\u00f6kamber"},"image":{"@id":"https:\/\/jollery-bunny.ee\/en\/#\/schema\/logo\/image\/"},"sameAs":["https:\/\/www.facebook.com\/jolleri\/","https:\/\/www.instagram.com\/jollerybunny\/"]}]}},"_links":{"self":[{"href":"https:\/\/jollery-bunny.ee\/en\/wp-json\/wp\/v2\/product\/13148","targetHints":{"allow":["GET"]}}],"collection":[{"href":"https:\/\/jollery-bunny.ee\/en\/wp-json\/wp\/v2\/product"}],"about":[{"href":"https:\/\/jollery-bunny.ee\/en\/wp-json\/wp\/v2\/types\/product"}],"replies":[{"embeddable":true,"href":"https:\/\/jollery-bunny.ee\/en\/wp-json\/wp\/v2\/comments?post=13148"}],"wp:featuredmedia":[{"embeddable":true,"href":"https:\/\/jollery-bunny.ee\/en\/wp-json\/wp\/v2\/media\/13150"}],"wp:attachment":[{"href":"https:\/\/jollery-bunny.ee\/en\/wp-json\/wp\/v2\/media?parent=13148"}],"wp:term":[{"taxonomy":"product_brand","embeddable":true,"href":"https:\/\/jollery-bunny.ee\/en\/wp-json\/wp\/v2\/product_brand?post=13148"},{"taxonomy":"product_cat","embeddable":true,"href":"https:\/\/jollery-bunny.ee\/en\/wp-json\/wp\/v2\/product_cat?post=13148"},{"taxonomy":"product_tag","embeddable":true,"href":"https:\/\/jollery-bunny.ee\/en\/wp-json\/wp\/v2\/product_tag?post=13148"}],"curies":[{"name":"wp","href":"https:\/\/api.w.org\/{rel}","templated":true}]}}