{"id":13253,"date":"2019-10-06T17:56:09","date_gmt":"2019-10-06T14:56:09","guid":{"rendered":"https:\/\/jollery-bunny.ee\/product\/happy-kiddy\/"},"modified":"2020-07-07T17:17:35","modified_gmt":"2020-07-07T14:17:35","slug":"happy-kiddy","status":"publish","type":"product","link":"https:\/\/jollery-bunny.ee\/en\/toode\/happy-kiddy\/","title":{"rendered":"Happy Kiddy"},"content":{"rendered":"","protected":false},"excerpt":{"rendered":"<p>100% acrylic 100 gr &#8211; 250 m Further development of Happy quality the new acrylic fibre causes the knitted material to resist the troublesome formation of small knots = pilling also with constant wear knots which form at severely stressed places during wear fall off during washing interesting colour progression, long rapport print perfect universal [&hellip;]<\/p>\n","protected":false},"featured_media":13254,"comment_status":"open","ping_status":"closed","template":"","meta":[],"product_brand":[],"product_cat":[116],"product_tag":[],"class_list":{"0":"post-13253","1":"product","2":"type-product","3":"status-publish","4":"has-post-thumbnail","6":"product_cat-for-babies","8":"first","9":"instock","10":"shipping-taxable","11":"purchasable","12":"product-type-variable"},"yoast_head":"<!-- This site is optimized with the Yoast SEO plugin v27.3 - https:\/\/yoast.com\/product\/yoast-seo-wordpress\/ -->\n<title>Happy Kiddy - E-pood | Jollery-Bunny - Estonian Handicraft<\/title>\n<meta name=\"description\" content=\"100% acrylic 100 gr - 250 m Further development of Happy quality the new acrylic fibre causes the knitted material to resist the troublesome formation of small knots = pilling also with constant wear knots which form at severely stressed places during wear fall off during washing interesting colour progression, long rapport print perfect universal yarn with wool-like character does not scratch on the skin, is warm and soft washable without complications dries quickly and holds its shape brilliant colouring easy to knit, glides easily over the needle stripe patterns are simply generated from one ball without having to change balls and &quot;sew the ends&quot; - For Babies\" \/>\n<meta name=\"robots\" content=\"index, follow, max-snippet:-1, max-image-preview:large, max-video-preview:-1\" \/>\n<link rel=\"canonical\" href=\"https:\/\/jollery-bunny.ee\/en\/toode\/happy-kiddy\/\" \/>\n<meta property=\"og:locale\" content=\"en_US\" \/>\n<meta property=\"og:type\" content=\"article\" \/>\n<meta property=\"og:title\" content=\"Happy Kiddy - E-pood | Jollery-Bunny - Estonian Handicraft\" \/>\n<meta property=\"og:description\" content=\"100% acrylic 100 gr - 250 m Further development of Happy quality the new acrylic fibre causes the knitted material to resist the troublesome formation of small knots = pilling also with constant wear knots which form at severely stressed places during wear fall off during washing interesting colour progression, long rapport print perfect universal yarn with wool-like character does not scratch on the skin, is warm and soft washable without complications dries quickly and holds its shape brilliant colouring easy to knit, glides easily over the needle stripe patterns are simply generated from one ball without having to change balls and &quot;sew the ends&quot; - For Babies\" \/>\n<meta property=\"og:url\" content=\"https:\/\/jollery-bunny.ee\/en\/toode\/happy-kiddy\/\" \/>\n<meta property=\"og:site_name\" content=\"E-pood | Jollery-Bunny - Estonian Handicraft\" \/>\n<meta property=\"article:publisher\" content=\"https:\/\/www.facebook.com\/jolleri\/\" \/>\n<meta property=\"article:modified_time\" content=\"2020-07-07T14:17:35+00:00\" \/>\n<meta property=\"og:image\" content=\"https:\/\/jollery-bunny.ee\/wp-content\/uploads\/2019\/10\/3456-02__Happy_Kiddy_thumb.jpg\" \/>\n\t<meta property=\"og:image:width\" content=\"120\" \/>\n\t<meta property=\"og:image:height\" content=\"80\" \/>\n\t<meta property=\"og:image:type\" content=\"image\/jpeg\" \/>\n<meta name=\"twitter:card\" content=\"summary_large_image\" \/>\n<script type=\"application\/ld+json\" class=\"yoast-schema-graph\">{\"@context\":\"https:\\\/\\\/schema.org\",\"@graph\":[{\"@type\":\"WebPage\",\"@id\":\"https:\\\/\\\/jollery-bunny.ee\\\/en\\\/toode\\\/happy-kiddy\\\/\",\"url\":\"https:\\\/\\\/jollery-bunny.ee\\\/en\\\/toode\\\/happy-kiddy\\\/\",\"name\":\"Happy Kiddy - E-pood | Jollery-Bunny - Estonian Handicraft\",\"isPartOf\":{\"@id\":\"https:\\\/\\\/jollery-bunny.ee\\\/en\\\/#website\"},\"primaryImageOfPage\":{\"@id\":\"https:\\\/\\\/jollery-bunny.ee\\\/en\\\/toode\\\/happy-kiddy\\\/#primaryimage\"},\"image\":{\"@id\":\"https:\\\/\\\/jollery-bunny.ee\\\/en\\\/toode\\\/happy-kiddy\\\/#primaryimage\"},\"thumbnailUrl\":\"https:\\\/\\\/jollery-bunny.ee\\\/wp-content\\\/uploads\\\/2019\\\/10\\\/3456-02__Happy_Kiddy_thumb.jpg\",\"datePublished\":\"2019-10-06T14:56:09+00:00\",\"dateModified\":\"2020-07-07T14:17:35+00:00\",\"description\":\"100% acrylic 100 gr - 250 m Further development of Happy quality the new acrylic fibre causes the knitted material to resist the troublesome formation of small knots = pilling also with constant wear knots which form at severely stressed places during wear fall off during washing interesting colour progression, long rapport print perfect universal yarn with wool-like character does not scratch on the skin, is warm and soft washable without complications dries quickly and holds its shape brilliant colouring easy to knit, glides easily over the needle stripe patterns are simply generated from one ball without having to change balls and \\\"sew the ends\\\" - For Babies\",\"breadcrumb\":{\"@id\":\"https:\\\/\\\/jollery-bunny.ee\\\/en\\\/toode\\\/happy-kiddy\\\/#breadcrumb\"},\"inLanguage\":\"en-US\",\"potentialAction\":[{\"@type\":\"ReadAction\",\"target\":[\"https:\\\/\\\/jollery-bunny.ee\\\/en\\\/toode\\\/happy-kiddy\\\/\"]}]},{\"@type\":\"ImageObject\",\"inLanguage\":\"en-US\",\"@id\":\"https:\\\/\\\/jollery-bunny.ee\\\/en\\\/toode\\\/happy-kiddy\\\/#primaryimage\",\"url\":\"https:\\\/\\\/jollery-bunny.ee\\\/wp-content\\\/uploads\\\/2019\\\/10\\\/3456-02__Happy_Kiddy_thumb.jpg\",\"contentUrl\":\"https:\\\/\\\/jollery-bunny.ee\\\/wp-content\\\/uploads\\\/2019\\\/10\\\/3456-02__Happy_Kiddy_thumb.jpg\",\"width\":120,\"height\":80},{\"@type\":\"BreadcrumbList\",\"@id\":\"https:\\\/\\\/jollery-bunny.ee\\\/en\\\/toode\\\/happy-kiddy\\\/#breadcrumb\",\"itemListElement\":[{\"@type\":\"ListItem\",\"position\":1,\"name\":\"Home\",\"item\":\"https:\\\/\\\/jollery-bunny.ee\\\/en\\\/\"},{\"@type\":\"ListItem\",\"position\":2,\"name\":\"Jollery-bunny e-Shop\",\"item\":\"https:\\\/\\\/jollery-bunny.ee\\\/en\\\/shop\\\/\"},{\"@type\":\"ListItem\",\"position\":3,\"name\":\"Happy Kiddy\"}]},{\"@type\":\"WebSite\",\"@id\":\"https:\\\/\\\/jollery-bunny.ee\\\/en\\\/#website\",\"url\":\"https:\\\/\\\/jollery-bunny.ee\\\/en\\\/\",\"name\":\"E-pood | Jollery-Bunny - Estonian Handicraft\",\"description\":\"Jolleri k\u00e4sit\u00f6\u00f6kamber\",\"publisher\":{\"@id\":\"https:\\\/\\\/jollery-bunny.ee\\\/en\\\/#organization\"},\"potentialAction\":[{\"@type\":\"SearchAction\",\"target\":{\"@type\":\"EntryPoint\",\"urlTemplate\":\"https:\\\/\\\/jollery-bunny.ee\\\/en\\\/?s={search_term_string}\"},\"query-input\":{\"@type\":\"PropertyValueSpecification\",\"valueRequired\":true,\"valueName\":\"search_term_string\"}}],\"inLanguage\":\"en-US\"},{\"@type\":\"Organization\",\"@id\":\"https:\\\/\\\/jollery-bunny.ee\\\/en\\\/#organization\",\"name\":\"Jolleri K\u00e4sit\u00f6\u00f6kamber\",\"url\":\"https:\\\/\\\/jollery-bunny.ee\\\/en\\\/\",\"logo\":{\"@type\":\"ImageObject\",\"inLanguage\":\"en-US\",\"@id\":\"https:\\\/\\\/jollery-bunny.ee\\\/en\\\/#\\\/schema\\\/logo\\\/image\\\/\",\"url\":\"https:\\\/\\\/jollery-bunny.ee\\\/wp-content\\\/uploads\\\/2013\\\/12\\\/logo.png\",\"contentUrl\":\"https:\\\/\\\/jollery-bunny.ee\\\/wp-content\\\/uploads\\\/2013\\\/12\\\/logo.png\",\"width\":583,\"height\":144,\"caption\":\"Jolleri K\u00e4sit\u00f6\u00f6kamber\"},\"image\":{\"@id\":\"https:\\\/\\\/jollery-bunny.ee\\\/en\\\/#\\\/schema\\\/logo\\\/image\\\/\"},\"sameAs\":[\"https:\\\/\\\/www.facebook.com\\\/jolleri\\\/\",\"https:\\\/\\\/www.instagram.com\\\/jollerybunny\\\/\"]}]}<\/script>\n<!-- \/ Yoast SEO plugin. -->","yoast_head_json":{"title":"Happy Kiddy - E-pood | Jollery-Bunny - Estonian Handicraft","description":"100% acrylic 100 gr - 250 m Further development of Happy quality the new acrylic fibre causes the knitted material to resist the troublesome formation of small knots = pilling also with constant wear knots which form at severely stressed places during wear fall off during washing interesting colour progression, long rapport print perfect universal yarn with wool-like character does not scratch on the skin, is warm and soft washable without complications dries quickly and holds its shape brilliant colouring easy to knit, glides easily over the needle stripe patterns are simply generated from one ball without having to change balls and \"sew the ends\" - For Babies","robots":{"index":"index","follow":"follow","max-snippet":"max-snippet:-1","max-image-preview":"max-image-preview:large","max-video-preview":"max-video-preview:-1"},"canonical":"https:\/\/jollery-bunny.ee\/en\/toode\/happy-kiddy\/","og_locale":"en_US","og_type":"article","og_title":"Happy Kiddy - E-pood | Jollery-Bunny - Estonian Handicraft","og_description":"100% acrylic 100 gr - 250 m Further development of Happy quality the new acrylic fibre causes the knitted material to resist the troublesome formation of small knots = pilling also with constant wear knots which form at severely stressed places during wear fall off during washing interesting colour progression, long rapport print perfect universal yarn with wool-like character does not scratch on the skin, is warm and soft washable without complications dries quickly and holds its shape brilliant colouring easy to knit, glides easily over the needle stripe patterns are simply generated from one ball without having to change balls and \"sew the ends\" - For Babies","og_url":"https:\/\/jollery-bunny.ee\/en\/toode\/happy-kiddy\/","og_site_name":"E-pood | Jollery-Bunny - Estonian Handicraft","article_publisher":"https:\/\/www.facebook.com\/jolleri\/","article_modified_time":"2020-07-07T14:17:35+00:00","og_image":[{"width":120,"height":80,"url":"https:\/\/jollery-bunny.ee\/wp-content\/uploads\/2019\/10\/3456-02__Happy_Kiddy_thumb.jpg","type":"image\/jpeg"}],"twitter_card":"summary_large_image","schema":{"@context":"https:\/\/schema.org","@graph":[{"@type":"WebPage","@id":"https:\/\/jollery-bunny.ee\/en\/toode\/happy-kiddy\/","url":"https:\/\/jollery-bunny.ee\/en\/toode\/happy-kiddy\/","name":"Happy Kiddy - E-pood | Jollery-Bunny - Estonian Handicraft","isPartOf":{"@id":"https:\/\/jollery-bunny.ee\/en\/#website"},"primaryImageOfPage":{"@id":"https:\/\/jollery-bunny.ee\/en\/toode\/happy-kiddy\/#primaryimage"},"image":{"@id":"https:\/\/jollery-bunny.ee\/en\/toode\/happy-kiddy\/#primaryimage"},"thumbnailUrl":"https:\/\/jollery-bunny.ee\/wp-content\/uploads\/2019\/10\/3456-02__Happy_Kiddy_thumb.jpg","datePublished":"2019-10-06T14:56:09+00:00","dateModified":"2020-07-07T14:17:35+00:00","description":"100% acrylic 100 gr - 250 m Further development of Happy quality the new acrylic fibre causes the knitted material to resist the troublesome formation of small knots = pilling also with constant wear knots which form at severely stressed places during wear fall off during washing interesting colour progression, long rapport print perfect universal yarn with wool-like character does not scratch on the skin, is warm and soft washable without complications dries quickly and holds its shape brilliant colouring easy to knit, glides easily over the needle stripe patterns are simply generated from one ball without having to change balls and \"sew the ends\" - For Babies","breadcrumb":{"@id":"https:\/\/jollery-bunny.ee\/en\/toode\/happy-kiddy\/#breadcrumb"},"inLanguage":"en-US","potentialAction":[{"@type":"ReadAction","target":["https:\/\/jollery-bunny.ee\/en\/toode\/happy-kiddy\/"]}]},{"@type":"ImageObject","inLanguage":"en-US","@id":"https:\/\/jollery-bunny.ee\/en\/toode\/happy-kiddy\/#primaryimage","url":"https:\/\/jollery-bunny.ee\/wp-content\/uploads\/2019\/10\/3456-02__Happy_Kiddy_thumb.jpg","contentUrl":"https:\/\/jollery-bunny.ee\/wp-content\/uploads\/2019\/10\/3456-02__Happy_Kiddy_thumb.jpg","width":120,"height":80},{"@type":"BreadcrumbList","@id":"https:\/\/jollery-bunny.ee\/en\/toode\/happy-kiddy\/#breadcrumb","itemListElement":[{"@type":"ListItem","position":1,"name":"Home","item":"https:\/\/jollery-bunny.ee\/en\/"},{"@type":"ListItem","position":2,"name":"Jollery-bunny e-Shop","item":"https:\/\/jollery-bunny.ee\/en\/shop\/"},{"@type":"ListItem","position":3,"name":"Happy Kiddy"}]},{"@type":"WebSite","@id":"https:\/\/jollery-bunny.ee\/en\/#website","url":"https:\/\/jollery-bunny.ee\/en\/","name":"E-pood | Jollery-Bunny - Estonian Handicraft","description":"Jolleri k\u00e4sit\u00f6\u00f6kamber","publisher":{"@id":"https:\/\/jollery-bunny.ee\/en\/#organization"},"potentialAction":[{"@type":"SearchAction","target":{"@type":"EntryPoint","urlTemplate":"https:\/\/jollery-bunny.ee\/en\/?s={search_term_string}"},"query-input":{"@type":"PropertyValueSpecification","valueRequired":true,"valueName":"search_term_string"}}],"inLanguage":"en-US"},{"@type":"Organization","@id":"https:\/\/jollery-bunny.ee\/en\/#organization","name":"Jolleri K\u00e4sit\u00f6\u00f6kamber","url":"https:\/\/jollery-bunny.ee\/en\/","logo":{"@type":"ImageObject","inLanguage":"en-US","@id":"https:\/\/jollery-bunny.ee\/en\/#\/schema\/logo\/image\/","url":"https:\/\/jollery-bunny.ee\/wp-content\/uploads\/2013\/12\/logo.png","contentUrl":"https:\/\/jollery-bunny.ee\/wp-content\/uploads\/2013\/12\/logo.png","width":583,"height":144,"caption":"Jolleri K\u00e4sit\u00f6\u00f6kamber"},"image":{"@id":"https:\/\/jollery-bunny.ee\/en\/#\/schema\/logo\/image\/"},"sameAs":["https:\/\/www.facebook.com\/jolleri\/","https:\/\/www.instagram.com\/jollerybunny\/"]}]}},"_links":{"self":[{"href":"https:\/\/jollery-bunny.ee\/en\/wp-json\/wp\/v2\/product\/13253","targetHints":{"allow":["GET"]}}],"collection":[{"href":"https:\/\/jollery-bunny.ee\/en\/wp-json\/wp\/v2\/product"}],"about":[{"href":"https:\/\/jollery-bunny.ee\/en\/wp-json\/wp\/v2\/types\/product"}],"replies":[{"embeddable":true,"href":"https:\/\/jollery-bunny.ee\/en\/wp-json\/wp\/v2\/comments?post=13253"}],"wp:featuredmedia":[{"embeddable":true,"href":"https:\/\/jollery-bunny.ee\/en\/wp-json\/wp\/v2\/media\/13254"}],"wp:attachment":[{"href":"https:\/\/jollery-bunny.ee\/en\/wp-json\/wp\/v2\/media?parent=13253"}],"wp:term":[{"taxonomy":"product_brand","embeddable":true,"href":"https:\/\/jollery-bunny.ee\/en\/wp-json\/wp\/v2\/product_brand?post=13253"},{"taxonomy":"product_cat","embeddable":true,"href":"https:\/\/jollery-bunny.ee\/en\/wp-json\/wp\/v2\/product_cat?post=13253"},{"taxonomy":"product_tag","embeddable":true,"href":"https:\/\/jollery-bunny.ee\/en\/wp-json\/wp\/v2\/product_tag?post=13253"}],"curies":[{"name":"wp","href":"https:\/\/api.w.org\/{rel}","templated":true}]}}