{"id":13958,"date":"2015-12-11T18:23:40","date_gmt":"2015-12-11T16:23:40","guid":{"rendered":"https:\/\/jollery-bunny.ee\/product\/for-nature-04\/"},"modified":"2021-03-25T18:38:55","modified_gmt":"2021-03-25T16:38:55","slug":"for-nature-04","status":"publish","type":"product","link":"https:\/\/jollery-bunny.ee\/en\/toode\/for-nature-04\/","title":{"rendered":"For Nature &#8211; 04"},"content":{"rendered":"","protected":false},"excerpt":{"rendered":"<p>100 % organic cotton. 50 gr \u2013 150 m. Recommended needles\u00a0 3,5- 4,0 mm. made by\u00a0 Rosarios 4 Portugal. Ros\u00e1rios 4 For Nature yarn is GOTS certified. And what does that mean? First, it means that the cotton used to produce this yarn is organic: no chemicals are used in organic cotton production, making it [&hellip;]<\/p>\n","protected":false},"featured_media":13959,"comment_status":"open","ping_status":"closed","template":"","meta":[],"product_brand":[],"product_cat":[91,95],"product_tag":[],"class_list":{"0":"post-13958","1":"product","2":"type-product","3":"status-publish","4":"has-post-thumbnail","6":"product_cat-cotton","7":"product_cat-ecoyarn","9":"first","10":"instock","11":"shipping-taxable","12":"purchasable","13":"product-type-variable"},"yoast_head":"<!-- This site is optimized with the Yoast SEO plugin v27.3 - https:\/\/yoast.com\/product\/yoast-seo-wordpress\/ -->\n<title>For Nature - 04 - E-pood | Jollery-Bunny - Estonian Handicraft<\/title>\n<meta name=\"description\" content=\"100 % organic cotton. 50 gr \u2013 150 m. Recommended needles\u00a0 3,5- 4,0 mm. made by\u00a0 Rosarios 4 Portugal.  Ros\u00e1rios 4 For Nature yarn is GOTS certified. And what does that mean?  First, it means that the cotton used to produce this yarn is organic: no chemicals are used in organic cotton production, making it safer for growers.  Second, it means that the yarn was produced in accordance to all environmental and social criteria. With certification to the Global Organic Textile Standard (GOTS) the use of hazardous chemicals is prohibited, and all waste water is treated, protecting workers and water supplies. All chemicals must meet strict toxicity and biodegradability rules. And did you know that the factories are regularly inspected?  A textile product carrying the GOTS label grade \u2018organic\u2019 must contain a minimum of 95% certified organic fibres. FOR NATURE has 100% certified organic fibres, as all our GOTS certified yarns. - Cotton, Ecoyarn\" \/>\n<meta name=\"robots\" content=\"index, follow, max-snippet:-1, max-image-preview:large, max-video-preview:-1\" \/>\n<link rel=\"canonical\" href=\"https:\/\/jollery-bunny.ee\/en\/toode\/for-nature-04\/\" \/>\n<meta property=\"og:locale\" content=\"en_US\" \/>\n<meta property=\"og:type\" content=\"article\" \/>\n<meta property=\"og:title\" content=\"For Nature - 04 - E-pood | Jollery-Bunny - Estonian Handicraft\" \/>\n<meta property=\"og:description\" content=\"100 % organic cotton. 50 gr \u2013 150 m. Recommended needles\u00a0 3,5- 4,0 mm. made by\u00a0 Rosarios 4 Portugal.  Ros\u00e1rios 4 For Nature yarn is GOTS certified. And what does that mean?  First, it means that the cotton used to produce this yarn is organic: no chemicals are used in organic cotton production, making it safer for growers.  Second, it means that the yarn was produced in accordance to all environmental and social criteria. With certification to the Global Organic Textile Standard (GOTS) the use of hazardous chemicals is prohibited, and all waste water is treated, protecting workers and water supplies. All chemicals must meet strict toxicity and biodegradability rules. And did you know that the factories are regularly inspected?  A textile product carrying the GOTS label grade \u2018organic\u2019 must contain a minimum of 95% certified organic fibres. FOR NATURE has 100% certified organic fibres, as all our GOTS certified yarns. - Cotton, Ecoyarn\" \/>\n<meta property=\"og:url\" content=\"https:\/\/jollery-bunny.ee\/en\/toode\/for-nature-04\/\" \/>\n<meta property=\"og:site_name\" content=\"E-pood | Jollery-Bunny - Estonian Handicraft\" \/>\n<meta property=\"article:publisher\" content=\"https:\/\/www.facebook.com\/jolleri\/\" \/>\n<meta property=\"article:modified_time\" content=\"2021-03-25T16:38:55+00:00\" \/>\n<meta property=\"og:image\" content=\"https:\/\/jollery-bunny.ee\/wp-content\/uploads\/2015\/12\/For_Nature-04.jpg\" \/>\n\t<meta property=\"og:image:width\" content=\"886\" \/>\n\t<meta property=\"og:image:height\" content=\"886\" \/>\n\t<meta property=\"og:image:type\" content=\"image\/jpeg\" \/>\n<meta name=\"twitter:card\" content=\"summary_large_image\" \/>\n<script type=\"application\/ld+json\" class=\"yoast-schema-graph\">{\"@context\":\"https:\\\/\\\/schema.org\",\"@graph\":[{\"@type\":\"WebPage\",\"@id\":\"https:\\\/\\\/jollery-bunny.ee\\\/en\\\/toode\\\/for-nature-04\\\/\",\"url\":\"https:\\\/\\\/jollery-bunny.ee\\\/en\\\/toode\\\/for-nature-04\\\/\",\"name\":\"For Nature - 04 - E-pood | Jollery-Bunny - Estonian Handicraft\",\"isPartOf\":{\"@id\":\"https:\\\/\\\/jollery-bunny.ee\\\/en\\\/#website\"},\"primaryImageOfPage\":{\"@id\":\"https:\\\/\\\/jollery-bunny.ee\\\/en\\\/toode\\\/for-nature-04\\\/#primaryimage\"},\"image\":{\"@id\":\"https:\\\/\\\/jollery-bunny.ee\\\/en\\\/toode\\\/for-nature-04\\\/#primaryimage\"},\"thumbnailUrl\":\"https:\\\/\\\/jollery-bunny.ee\\\/wp-content\\\/uploads\\\/2015\\\/12\\\/For_Nature-04.jpg\",\"datePublished\":\"2015-12-11T16:23:40+00:00\",\"dateModified\":\"2021-03-25T16:38:55+00:00\",\"description\":\"100 % organic cotton. 50 gr \u2013 150 m. Recommended needles\u00a0 3,5- 4,0 mm. made by\u00a0 Rosarios 4 Portugal. Ros\u00e1rios 4 For Nature yarn is GOTS certified. And what does that mean? First, it means that the cotton used to produce this yarn is organic: no chemicals are used in organic cotton production, making it safer for growers. Second, it means that the yarn was produced in accordance to all environmental and social criteria. With certification to the Global Organic Textile Standard (GOTS) the use of hazardous chemicals is prohibited, and all waste water is treated, protecting workers and water supplies. All chemicals must meet strict toxicity and biodegradability rules. And did you know that the factories are regularly inspected? A textile product carrying the GOTS label grade \u2018organic\u2019 must contain a minimum of 95% certified organic fibres. FOR NATURE has 100% certified organic fibres, as all our GOTS certified yarns. - Cotton, Ecoyarn\",\"breadcrumb\":{\"@id\":\"https:\\\/\\\/jollery-bunny.ee\\\/en\\\/toode\\\/for-nature-04\\\/#breadcrumb\"},\"inLanguage\":\"en-US\",\"potentialAction\":[{\"@type\":\"ReadAction\",\"target\":[\"https:\\\/\\\/jollery-bunny.ee\\\/en\\\/toode\\\/for-nature-04\\\/\"]}]},{\"@type\":\"ImageObject\",\"inLanguage\":\"en-US\",\"@id\":\"https:\\\/\\\/jollery-bunny.ee\\\/en\\\/toode\\\/for-nature-04\\\/#primaryimage\",\"url\":\"https:\\\/\\\/jollery-bunny.ee\\\/wp-content\\\/uploads\\\/2015\\\/12\\\/For_Nature-04.jpg\",\"contentUrl\":\"https:\\\/\\\/jollery-bunny.ee\\\/wp-content\\\/uploads\\\/2015\\\/12\\\/For_Nature-04.jpg\",\"width\":886,\"height\":886},{\"@type\":\"BreadcrumbList\",\"@id\":\"https:\\\/\\\/jollery-bunny.ee\\\/en\\\/toode\\\/for-nature-04\\\/#breadcrumb\",\"itemListElement\":[{\"@type\":\"ListItem\",\"position\":1,\"name\":\"Home\",\"item\":\"https:\\\/\\\/jollery-bunny.ee\\\/en\\\/\"},{\"@type\":\"ListItem\",\"position\":2,\"name\":\"Jollery-bunny e-Shop\",\"item\":\"https:\\\/\\\/jollery-bunny.ee\\\/en\\\/shop\\\/\"},{\"@type\":\"ListItem\",\"position\":3,\"name\":\"For Nature &#8211; 04\"}]},{\"@type\":\"WebSite\",\"@id\":\"https:\\\/\\\/jollery-bunny.ee\\\/en\\\/#website\",\"url\":\"https:\\\/\\\/jollery-bunny.ee\\\/en\\\/\",\"name\":\"E-pood | Jollery-Bunny - Estonian Handicraft\",\"description\":\"Jolleri k\u00e4sit\u00f6\u00f6kamber\",\"publisher\":{\"@id\":\"https:\\\/\\\/jollery-bunny.ee\\\/en\\\/#organization\"},\"potentialAction\":[{\"@type\":\"SearchAction\",\"target\":{\"@type\":\"EntryPoint\",\"urlTemplate\":\"https:\\\/\\\/jollery-bunny.ee\\\/en\\\/?s={search_term_string}\"},\"query-input\":{\"@type\":\"PropertyValueSpecification\",\"valueRequired\":true,\"valueName\":\"search_term_string\"}}],\"inLanguage\":\"en-US\"},{\"@type\":\"Organization\",\"@id\":\"https:\\\/\\\/jollery-bunny.ee\\\/en\\\/#organization\",\"name\":\"Jolleri K\u00e4sit\u00f6\u00f6kamber\",\"url\":\"https:\\\/\\\/jollery-bunny.ee\\\/en\\\/\",\"logo\":{\"@type\":\"ImageObject\",\"inLanguage\":\"en-US\",\"@id\":\"https:\\\/\\\/jollery-bunny.ee\\\/en\\\/#\\\/schema\\\/logo\\\/image\\\/\",\"url\":\"https:\\\/\\\/jollery-bunny.ee\\\/wp-content\\\/uploads\\\/2013\\\/12\\\/logo.png\",\"contentUrl\":\"https:\\\/\\\/jollery-bunny.ee\\\/wp-content\\\/uploads\\\/2013\\\/12\\\/logo.png\",\"width\":583,\"height\":144,\"caption\":\"Jolleri K\u00e4sit\u00f6\u00f6kamber\"},\"image\":{\"@id\":\"https:\\\/\\\/jollery-bunny.ee\\\/en\\\/#\\\/schema\\\/logo\\\/image\\\/\"},\"sameAs\":[\"https:\\\/\\\/www.facebook.com\\\/jolleri\\\/\",\"https:\\\/\\\/www.instagram.com\\\/jollerybunny\\\/\"]}]}<\/script>\n<!-- \/ Yoast SEO plugin. -->","yoast_head_json":{"title":"For Nature - 04 - E-pood | Jollery-Bunny - Estonian Handicraft","description":"100 % organic cotton. 50 gr \u2013 150 m. Recommended needles\u00a0 3,5- 4,0 mm. made by\u00a0 Rosarios 4 Portugal.  Ros\u00e1rios 4 For Nature yarn is GOTS certified. And what does that mean?  First, it means that the cotton used to produce this yarn is organic: no chemicals are used in organic cotton production, making it safer for growers.  Second, it means that the yarn was produced in accordance to all environmental and social criteria. With certification to the Global Organic Textile Standard (GOTS) the use of hazardous chemicals is prohibited, and all waste water is treated, protecting workers and water supplies. All chemicals must meet strict toxicity and biodegradability rules. And did you know that the factories are regularly inspected?  A textile product carrying the GOTS label grade \u2018organic\u2019 must contain a minimum of 95% certified organic fibres. FOR NATURE has 100% certified organic fibres, as all our GOTS certified yarns. - Cotton, Ecoyarn","robots":{"index":"index","follow":"follow","max-snippet":"max-snippet:-1","max-image-preview":"max-image-preview:large","max-video-preview":"max-video-preview:-1"},"canonical":"https:\/\/jollery-bunny.ee\/en\/toode\/for-nature-04\/","og_locale":"en_US","og_type":"article","og_title":"For Nature - 04 - E-pood | Jollery-Bunny - Estonian Handicraft","og_description":"100 % organic cotton. 50 gr \u2013 150 m. Recommended needles\u00a0 3,5- 4,0 mm. made by\u00a0 Rosarios 4 Portugal.  Ros\u00e1rios 4 For Nature yarn is GOTS certified. And what does that mean?  First, it means that the cotton used to produce this yarn is organic: no chemicals are used in organic cotton production, making it safer for growers.  Second, it means that the yarn was produced in accordance to all environmental and social criteria. With certification to the Global Organic Textile Standard (GOTS) the use of hazardous chemicals is prohibited, and all waste water is treated, protecting workers and water supplies. All chemicals must meet strict toxicity and biodegradability rules. And did you know that the factories are regularly inspected?  A textile product carrying the GOTS label grade \u2018organic\u2019 must contain a minimum of 95% certified organic fibres. FOR NATURE has 100% certified organic fibres, as all our GOTS certified yarns. - Cotton, Ecoyarn","og_url":"https:\/\/jollery-bunny.ee\/en\/toode\/for-nature-04\/","og_site_name":"E-pood | Jollery-Bunny - Estonian Handicraft","article_publisher":"https:\/\/www.facebook.com\/jolleri\/","article_modified_time":"2021-03-25T16:38:55+00:00","og_image":[{"width":886,"height":886,"url":"https:\/\/jollery-bunny.ee\/wp-content\/uploads\/2015\/12\/For_Nature-04.jpg","type":"image\/jpeg"}],"twitter_card":"summary_large_image","schema":{"@context":"https:\/\/schema.org","@graph":[{"@type":"WebPage","@id":"https:\/\/jollery-bunny.ee\/en\/toode\/for-nature-04\/","url":"https:\/\/jollery-bunny.ee\/en\/toode\/for-nature-04\/","name":"For Nature - 04 - E-pood | Jollery-Bunny - Estonian Handicraft","isPartOf":{"@id":"https:\/\/jollery-bunny.ee\/en\/#website"},"primaryImageOfPage":{"@id":"https:\/\/jollery-bunny.ee\/en\/toode\/for-nature-04\/#primaryimage"},"image":{"@id":"https:\/\/jollery-bunny.ee\/en\/toode\/for-nature-04\/#primaryimage"},"thumbnailUrl":"https:\/\/jollery-bunny.ee\/wp-content\/uploads\/2015\/12\/For_Nature-04.jpg","datePublished":"2015-12-11T16:23:40+00:00","dateModified":"2021-03-25T16:38:55+00:00","description":"100 % organic cotton. 50 gr \u2013 150 m. Recommended needles\u00a0 3,5- 4,0 mm. made by\u00a0 Rosarios 4 Portugal. Ros\u00e1rios 4 For Nature yarn is GOTS certified. And what does that mean? First, it means that the cotton used to produce this yarn is organic: no chemicals are used in organic cotton production, making it safer for growers. Second, it means that the yarn was produced in accordance to all environmental and social criteria. With certification to the Global Organic Textile Standard (GOTS) the use of hazardous chemicals is prohibited, and all waste water is treated, protecting workers and water supplies. All chemicals must meet strict toxicity and biodegradability rules. And did you know that the factories are regularly inspected? A textile product carrying the GOTS label grade \u2018organic\u2019 must contain a minimum of 95% certified organic fibres. FOR NATURE has 100% certified organic fibres, as all our GOTS certified yarns. - Cotton, Ecoyarn","breadcrumb":{"@id":"https:\/\/jollery-bunny.ee\/en\/toode\/for-nature-04\/#breadcrumb"},"inLanguage":"en-US","potentialAction":[{"@type":"ReadAction","target":["https:\/\/jollery-bunny.ee\/en\/toode\/for-nature-04\/"]}]},{"@type":"ImageObject","inLanguage":"en-US","@id":"https:\/\/jollery-bunny.ee\/en\/toode\/for-nature-04\/#primaryimage","url":"https:\/\/jollery-bunny.ee\/wp-content\/uploads\/2015\/12\/For_Nature-04.jpg","contentUrl":"https:\/\/jollery-bunny.ee\/wp-content\/uploads\/2015\/12\/For_Nature-04.jpg","width":886,"height":886},{"@type":"BreadcrumbList","@id":"https:\/\/jollery-bunny.ee\/en\/toode\/for-nature-04\/#breadcrumb","itemListElement":[{"@type":"ListItem","position":1,"name":"Home","item":"https:\/\/jollery-bunny.ee\/en\/"},{"@type":"ListItem","position":2,"name":"Jollery-bunny e-Shop","item":"https:\/\/jollery-bunny.ee\/en\/shop\/"},{"@type":"ListItem","position":3,"name":"For Nature &#8211; 04"}]},{"@type":"WebSite","@id":"https:\/\/jollery-bunny.ee\/en\/#website","url":"https:\/\/jollery-bunny.ee\/en\/","name":"E-pood | Jollery-Bunny - Estonian Handicraft","description":"Jolleri k\u00e4sit\u00f6\u00f6kamber","publisher":{"@id":"https:\/\/jollery-bunny.ee\/en\/#organization"},"potentialAction":[{"@type":"SearchAction","target":{"@type":"EntryPoint","urlTemplate":"https:\/\/jollery-bunny.ee\/en\/?s={search_term_string}"},"query-input":{"@type":"PropertyValueSpecification","valueRequired":true,"valueName":"search_term_string"}}],"inLanguage":"en-US"},{"@type":"Organization","@id":"https:\/\/jollery-bunny.ee\/en\/#organization","name":"Jolleri K\u00e4sit\u00f6\u00f6kamber","url":"https:\/\/jollery-bunny.ee\/en\/","logo":{"@type":"ImageObject","inLanguage":"en-US","@id":"https:\/\/jollery-bunny.ee\/en\/#\/schema\/logo\/image\/","url":"https:\/\/jollery-bunny.ee\/wp-content\/uploads\/2013\/12\/logo.png","contentUrl":"https:\/\/jollery-bunny.ee\/wp-content\/uploads\/2013\/12\/logo.png","width":583,"height":144,"caption":"Jolleri K\u00e4sit\u00f6\u00f6kamber"},"image":{"@id":"https:\/\/jollery-bunny.ee\/en\/#\/schema\/logo\/image\/"},"sameAs":["https:\/\/www.facebook.com\/jolleri\/","https:\/\/www.instagram.com\/jollerybunny\/"]}]}},"_links":{"self":[{"href":"https:\/\/jollery-bunny.ee\/en\/wp-json\/wp\/v2\/product\/13958","targetHints":{"allow":["GET"]}}],"collection":[{"href":"https:\/\/jollery-bunny.ee\/en\/wp-json\/wp\/v2\/product"}],"about":[{"href":"https:\/\/jollery-bunny.ee\/en\/wp-json\/wp\/v2\/types\/product"}],"replies":[{"embeddable":true,"href":"https:\/\/jollery-bunny.ee\/en\/wp-json\/wp\/v2\/comments?post=13958"}],"wp:featuredmedia":[{"embeddable":true,"href":"https:\/\/jollery-bunny.ee\/en\/wp-json\/wp\/v2\/media\/13959"}],"wp:attachment":[{"href":"https:\/\/jollery-bunny.ee\/en\/wp-json\/wp\/v2\/media?parent=13958"}],"wp:term":[{"taxonomy":"product_brand","embeddable":true,"href":"https:\/\/jollery-bunny.ee\/en\/wp-json\/wp\/v2\/product_brand?post=13958"},{"taxonomy":"product_cat","embeddable":true,"href":"https:\/\/jollery-bunny.ee\/en\/wp-json\/wp\/v2\/product_cat?post=13958"},{"taxonomy":"product_tag","embeddable":true,"href":"https:\/\/jollery-bunny.ee\/en\/wp-json\/wp\/v2\/product_tag?post=13958"}],"curies":[{"name":"wp","href":"https:\/\/api.w.org\/{rel}","templated":true}]}}