{"id":14588,"date":"2020-09-17T19:27:49","date_gmt":"2020-09-17T16:27:49","guid":{"rendered":"https:\/\/jollery-bunny.ee\/product\/drops-big-merino-08\/"},"modified":"2024-12-26T11:19:07","modified_gmt":"2024-12-26T09:19:07","slug":"drops-big-merino-08","status":"publish","type":"product","link":"https:\/\/jollery-bunny.ee\/en\/toode\/drops-big-merino-08\/","title":{"rendered":"Drops Big Merino &#8211; 08"},"content":{"rendered":"<p><strong>Content:<\/strong>\u00a0100% Wool<br \/>\n<strong>Yarn Group:<\/strong>\u00a0C (16 &#8211; 19 stitches)<br \/>\n<strong>Weight\/length per ball:<\/strong>\u00a050 g = approx 75 meter<br \/>\n<strong>Recommended needle size:<\/strong>\u00a05 mm<br \/>\n<strong>Knitting tension:<\/strong>\u00a010 x 10 cm = 17 sts x 22 rows<br \/>\nSuperwash \/ Made in EU<\/p>\n<div class=\"wash_icons\">DROPS Big Merino is the sequel to DROPS Merino Extra Fine, spun from extra fine merino wool fibers from free-range animals in South America. The main characteristics of DROPS Big Merino are the softness, volume, elasticity and even result, which makes it ideal for knitting structured patterns such as cables. The yarn is also superwash treated and therefore machine washable and suitable for everyday use. DROPS Big Merino is spun from multiple thin strands, which gives the yarn extra elasticity. Is this special construction that makes it extra important to treat the garment right: make sure that you knit with the correct tension and rather use a tight tension than loose. Don&#8217;t wash your garment too warm, never leave it to soak and let the garment dry flat.<\/div>\n","protected":false},"excerpt":{"rendered":"<p>Content:\u00a0100% Wool Yarn Group:\u00a0C (16 &#8211; 19 stitches) Weight\/length per ball:\u00a050 g = approx 75 meter Recommended needle size:\u00a05 mm Knitting tension:\u00a010 x 10 cm = 17 sts x 22 rows Superwash \/ Made in EU DROPS Big Merino is the sequel to DROPS Merino Extra Fine, spun from extra fine merino wool fibers from [&hellip;]<\/p>\n","protected":false},"featured_media":14571,"comment_status":"open","ping_status":"closed","template":"","meta":[],"product_brand":[],"product_cat":[116,132],"product_tag":[],"class_list":{"0":"post-14588","1":"product","2":"type-product","3":"status-publish","4":"has-post-thumbnail","6":"product_cat-for-babies","7":"product_cat-merino","9":"first","10":"instock","11":"shipping-taxable","12":"purchasable","13":"product-type-variable"},"yoast_head":"<!-- This site is optimized with the Yoast SEO plugin v27.3 - https:\/\/yoast.com\/product\/yoast-seo-wordpress\/ -->\n<title>Drops Big Merino - 08 - E-pood | Jollery-Bunny - Estonian Handicraft<\/title>\n<meta name=\"description\" content=\"Content:\u00a0100% Wool Yarn Group:\u00a0C (16 - 19 stitches) Weight\/length per ball:\u00a050 g = approx 75 meter Recommended needle size:\u00a05 mm Knitting tension:\u00a010 x 10 - For Babies, Merino\" \/>\n<meta name=\"robots\" content=\"index, follow, max-snippet:-1, max-image-preview:large, max-video-preview:-1\" \/>\n<link rel=\"canonical\" href=\"https:\/\/jollery-bunny.ee\/en\/toode\/drops-big-merino-08\/\" \/>\n<meta property=\"og:locale\" content=\"en_US\" \/>\n<meta property=\"og:type\" content=\"article\" \/>\n<meta property=\"og:title\" content=\"Drops Big Merino - 08 - E-pood | Jollery-Bunny - Estonian Handicraft\" \/>\n<meta property=\"og:description\" content=\"Content:\u00a0100% Wool Yarn Group:\u00a0C (16 - 19 stitches) Weight\/length per ball:\u00a050 g = approx 75 meter Recommended needle size:\u00a05 mm Knitting tension:\u00a010 x 10 - For Babies, Merino\" \/>\n<meta property=\"og:url\" content=\"https:\/\/jollery-bunny.ee\/en\/toode\/drops-big-merino-08\/\" \/>\n<meta property=\"og:site_name\" content=\"E-pood | Jollery-Bunny - Estonian Handicraft\" \/>\n<meta property=\"article:publisher\" content=\"https:\/\/www.facebook.com\/jolleri\/\" \/>\n<meta property=\"article:modified_time\" content=\"2024-12-26T09:19:07+00:00\" \/>\n<meta property=\"og:image\" content=\"https:\/\/jollery-bunny.ee\/wp-content\/uploads\/2020\/09\/big-merino-08.jpg\" \/>\n\t<meta property=\"og:image:width\" content=\"300\" \/>\n\t<meta property=\"og:image:height\" content=\"300\" \/>\n\t<meta property=\"og:image:type\" content=\"image\/jpeg\" \/>\n<meta name=\"twitter:card\" content=\"summary_large_image\" \/>\n<meta name=\"twitter:label1\" content=\"Est. reading time\" \/>\n\t<meta name=\"twitter:data1\" content=\"1 minute\" \/>\n<script type=\"application\/ld+json\" class=\"yoast-schema-graph\">{\"@context\":\"https:\\\/\\\/schema.org\",\"@graph\":[{\"@type\":\"WebPage\",\"@id\":\"https:\\\/\\\/jollery-bunny.ee\\\/en\\\/toode\\\/drops-big-merino-08\\\/\",\"url\":\"https:\\\/\\\/jollery-bunny.ee\\\/en\\\/toode\\\/drops-big-merino-08\\\/\",\"name\":\"Drops Big Merino - 08 - E-pood | Jollery-Bunny - Estonian Handicraft\",\"isPartOf\":{\"@id\":\"https:\\\/\\\/jollery-bunny.ee\\\/en\\\/#website\"},\"primaryImageOfPage\":{\"@id\":\"https:\\\/\\\/jollery-bunny.ee\\\/en\\\/toode\\\/drops-big-merino-08\\\/#primaryimage\"},\"image\":{\"@id\":\"https:\\\/\\\/jollery-bunny.ee\\\/en\\\/toode\\\/drops-big-merino-08\\\/#primaryimage\"},\"thumbnailUrl\":\"https:\\\/\\\/jollery-bunny.ee\\\/wp-content\\\/uploads\\\/2020\\\/09\\\/big-merino-08.jpg\",\"datePublished\":\"2020-09-17T16:27:49+00:00\",\"dateModified\":\"2024-12-26T09:19:07+00:00\",\"description\":\"Content:\u00a0100% Wool Yarn Group:\u00a0C (16 - 19 stitches) Weight\\\/length per ball:\u00a050 g = approx 75 meter Recommended needle size:\u00a05 mm Knitting tension:\u00a010 x 10 - For Babies, Merino\",\"breadcrumb\":{\"@id\":\"https:\\\/\\\/jollery-bunny.ee\\\/en\\\/toode\\\/drops-big-merino-08\\\/#breadcrumb\"},\"inLanguage\":\"en-US\",\"potentialAction\":[{\"@type\":\"ReadAction\",\"target\":[\"https:\\\/\\\/jollery-bunny.ee\\\/en\\\/toode\\\/drops-big-merino-08\\\/\"]}]},{\"@type\":\"ImageObject\",\"inLanguage\":\"en-US\",\"@id\":\"https:\\\/\\\/jollery-bunny.ee\\\/en\\\/toode\\\/drops-big-merino-08\\\/#primaryimage\",\"url\":\"https:\\\/\\\/jollery-bunny.ee\\\/wp-content\\\/uploads\\\/2020\\\/09\\\/big-merino-08.jpg\",\"contentUrl\":\"https:\\\/\\\/jollery-bunny.ee\\\/wp-content\\\/uploads\\\/2020\\\/09\\\/big-merino-08.jpg\",\"width\":300,\"height\":300},{\"@type\":\"BreadcrumbList\",\"@id\":\"https:\\\/\\\/jollery-bunny.ee\\\/en\\\/toode\\\/drops-big-merino-08\\\/#breadcrumb\",\"itemListElement\":[{\"@type\":\"ListItem\",\"position\":1,\"name\":\"Home\",\"item\":\"https:\\\/\\\/jollery-bunny.ee\\\/en\\\/\"},{\"@type\":\"ListItem\",\"position\":2,\"name\":\"Jollery-bunny e-Shop\",\"item\":\"https:\\\/\\\/jollery-bunny.ee\\\/en\\\/shop\\\/\"},{\"@type\":\"ListItem\",\"position\":3,\"name\":\"Drops Big Merino &#8211; 08\"}]},{\"@type\":\"WebSite\",\"@id\":\"https:\\\/\\\/jollery-bunny.ee\\\/en\\\/#website\",\"url\":\"https:\\\/\\\/jollery-bunny.ee\\\/en\\\/\",\"name\":\"E-pood | Jollery-Bunny - Estonian Handicraft\",\"description\":\"Jolleri k\u00e4sit\u00f6\u00f6kamber\",\"publisher\":{\"@id\":\"https:\\\/\\\/jollery-bunny.ee\\\/en\\\/#organization\"},\"potentialAction\":[{\"@type\":\"SearchAction\",\"target\":{\"@type\":\"EntryPoint\",\"urlTemplate\":\"https:\\\/\\\/jollery-bunny.ee\\\/en\\\/?s={search_term_string}\"},\"query-input\":{\"@type\":\"PropertyValueSpecification\",\"valueRequired\":true,\"valueName\":\"search_term_string\"}}],\"inLanguage\":\"en-US\"},{\"@type\":\"Organization\",\"@id\":\"https:\\\/\\\/jollery-bunny.ee\\\/en\\\/#organization\",\"name\":\"Jolleri K\u00e4sit\u00f6\u00f6kamber\",\"url\":\"https:\\\/\\\/jollery-bunny.ee\\\/en\\\/\",\"logo\":{\"@type\":\"ImageObject\",\"inLanguage\":\"en-US\",\"@id\":\"https:\\\/\\\/jollery-bunny.ee\\\/en\\\/#\\\/schema\\\/logo\\\/image\\\/\",\"url\":\"https:\\\/\\\/jollery-bunny.ee\\\/wp-content\\\/uploads\\\/2013\\\/12\\\/logo.png\",\"contentUrl\":\"https:\\\/\\\/jollery-bunny.ee\\\/wp-content\\\/uploads\\\/2013\\\/12\\\/logo.png\",\"width\":583,\"height\":144,\"caption\":\"Jolleri K\u00e4sit\u00f6\u00f6kamber\"},\"image\":{\"@id\":\"https:\\\/\\\/jollery-bunny.ee\\\/en\\\/#\\\/schema\\\/logo\\\/image\\\/\"},\"sameAs\":[\"https:\\\/\\\/www.facebook.com\\\/jolleri\\\/\",\"https:\\\/\\\/www.instagram.com\\\/jollerybunny\\\/\"]}]}<\/script>\n<!-- \/ Yoast SEO plugin. -->","yoast_head_json":{"title":"Drops Big Merino - 08 - E-pood | Jollery-Bunny - Estonian Handicraft","description":"Content:\u00a0100% Wool Yarn Group:\u00a0C (16 - 19 stitches) Weight\/length per ball:\u00a050 g = approx 75 meter Recommended needle size:\u00a05 mm Knitting tension:\u00a010 x 10 - For Babies, Merino","robots":{"index":"index","follow":"follow","max-snippet":"max-snippet:-1","max-image-preview":"max-image-preview:large","max-video-preview":"max-video-preview:-1"},"canonical":"https:\/\/jollery-bunny.ee\/en\/toode\/drops-big-merino-08\/","og_locale":"en_US","og_type":"article","og_title":"Drops Big Merino - 08 - E-pood | Jollery-Bunny - Estonian Handicraft","og_description":"Content:\u00a0100% Wool Yarn Group:\u00a0C (16 - 19 stitches) Weight\/length per ball:\u00a050 g = approx 75 meter Recommended needle size:\u00a05 mm Knitting tension:\u00a010 x 10 - For Babies, Merino","og_url":"https:\/\/jollery-bunny.ee\/en\/toode\/drops-big-merino-08\/","og_site_name":"E-pood | Jollery-Bunny - Estonian Handicraft","article_publisher":"https:\/\/www.facebook.com\/jolleri\/","article_modified_time":"2024-12-26T09:19:07+00:00","og_image":[{"width":300,"height":300,"url":"https:\/\/jollery-bunny.ee\/wp-content\/uploads\/2020\/09\/big-merino-08.jpg","type":"image\/jpeg"}],"twitter_card":"summary_large_image","twitter_misc":{"Est. reading time":"1 minute"},"schema":{"@context":"https:\/\/schema.org","@graph":[{"@type":"WebPage","@id":"https:\/\/jollery-bunny.ee\/en\/toode\/drops-big-merino-08\/","url":"https:\/\/jollery-bunny.ee\/en\/toode\/drops-big-merino-08\/","name":"Drops Big Merino - 08 - E-pood | Jollery-Bunny - Estonian Handicraft","isPartOf":{"@id":"https:\/\/jollery-bunny.ee\/en\/#website"},"primaryImageOfPage":{"@id":"https:\/\/jollery-bunny.ee\/en\/toode\/drops-big-merino-08\/#primaryimage"},"image":{"@id":"https:\/\/jollery-bunny.ee\/en\/toode\/drops-big-merino-08\/#primaryimage"},"thumbnailUrl":"https:\/\/jollery-bunny.ee\/wp-content\/uploads\/2020\/09\/big-merino-08.jpg","datePublished":"2020-09-17T16:27:49+00:00","dateModified":"2024-12-26T09:19:07+00:00","description":"Content:\u00a0100% Wool Yarn Group:\u00a0C (16 - 19 stitches) Weight\/length per ball:\u00a050 g = approx 75 meter Recommended needle size:\u00a05 mm Knitting tension:\u00a010 x 10 - For Babies, Merino","breadcrumb":{"@id":"https:\/\/jollery-bunny.ee\/en\/toode\/drops-big-merino-08\/#breadcrumb"},"inLanguage":"en-US","potentialAction":[{"@type":"ReadAction","target":["https:\/\/jollery-bunny.ee\/en\/toode\/drops-big-merino-08\/"]}]},{"@type":"ImageObject","inLanguage":"en-US","@id":"https:\/\/jollery-bunny.ee\/en\/toode\/drops-big-merino-08\/#primaryimage","url":"https:\/\/jollery-bunny.ee\/wp-content\/uploads\/2020\/09\/big-merino-08.jpg","contentUrl":"https:\/\/jollery-bunny.ee\/wp-content\/uploads\/2020\/09\/big-merino-08.jpg","width":300,"height":300},{"@type":"BreadcrumbList","@id":"https:\/\/jollery-bunny.ee\/en\/toode\/drops-big-merino-08\/#breadcrumb","itemListElement":[{"@type":"ListItem","position":1,"name":"Home","item":"https:\/\/jollery-bunny.ee\/en\/"},{"@type":"ListItem","position":2,"name":"Jollery-bunny e-Shop","item":"https:\/\/jollery-bunny.ee\/en\/shop\/"},{"@type":"ListItem","position":3,"name":"Drops Big Merino &#8211; 08"}]},{"@type":"WebSite","@id":"https:\/\/jollery-bunny.ee\/en\/#website","url":"https:\/\/jollery-bunny.ee\/en\/","name":"E-pood | Jollery-Bunny - Estonian Handicraft","description":"Jolleri k\u00e4sit\u00f6\u00f6kamber","publisher":{"@id":"https:\/\/jollery-bunny.ee\/en\/#organization"},"potentialAction":[{"@type":"SearchAction","target":{"@type":"EntryPoint","urlTemplate":"https:\/\/jollery-bunny.ee\/en\/?s={search_term_string}"},"query-input":{"@type":"PropertyValueSpecification","valueRequired":true,"valueName":"search_term_string"}}],"inLanguage":"en-US"},{"@type":"Organization","@id":"https:\/\/jollery-bunny.ee\/en\/#organization","name":"Jolleri K\u00e4sit\u00f6\u00f6kamber","url":"https:\/\/jollery-bunny.ee\/en\/","logo":{"@type":"ImageObject","inLanguage":"en-US","@id":"https:\/\/jollery-bunny.ee\/en\/#\/schema\/logo\/image\/","url":"https:\/\/jollery-bunny.ee\/wp-content\/uploads\/2013\/12\/logo.png","contentUrl":"https:\/\/jollery-bunny.ee\/wp-content\/uploads\/2013\/12\/logo.png","width":583,"height":144,"caption":"Jolleri K\u00e4sit\u00f6\u00f6kamber"},"image":{"@id":"https:\/\/jollery-bunny.ee\/en\/#\/schema\/logo\/image\/"},"sameAs":["https:\/\/www.facebook.com\/jolleri\/","https:\/\/www.instagram.com\/jollerybunny\/"]}]}},"_links":{"self":[{"href":"https:\/\/jollery-bunny.ee\/en\/wp-json\/wp\/v2\/product\/14588","targetHints":{"allow":["GET"]}}],"collection":[{"href":"https:\/\/jollery-bunny.ee\/en\/wp-json\/wp\/v2\/product"}],"about":[{"href":"https:\/\/jollery-bunny.ee\/en\/wp-json\/wp\/v2\/types\/product"}],"replies":[{"embeddable":true,"href":"https:\/\/jollery-bunny.ee\/en\/wp-json\/wp\/v2\/comments?post=14588"}],"wp:featuredmedia":[{"embeddable":true,"href":"https:\/\/jollery-bunny.ee\/en\/wp-json\/wp\/v2\/media\/14571"}],"wp:attachment":[{"href":"https:\/\/jollery-bunny.ee\/en\/wp-json\/wp\/v2\/media?parent=14588"}],"wp:term":[{"taxonomy":"product_brand","embeddable":true,"href":"https:\/\/jollery-bunny.ee\/en\/wp-json\/wp\/v2\/product_brand?post=14588"},{"taxonomy":"product_cat","embeddable":true,"href":"https:\/\/jollery-bunny.ee\/en\/wp-json\/wp\/v2\/product_cat?post=14588"},{"taxonomy":"product_tag","embeddable":true,"href":"https:\/\/jollery-bunny.ee\/en\/wp-json\/wp\/v2\/product_tag?post=14588"}],"curies":[{"name":"wp","href":"https:\/\/api.w.org\/{rel}","templated":true}]}}