{"id":18552,"date":"2021-08-15T22:54:54","date_gmt":"2021-08-15T19:54:54","guid":{"rendered":"https:\/\/jollery-bunny.ee\/product\/drops-karisma-2\/"},"modified":"2024-03-01T11:53:59","modified_gmt":"2024-03-01T09:53:59","slug":"drops-karisma-2","status":"publish","type":"product","link":"https:\/\/jollery-bunny.ee\/en\/toode\/drops-karisma-2\/","title":{"rendered":"Drops Karisma"},"content":{"rendered":"<p>Drops Karisma &#8211; Content: 100% Wool<br \/>\nYarn Group: B (20 &#8211; 22 stitches) \/ 8 ply \/ DK \/ worsted<br \/>\nWeight\/length: 50 g = approx 100 m<br \/>\nRecommended needle size: 4 mm<br \/>\nKnitting tension: 10 x 10 cm = 21 sts x 28 rows<br \/>\nMachine wash on gentle cycle 40\u00b0C \/ Don\u2019t use fabric softener \/ Dry Flat<\/p>\n<p>DROPS Karisma is a 4 strands sport yarn which has great shape stability and is superwash treated, which means that it is machine washable and perfect for daily use.<\/p>\n<p>Soft and comfortable to the skin, DROPS Karisma is one of the most popular qualities in our classic wool range since its first introduction in Scandinavia during the 80s, and is supported by an extensive array of patterns.<\/p>\n<p>Made in EU<\/p>\n<p>This yarn has an Oeko-Tex\u00ae certification (certificate number 25.3.0110), Standard 100, Class I. This means that it has been tested and found completely free from harmful chemicals and that it is safe for human use. Class I is the highest level, and it means the yarn is suitable for baby articles (ages 0-3).<\/p>\n","protected":false},"excerpt":{"rendered":"<p>Drops Karisma &#8211; Content: 100% Wool Yarn Group: B (20 &#8211; 22 stitches) \/ 8 ply \/ DK \/ worsted Weight\/length: 50 g = approx 100 m Recommended needle size: 4 mm Knitting tension: 10 x 10 cm = 21 sts x 28 rows Machine wash on gentle cycle 40\u00b0C \/ Don\u2019t use fabric softener [&hellip;]<\/p>\n","protected":false},"featured_media":18541,"comment_status":"open","ping_status":"closed","template":"","meta":[],"product_brand":[],"product_cat":[126,93],"product_tag":[],"class_list":{"0":"post-18552","1":"product","2":"type-product","3":"status-publish","4":"has-post-thumbnail","6":"product_cat-special-offers","7":"product_cat-woolen-yarn","9":"first","10":"outofstock","11":"sale","12":"shipping-taxable","13":"purchasable","14":"product-type-variable"},"yoast_head":"<!-- This site is optimized with the Yoast SEO plugin v27.3 - https:\/\/yoast.com\/product\/yoast-seo-wordpress\/ -->\n<title>Drops Karisma - E-pood | Jollery-Bunny - Estonian Handicraft<\/title>\n<meta name=\"description\" content=\"Drops Karisma - Content: 100% Wool Yarn Group: B (20 - 22 stitches) \/ 8 ply \/ DK \/ worsted Weight\/length: 50 g = approx 100 m Recommended needle size: 4 - Special offers, Woolen yarn\" \/>\n<meta name=\"robots\" content=\"index, follow, max-snippet:-1, max-image-preview:large, max-video-preview:-1\" \/>\n<link rel=\"canonical\" href=\"https:\/\/jollery-bunny.ee\/en\/toode\/drops-karisma-2\/\" \/>\n<meta property=\"og:locale\" content=\"en_US\" \/>\n<meta property=\"og:type\" content=\"article\" \/>\n<meta property=\"og:title\" content=\"Drops Karisma - E-pood | Jollery-Bunny - Estonian Handicraft\" \/>\n<meta property=\"og:description\" content=\"Drops Karisma - Content: 100% Wool Yarn Group: B (20 - 22 stitches) \/ 8 ply \/ DK \/ worsted Weight\/length: 50 g = approx 100 m Recommended needle size: 4 - Special offers, Woolen yarn\" \/>\n<meta property=\"og:url\" content=\"https:\/\/jollery-bunny.ee\/en\/toode\/drops-karisma-2\/\" \/>\n<meta property=\"og:site_name\" content=\"E-pood | Jollery-Bunny - Estonian Handicraft\" \/>\n<meta property=\"article:publisher\" content=\"https:\/\/www.facebook.com\/jolleri\/\" \/>\n<meta property=\"article:modified_time\" content=\"2024-03-01T09:53:59+00:00\" \/>\n<meta property=\"og:image\" content=\"https:\/\/jollery-bunny.ee\/wp-content\/uploads\/2021\/08\/karisma73.jpg\" \/>\n\t<meta property=\"og:image:width\" content=\"300\" \/>\n\t<meta property=\"og:image:height\" content=\"300\" \/>\n\t<meta property=\"og:image:type\" content=\"image\/jpeg\" \/>\n<meta name=\"twitter:card\" content=\"summary_large_image\" \/>\n<meta name=\"twitter:label1\" content=\"Est. reading time\" \/>\n\t<meta name=\"twitter:data1\" content=\"1 minute\" \/>\n<script type=\"application\/ld+json\" class=\"yoast-schema-graph\">{\"@context\":\"https:\\\/\\\/schema.org\",\"@graph\":[{\"@type\":\"WebPage\",\"@id\":\"https:\\\/\\\/jollery-bunny.ee\\\/en\\\/toode\\\/drops-karisma-2\\\/\",\"url\":\"https:\\\/\\\/jollery-bunny.ee\\\/en\\\/toode\\\/drops-karisma-2\\\/\",\"name\":\"Drops Karisma - E-pood | Jollery-Bunny - Estonian Handicraft\",\"isPartOf\":{\"@id\":\"https:\\\/\\\/jollery-bunny.ee\\\/en\\\/#website\"},\"primaryImageOfPage\":{\"@id\":\"https:\\\/\\\/jollery-bunny.ee\\\/en\\\/toode\\\/drops-karisma-2\\\/#primaryimage\"},\"image\":{\"@id\":\"https:\\\/\\\/jollery-bunny.ee\\\/en\\\/toode\\\/drops-karisma-2\\\/#primaryimage\"},\"thumbnailUrl\":\"https:\\\/\\\/jollery-bunny.ee\\\/wp-content\\\/uploads\\\/2021\\\/08\\\/karisma73.jpg\",\"datePublished\":\"2021-08-15T19:54:54+00:00\",\"dateModified\":\"2024-03-01T09:53:59+00:00\",\"description\":\"Drops Karisma - Content: 100% Wool Yarn Group: B (20 - 22 stitches) \\\/ 8 ply \\\/ DK \\\/ worsted Weight\\\/length: 50 g = approx 100 m Recommended needle size: 4 - Special offers, Woolen yarn\",\"breadcrumb\":{\"@id\":\"https:\\\/\\\/jollery-bunny.ee\\\/en\\\/toode\\\/drops-karisma-2\\\/#breadcrumb\"},\"inLanguage\":\"en-US\",\"potentialAction\":[{\"@type\":\"ReadAction\",\"target\":[\"https:\\\/\\\/jollery-bunny.ee\\\/en\\\/toode\\\/drops-karisma-2\\\/\"]}]},{\"@type\":\"ImageObject\",\"inLanguage\":\"en-US\",\"@id\":\"https:\\\/\\\/jollery-bunny.ee\\\/en\\\/toode\\\/drops-karisma-2\\\/#primaryimage\",\"url\":\"https:\\\/\\\/jollery-bunny.ee\\\/wp-content\\\/uploads\\\/2021\\\/08\\\/karisma73.jpg\",\"contentUrl\":\"https:\\\/\\\/jollery-bunny.ee\\\/wp-content\\\/uploads\\\/2021\\\/08\\\/karisma73.jpg\",\"width\":300,\"height\":300},{\"@type\":\"BreadcrumbList\",\"@id\":\"https:\\\/\\\/jollery-bunny.ee\\\/en\\\/toode\\\/drops-karisma-2\\\/#breadcrumb\",\"itemListElement\":[{\"@type\":\"ListItem\",\"position\":1,\"name\":\"Home\",\"item\":\"https:\\\/\\\/jollery-bunny.ee\\\/en\\\/\"},{\"@type\":\"ListItem\",\"position\":2,\"name\":\"Jollery-bunny e-Shop\",\"item\":\"https:\\\/\\\/jollery-bunny.ee\\\/en\\\/shop\\\/\"},{\"@type\":\"ListItem\",\"position\":3,\"name\":\"Drops Karisma\"}]},{\"@type\":\"WebSite\",\"@id\":\"https:\\\/\\\/jollery-bunny.ee\\\/en\\\/#website\",\"url\":\"https:\\\/\\\/jollery-bunny.ee\\\/en\\\/\",\"name\":\"E-pood | Jollery-Bunny - Estonian Handicraft\",\"description\":\"Jolleri k\u00e4sit\u00f6\u00f6kamber\",\"publisher\":{\"@id\":\"https:\\\/\\\/jollery-bunny.ee\\\/en\\\/#organization\"},\"potentialAction\":[{\"@type\":\"SearchAction\",\"target\":{\"@type\":\"EntryPoint\",\"urlTemplate\":\"https:\\\/\\\/jollery-bunny.ee\\\/en\\\/?s={search_term_string}\"},\"query-input\":{\"@type\":\"PropertyValueSpecification\",\"valueRequired\":true,\"valueName\":\"search_term_string\"}}],\"inLanguage\":\"en-US\"},{\"@type\":\"Organization\",\"@id\":\"https:\\\/\\\/jollery-bunny.ee\\\/en\\\/#organization\",\"name\":\"Jolleri K\u00e4sit\u00f6\u00f6kamber\",\"url\":\"https:\\\/\\\/jollery-bunny.ee\\\/en\\\/\",\"logo\":{\"@type\":\"ImageObject\",\"inLanguage\":\"en-US\",\"@id\":\"https:\\\/\\\/jollery-bunny.ee\\\/en\\\/#\\\/schema\\\/logo\\\/image\\\/\",\"url\":\"https:\\\/\\\/jollery-bunny.ee\\\/wp-content\\\/uploads\\\/2013\\\/12\\\/logo.png\",\"contentUrl\":\"https:\\\/\\\/jollery-bunny.ee\\\/wp-content\\\/uploads\\\/2013\\\/12\\\/logo.png\",\"width\":583,\"height\":144,\"caption\":\"Jolleri K\u00e4sit\u00f6\u00f6kamber\"},\"image\":{\"@id\":\"https:\\\/\\\/jollery-bunny.ee\\\/en\\\/#\\\/schema\\\/logo\\\/image\\\/\"},\"sameAs\":[\"https:\\\/\\\/www.facebook.com\\\/jolleri\\\/\",\"https:\\\/\\\/www.instagram.com\\\/jollerybunny\\\/\"]}]}<\/script>\n<!-- \/ Yoast SEO plugin. -->","yoast_head_json":{"title":"Drops Karisma - E-pood | Jollery-Bunny - Estonian Handicraft","description":"Drops Karisma - Content: 100% Wool Yarn Group: B (20 - 22 stitches) \/ 8 ply \/ DK \/ worsted Weight\/length: 50 g = approx 100 m Recommended needle size: 4 - Special offers, Woolen yarn","robots":{"index":"index","follow":"follow","max-snippet":"max-snippet:-1","max-image-preview":"max-image-preview:large","max-video-preview":"max-video-preview:-1"},"canonical":"https:\/\/jollery-bunny.ee\/en\/toode\/drops-karisma-2\/","og_locale":"en_US","og_type":"article","og_title":"Drops Karisma - E-pood | Jollery-Bunny - Estonian Handicraft","og_description":"Drops Karisma - Content: 100% Wool Yarn Group: B (20 - 22 stitches) \/ 8 ply \/ DK \/ worsted Weight\/length: 50 g = approx 100 m Recommended needle size: 4 - Special offers, Woolen yarn","og_url":"https:\/\/jollery-bunny.ee\/en\/toode\/drops-karisma-2\/","og_site_name":"E-pood | Jollery-Bunny - Estonian Handicraft","article_publisher":"https:\/\/www.facebook.com\/jolleri\/","article_modified_time":"2024-03-01T09:53:59+00:00","og_image":[{"width":300,"height":300,"url":"https:\/\/jollery-bunny.ee\/wp-content\/uploads\/2021\/08\/karisma73.jpg","type":"image\/jpeg"}],"twitter_card":"summary_large_image","twitter_misc":{"Est. reading time":"1 minute"},"schema":{"@context":"https:\/\/schema.org","@graph":[{"@type":"WebPage","@id":"https:\/\/jollery-bunny.ee\/en\/toode\/drops-karisma-2\/","url":"https:\/\/jollery-bunny.ee\/en\/toode\/drops-karisma-2\/","name":"Drops Karisma - E-pood | Jollery-Bunny - Estonian Handicraft","isPartOf":{"@id":"https:\/\/jollery-bunny.ee\/en\/#website"},"primaryImageOfPage":{"@id":"https:\/\/jollery-bunny.ee\/en\/toode\/drops-karisma-2\/#primaryimage"},"image":{"@id":"https:\/\/jollery-bunny.ee\/en\/toode\/drops-karisma-2\/#primaryimage"},"thumbnailUrl":"https:\/\/jollery-bunny.ee\/wp-content\/uploads\/2021\/08\/karisma73.jpg","datePublished":"2021-08-15T19:54:54+00:00","dateModified":"2024-03-01T09:53:59+00:00","description":"Drops Karisma - Content: 100% Wool Yarn Group: B (20 - 22 stitches) \/ 8 ply \/ DK \/ worsted Weight\/length: 50 g = approx 100 m Recommended needle size: 4 - Special offers, Woolen yarn","breadcrumb":{"@id":"https:\/\/jollery-bunny.ee\/en\/toode\/drops-karisma-2\/#breadcrumb"},"inLanguage":"en-US","potentialAction":[{"@type":"ReadAction","target":["https:\/\/jollery-bunny.ee\/en\/toode\/drops-karisma-2\/"]}]},{"@type":"ImageObject","inLanguage":"en-US","@id":"https:\/\/jollery-bunny.ee\/en\/toode\/drops-karisma-2\/#primaryimage","url":"https:\/\/jollery-bunny.ee\/wp-content\/uploads\/2021\/08\/karisma73.jpg","contentUrl":"https:\/\/jollery-bunny.ee\/wp-content\/uploads\/2021\/08\/karisma73.jpg","width":300,"height":300},{"@type":"BreadcrumbList","@id":"https:\/\/jollery-bunny.ee\/en\/toode\/drops-karisma-2\/#breadcrumb","itemListElement":[{"@type":"ListItem","position":1,"name":"Home","item":"https:\/\/jollery-bunny.ee\/en\/"},{"@type":"ListItem","position":2,"name":"Jollery-bunny e-Shop","item":"https:\/\/jollery-bunny.ee\/en\/shop\/"},{"@type":"ListItem","position":3,"name":"Drops Karisma"}]},{"@type":"WebSite","@id":"https:\/\/jollery-bunny.ee\/en\/#website","url":"https:\/\/jollery-bunny.ee\/en\/","name":"E-pood | Jollery-Bunny - Estonian Handicraft","description":"Jolleri k\u00e4sit\u00f6\u00f6kamber","publisher":{"@id":"https:\/\/jollery-bunny.ee\/en\/#organization"},"potentialAction":[{"@type":"SearchAction","target":{"@type":"EntryPoint","urlTemplate":"https:\/\/jollery-bunny.ee\/en\/?s={search_term_string}"},"query-input":{"@type":"PropertyValueSpecification","valueRequired":true,"valueName":"search_term_string"}}],"inLanguage":"en-US"},{"@type":"Organization","@id":"https:\/\/jollery-bunny.ee\/en\/#organization","name":"Jolleri K\u00e4sit\u00f6\u00f6kamber","url":"https:\/\/jollery-bunny.ee\/en\/","logo":{"@type":"ImageObject","inLanguage":"en-US","@id":"https:\/\/jollery-bunny.ee\/en\/#\/schema\/logo\/image\/","url":"https:\/\/jollery-bunny.ee\/wp-content\/uploads\/2013\/12\/logo.png","contentUrl":"https:\/\/jollery-bunny.ee\/wp-content\/uploads\/2013\/12\/logo.png","width":583,"height":144,"caption":"Jolleri K\u00e4sit\u00f6\u00f6kamber"},"image":{"@id":"https:\/\/jollery-bunny.ee\/en\/#\/schema\/logo\/image\/"},"sameAs":["https:\/\/www.facebook.com\/jolleri\/","https:\/\/www.instagram.com\/jollerybunny\/"]}]}},"_links":{"self":[{"href":"https:\/\/jollery-bunny.ee\/en\/wp-json\/wp\/v2\/product\/18552","targetHints":{"allow":["GET"]}}],"collection":[{"href":"https:\/\/jollery-bunny.ee\/en\/wp-json\/wp\/v2\/product"}],"about":[{"href":"https:\/\/jollery-bunny.ee\/en\/wp-json\/wp\/v2\/types\/product"}],"replies":[{"embeddable":true,"href":"https:\/\/jollery-bunny.ee\/en\/wp-json\/wp\/v2\/comments?post=18552"}],"wp:featuredmedia":[{"embeddable":true,"href":"https:\/\/jollery-bunny.ee\/en\/wp-json\/wp\/v2\/media\/18541"}],"wp:attachment":[{"href":"https:\/\/jollery-bunny.ee\/en\/wp-json\/wp\/v2\/media?parent=18552"}],"wp:term":[{"taxonomy":"product_brand","embeddable":true,"href":"https:\/\/jollery-bunny.ee\/en\/wp-json\/wp\/v2\/product_brand?post=18552"},{"taxonomy":"product_cat","embeddable":true,"href":"https:\/\/jollery-bunny.ee\/en\/wp-json\/wp\/v2\/product_cat?post=18552"},{"taxonomy":"product_tag","embeddable":true,"href":"https:\/\/jollery-bunny.ee\/en\/wp-json\/wp\/v2\/product_tag?post=18552"}],"curies":[{"name":"wp","href":"https:\/\/api.w.org\/{rel}","templated":true}]}}