{"id":19940,"date":"2022-01-19T14:17:24","date_gmt":"2022-01-19T12:17:24","guid":{"rendered":"https:\/\/jollery-bunny.ee\/product\/cotton-light\/"},"modified":"2024-03-02T10:23:15","modified_gmt":"2024-03-02T08:23:15","slug":"cotton-light","status":"publish","type":"product","link":"https:\/\/jollery-bunny.ee\/en\/toode\/cotton-light\/","title":{"rendered":"Cotton Light"},"content":{"rendered":"<p>Content: 50% Cotton, 50% Polyester<br \/>\nYarn Group: B (20 &#8211; 22 stitches) \/ 8 ply \/ DK \/ worsted<br \/>\nWeight\/length: 50 g = approx 105 m<br \/>\nRecommended needle size: 4 mm<br \/>\nKnitting tension: 10 x 10 cm = 21 sts x 28 rows<br \/>\nMachine wash on gentle cycle 40\u00b0C \/ Dry Flat<\/p>\n<p>DROPS Cotton Light is a lovely soft yarn made from 50% cotton and 50% polyester micro. The micro fibers are thinner than silk strands and they do not take up moisture. This, combined with cotton, gives both summer and winter garments that breathe, have good shape stability and high durability.<\/p>\n<p>DROPS Cotton Light is also the perfect yarn for children garments, as it is machine washable and comes in a wide variety of fun and vibrant colours. The quality is spun from multiple strands which gives a smooth and even stitch definition.<\/p>\n<p>Please note, if you intend to use this yarn to crochet, that it tends to split due to the strands smooth and silky character.<\/p>\n<p>Made in EU<\/p>\n<p>This yarn has an Oeko-Tex\u00ae certification (certificate number 951032), Standard 100, Class I. This means that it has been tested and found completely free from harmful chemicals and that it is safe for human use. Class I is the highest level, and it means the yarn is suitable for baby articles (ages 0-3).<\/p>\n","protected":false},"excerpt":{"rendered":"<p>Content: 50% Cotton, 50% Polyester Yarn Group: B (20 &#8211; 22 stitches) \/ 8 ply \/ DK \/ worsted Weight\/length: 50 g = approx 105 m Recommended needle size: 4 mm Knitting tension: 10 x 10 cm = 21 sts x 28 rows Machine wash on gentle cycle 40\u00b0C \/ Dry Flat DROPS Cotton Light [&hellip;]<\/p>\n","protected":false},"featured_media":19899,"comment_status":"open","ping_status":"closed","template":"","meta":[],"product_brand":[],"product_cat":[91,92],"product_tag":[],"class_list":{"0":"post-19940","1":"product","2":"type-product","3":"status-publish","4":"has-post-thumbnail","6":"product_cat-cotton","7":"product_cat-mixed-yarn","9":"first","10":"instock","11":"shipping-taxable","12":"purchasable","13":"product-type-variable"},"yoast_head":"<!-- This site is optimized with the Yoast SEO plugin v27.3 - https:\/\/yoast.com\/product\/yoast-seo-wordpress\/ -->\n<title>Cotton Light - E-pood | Jollery-Bunny - Estonian Handicraft<\/title>\n<meta name=\"description\" content=\"Content: 50% Cotton, 50% Polyester Yarn Group: B (20 - 22 stitches) \/ 8 ply \/ DK \/ worsted Weight\/length: 50 g = approx 105 m Recommended needle size: 4 - Cotton, Mixed yarn\" \/>\n<meta name=\"robots\" content=\"index, follow, max-snippet:-1, max-image-preview:large, max-video-preview:-1\" \/>\n<link rel=\"canonical\" href=\"https:\/\/jollery-bunny.ee\/en\/toode\/cotton-light\/\" \/>\n<meta property=\"og:locale\" content=\"en_US\" \/>\n<meta property=\"og:type\" content=\"article\" \/>\n<meta property=\"og:title\" content=\"Cotton Light - E-pood | Jollery-Bunny - Estonian Handicraft\" \/>\n<meta property=\"og:description\" content=\"Content: 50% Cotton, 50% Polyester Yarn Group: B (20 - 22 stitches) \/ 8 ply \/ DK \/ worsted Weight\/length: 50 g = approx 105 m Recommended needle size: 4 - Cotton, Mixed yarn\" \/>\n<meta property=\"og:url\" content=\"https:\/\/jollery-bunny.ee\/en\/toode\/cotton-light\/\" \/>\n<meta property=\"og:site_name\" content=\"E-pood | Jollery-Bunny - Estonian Handicraft\" \/>\n<meta property=\"article:publisher\" content=\"https:\/\/www.facebook.com\/jolleri\/\" \/>\n<meta property=\"article:modified_time\" content=\"2024-03-02T08:23:15+00:00\" \/>\n<meta property=\"og:image\" content=\"https:\/\/jollery-bunny.ee\/wp-content\/uploads\/2022\/01\/cotton-light-36.jpg\" \/>\n\t<meta property=\"og:image:width\" content=\"300\" \/>\n\t<meta property=\"og:image:height\" content=\"300\" \/>\n\t<meta property=\"og:image:type\" content=\"image\/jpeg\" \/>\n<meta name=\"twitter:card\" content=\"summary_large_image\" \/>\n<meta name=\"twitter:label1\" content=\"Est. reading time\" \/>\n\t<meta name=\"twitter:data1\" content=\"1 minute\" \/>\n<script type=\"application\/ld+json\" class=\"yoast-schema-graph\">{\"@context\":\"https:\\\/\\\/schema.org\",\"@graph\":[{\"@type\":\"WebPage\",\"@id\":\"https:\\\/\\\/jollery-bunny.ee\\\/en\\\/toode\\\/cotton-light\\\/\",\"url\":\"https:\\\/\\\/jollery-bunny.ee\\\/en\\\/toode\\\/cotton-light\\\/\",\"name\":\"Cotton Light - E-pood | Jollery-Bunny - Estonian Handicraft\",\"isPartOf\":{\"@id\":\"https:\\\/\\\/jollery-bunny.ee\\\/en\\\/#website\"},\"primaryImageOfPage\":{\"@id\":\"https:\\\/\\\/jollery-bunny.ee\\\/en\\\/toode\\\/cotton-light\\\/#primaryimage\"},\"image\":{\"@id\":\"https:\\\/\\\/jollery-bunny.ee\\\/en\\\/toode\\\/cotton-light\\\/#primaryimage\"},\"thumbnailUrl\":\"https:\\\/\\\/jollery-bunny.ee\\\/wp-content\\\/uploads\\\/2022\\\/01\\\/cotton-light-36.jpg\",\"datePublished\":\"2022-01-19T12:17:24+00:00\",\"dateModified\":\"2024-03-02T08:23:15+00:00\",\"description\":\"Content: 50% Cotton, 50% Polyester Yarn Group: B (20 - 22 stitches) \\\/ 8 ply \\\/ DK \\\/ worsted Weight\\\/length: 50 g = approx 105 m Recommended needle size: 4 - Cotton, Mixed yarn\",\"breadcrumb\":{\"@id\":\"https:\\\/\\\/jollery-bunny.ee\\\/en\\\/toode\\\/cotton-light\\\/#breadcrumb\"},\"inLanguage\":\"en-US\",\"potentialAction\":[{\"@type\":\"ReadAction\",\"target\":[\"https:\\\/\\\/jollery-bunny.ee\\\/en\\\/toode\\\/cotton-light\\\/\"]}]},{\"@type\":\"ImageObject\",\"inLanguage\":\"en-US\",\"@id\":\"https:\\\/\\\/jollery-bunny.ee\\\/en\\\/toode\\\/cotton-light\\\/#primaryimage\",\"url\":\"https:\\\/\\\/jollery-bunny.ee\\\/wp-content\\\/uploads\\\/2022\\\/01\\\/cotton-light-36.jpg\",\"contentUrl\":\"https:\\\/\\\/jollery-bunny.ee\\\/wp-content\\\/uploads\\\/2022\\\/01\\\/cotton-light-36.jpg\",\"width\":300,\"height\":300},{\"@type\":\"BreadcrumbList\",\"@id\":\"https:\\\/\\\/jollery-bunny.ee\\\/en\\\/toode\\\/cotton-light\\\/#breadcrumb\",\"itemListElement\":[{\"@type\":\"ListItem\",\"position\":1,\"name\":\"Home\",\"item\":\"https:\\\/\\\/jollery-bunny.ee\\\/en\\\/\"},{\"@type\":\"ListItem\",\"position\":2,\"name\":\"Jollery-bunny e-Shop\",\"item\":\"https:\\\/\\\/jollery-bunny.ee\\\/en\\\/shop\\\/\"},{\"@type\":\"ListItem\",\"position\":3,\"name\":\"Cotton Light\"}]},{\"@type\":\"WebSite\",\"@id\":\"https:\\\/\\\/jollery-bunny.ee\\\/en\\\/#website\",\"url\":\"https:\\\/\\\/jollery-bunny.ee\\\/en\\\/\",\"name\":\"E-pood | Jollery-Bunny - Estonian Handicraft\",\"description\":\"Jolleri k\u00e4sit\u00f6\u00f6kamber\",\"publisher\":{\"@id\":\"https:\\\/\\\/jollery-bunny.ee\\\/en\\\/#organization\"},\"potentialAction\":[{\"@type\":\"SearchAction\",\"target\":{\"@type\":\"EntryPoint\",\"urlTemplate\":\"https:\\\/\\\/jollery-bunny.ee\\\/en\\\/?s={search_term_string}\"},\"query-input\":{\"@type\":\"PropertyValueSpecification\",\"valueRequired\":true,\"valueName\":\"search_term_string\"}}],\"inLanguage\":\"en-US\"},{\"@type\":\"Organization\",\"@id\":\"https:\\\/\\\/jollery-bunny.ee\\\/en\\\/#organization\",\"name\":\"Jolleri K\u00e4sit\u00f6\u00f6kamber\",\"url\":\"https:\\\/\\\/jollery-bunny.ee\\\/en\\\/\",\"logo\":{\"@type\":\"ImageObject\",\"inLanguage\":\"en-US\",\"@id\":\"https:\\\/\\\/jollery-bunny.ee\\\/en\\\/#\\\/schema\\\/logo\\\/image\\\/\",\"url\":\"https:\\\/\\\/jollery-bunny.ee\\\/wp-content\\\/uploads\\\/2013\\\/12\\\/logo.png\",\"contentUrl\":\"https:\\\/\\\/jollery-bunny.ee\\\/wp-content\\\/uploads\\\/2013\\\/12\\\/logo.png\",\"width\":583,\"height\":144,\"caption\":\"Jolleri K\u00e4sit\u00f6\u00f6kamber\"},\"image\":{\"@id\":\"https:\\\/\\\/jollery-bunny.ee\\\/en\\\/#\\\/schema\\\/logo\\\/image\\\/\"},\"sameAs\":[\"https:\\\/\\\/www.facebook.com\\\/jolleri\\\/\",\"https:\\\/\\\/www.instagram.com\\\/jollerybunny\\\/\"]}]}<\/script>\n<!-- \/ Yoast SEO plugin. -->","yoast_head_json":{"title":"Cotton Light - E-pood | Jollery-Bunny - Estonian Handicraft","description":"Content: 50% Cotton, 50% Polyester Yarn Group: B (20 - 22 stitches) \/ 8 ply \/ DK \/ worsted Weight\/length: 50 g = approx 105 m Recommended needle size: 4 - Cotton, Mixed yarn","robots":{"index":"index","follow":"follow","max-snippet":"max-snippet:-1","max-image-preview":"max-image-preview:large","max-video-preview":"max-video-preview:-1"},"canonical":"https:\/\/jollery-bunny.ee\/en\/toode\/cotton-light\/","og_locale":"en_US","og_type":"article","og_title":"Cotton Light - E-pood | Jollery-Bunny - Estonian Handicraft","og_description":"Content: 50% Cotton, 50% Polyester Yarn Group: B (20 - 22 stitches) \/ 8 ply \/ DK \/ worsted Weight\/length: 50 g = approx 105 m Recommended needle size: 4 - Cotton, Mixed yarn","og_url":"https:\/\/jollery-bunny.ee\/en\/toode\/cotton-light\/","og_site_name":"E-pood | Jollery-Bunny - Estonian Handicraft","article_publisher":"https:\/\/www.facebook.com\/jolleri\/","article_modified_time":"2024-03-02T08:23:15+00:00","og_image":[{"width":300,"height":300,"url":"https:\/\/jollery-bunny.ee\/wp-content\/uploads\/2022\/01\/cotton-light-36.jpg","type":"image\/jpeg"}],"twitter_card":"summary_large_image","twitter_misc":{"Est. reading time":"1 minute"},"schema":{"@context":"https:\/\/schema.org","@graph":[{"@type":"WebPage","@id":"https:\/\/jollery-bunny.ee\/en\/toode\/cotton-light\/","url":"https:\/\/jollery-bunny.ee\/en\/toode\/cotton-light\/","name":"Cotton Light - E-pood | Jollery-Bunny - Estonian Handicraft","isPartOf":{"@id":"https:\/\/jollery-bunny.ee\/en\/#website"},"primaryImageOfPage":{"@id":"https:\/\/jollery-bunny.ee\/en\/toode\/cotton-light\/#primaryimage"},"image":{"@id":"https:\/\/jollery-bunny.ee\/en\/toode\/cotton-light\/#primaryimage"},"thumbnailUrl":"https:\/\/jollery-bunny.ee\/wp-content\/uploads\/2022\/01\/cotton-light-36.jpg","datePublished":"2022-01-19T12:17:24+00:00","dateModified":"2024-03-02T08:23:15+00:00","description":"Content: 50% Cotton, 50% Polyester Yarn Group: B (20 - 22 stitches) \/ 8 ply \/ DK \/ worsted Weight\/length: 50 g = approx 105 m Recommended needle size: 4 - Cotton, Mixed yarn","breadcrumb":{"@id":"https:\/\/jollery-bunny.ee\/en\/toode\/cotton-light\/#breadcrumb"},"inLanguage":"en-US","potentialAction":[{"@type":"ReadAction","target":["https:\/\/jollery-bunny.ee\/en\/toode\/cotton-light\/"]}]},{"@type":"ImageObject","inLanguage":"en-US","@id":"https:\/\/jollery-bunny.ee\/en\/toode\/cotton-light\/#primaryimage","url":"https:\/\/jollery-bunny.ee\/wp-content\/uploads\/2022\/01\/cotton-light-36.jpg","contentUrl":"https:\/\/jollery-bunny.ee\/wp-content\/uploads\/2022\/01\/cotton-light-36.jpg","width":300,"height":300},{"@type":"BreadcrumbList","@id":"https:\/\/jollery-bunny.ee\/en\/toode\/cotton-light\/#breadcrumb","itemListElement":[{"@type":"ListItem","position":1,"name":"Home","item":"https:\/\/jollery-bunny.ee\/en\/"},{"@type":"ListItem","position":2,"name":"Jollery-bunny e-Shop","item":"https:\/\/jollery-bunny.ee\/en\/shop\/"},{"@type":"ListItem","position":3,"name":"Cotton Light"}]},{"@type":"WebSite","@id":"https:\/\/jollery-bunny.ee\/en\/#website","url":"https:\/\/jollery-bunny.ee\/en\/","name":"E-pood | Jollery-Bunny - Estonian Handicraft","description":"Jolleri k\u00e4sit\u00f6\u00f6kamber","publisher":{"@id":"https:\/\/jollery-bunny.ee\/en\/#organization"},"potentialAction":[{"@type":"SearchAction","target":{"@type":"EntryPoint","urlTemplate":"https:\/\/jollery-bunny.ee\/en\/?s={search_term_string}"},"query-input":{"@type":"PropertyValueSpecification","valueRequired":true,"valueName":"search_term_string"}}],"inLanguage":"en-US"},{"@type":"Organization","@id":"https:\/\/jollery-bunny.ee\/en\/#organization","name":"Jolleri K\u00e4sit\u00f6\u00f6kamber","url":"https:\/\/jollery-bunny.ee\/en\/","logo":{"@type":"ImageObject","inLanguage":"en-US","@id":"https:\/\/jollery-bunny.ee\/en\/#\/schema\/logo\/image\/","url":"https:\/\/jollery-bunny.ee\/wp-content\/uploads\/2013\/12\/logo.png","contentUrl":"https:\/\/jollery-bunny.ee\/wp-content\/uploads\/2013\/12\/logo.png","width":583,"height":144,"caption":"Jolleri K\u00e4sit\u00f6\u00f6kamber"},"image":{"@id":"https:\/\/jollery-bunny.ee\/en\/#\/schema\/logo\/image\/"},"sameAs":["https:\/\/www.facebook.com\/jolleri\/","https:\/\/www.instagram.com\/jollerybunny\/"]}]}},"_links":{"self":[{"href":"https:\/\/jollery-bunny.ee\/en\/wp-json\/wp\/v2\/product\/19940","targetHints":{"allow":["GET"]}}],"collection":[{"href":"https:\/\/jollery-bunny.ee\/en\/wp-json\/wp\/v2\/product"}],"about":[{"href":"https:\/\/jollery-bunny.ee\/en\/wp-json\/wp\/v2\/types\/product"}],"replies":[{"embeddable":true,"href":"https:\/\/jollery-bunny.ee\/en\/wp-json\/wp\/v2\/comments?post=19940"}],"wp:featuredmedia":[{"embeddable":true,"href":"https:\/\/jollery-bunny.ee\/en\/wp-json\/wp\/v2\/media\/19899"}],"wp:attachment":[{"href":"https:\/\/jollery-bunny.ee\/en\/wp-json\/wp\/v2\/media?parent=19940"}],"wp:term":[{"taxonomy":"product_brand","embeddable":true,"href":"https:\/\/jollery-bunny.ee\/en\/wp-json\/wp\/v2\/product_brand?post=19940"},{"taxonomy":"product_cat","embeddable":true,"href":"https:\/\/jollery-bunny.ee\/en\/wp-json\/wp\/v2\/product_cat?post=19940"},{"taxonomy":"product_tag","embeddable":true,"href":"https:\/\/jollery-bunny.ee\/en\/wp-json\/wp\/v2\/product_tag?post=19940"}],"curies":[{"name":"wp","href":"https:\/\/api.w.org\/{rel}","templated":true}]}}