{"id":19947,"date":"2022-01-19T14:48:32","date_gmt":"2022-01-19T12:48:32","guid":{"rendered":"https:\/\/jollery-bunny.ee\/product\/drops-belle-5\/"},"modified":"2024-03-02T10:22:26","modified_gmt":"2024-03-02T08:22:26","slug":"drops-belle-5","status":"publish","type":"product","link":"https:\/\/jollery-bunny.ee\/en\/toode\/drops-belle-5\/","title":{"rendered":"Drops Belle"},"content":{"rendered":"<p>Content: 53% Cotton, 33% Viscose, 14% Linen<br \/>\nYarn Group: B (20 &#8211; 22 stitches) \/ 8 ply \/ DK \/ worsted<br \/>\nWeight\/length: 50 g = approx 120 m<br \/>\nRecommended needle size: 4 mm<br \/>\nKnitting tension: 10 x 10 cm = 21 sts x 28 rows<br \/>\nMachine wash on gentle cycle 30\u00b0C \/ Dry Flat<\/p>\n<p>Made from a wonderful mix of cotton, viscose and linen, DROPS Belle is an all-year yarn that breathes well, has a delicate texture and shine, and it\u2019s perfect to wear directly on the skin!<\/p>\n<p>Part of Yarn Group B, this yarn is a great alternative to make patterns designed in other cotton yarns -like Cotton Light and Muskat- extra luxurious!<\/p>\n<p>Made in EU<\/p>\n<p>This yarn has an Oeko-Tex\u00ae certification (certificate number 09.HBG.68250), Standard 100, Class I. This means that it has been tested and found completely free from harmful chemicals and that it is safe for human use. Class I is the highest level, and it means the yarn is suitable for baby articles (ages 0-3).<\/p>\n","protected":false},"excerpt":{"rendered":"<p>Content: 53% Cotton, 33% Viscose, 14% Linen Yarn Group: B (20 &#8211; 22 stitches) \/ 8 ply \/ DK \/ worsted Weight\/length: 50 g = approx 120 m Recommended needle size: 4 mm Knitting tension: 10 x 10 cm = 21 sts x 28 rows Machine wash on gentle cycle 30\u00b0C \/ Dry Flat Made [&hellip;]<\/p>\n","protected":false},"featured_media":19922,"comment_status":"open","ping_status":"closed","template":"","meta":[],"product_brand":[],"product_cat":[91,134,92],"product_tag":[],"class_list":{"0":"post-19947","1":"product","2":"type-product","3":"status-publish","4":"has-post-thumbnail","6":"product_cat-cotton","7":"product_cat-linen","8":"product_cat-mixed-yarn","10":"first","11":"instock","12":"shipping-taxable","13":"purchasable","14":"product-type-variable"},"yoast_head":"<!-- This site is optimized with the Yoast SEO plugin v27.3 - https:\/\/yoast.com\/product\/yoast-seo-wordpress\/ -->\n<title>Drops Belle - E-pood | Jollery-Bunny - Estonian Handicraft<\/title>\n<meta name=\"description\" content=\"Content: 53% Cotton, 33% Viscose, 14% Linen Yarn Group: B (20 - 22 stitches) \/ 8 ply \/ DK \/ worsted Weight\/length: 50 g = approx 120 m Recommended needle - Cotton, Linen, Mixed yarn\" \/>\n<meta name=\"robots\" content=\"index, follow, max-snippet:-1, max-image-preview:large, max-video-preview:-1\" \/>\n<link rel=\"canonical\" href=\"https:\/\/jollery-bunny.ee\/en\/toode\/drops-belle-5\/\" \/>\n<meta property=\"og:locale\" content=\"en_US\" \/>\n<meta property=\"og:type\" content=\"article\" \/>\n<meta property=\"og:title\" content=\"Drops Belle - E-pood | Jollery-Bunny - Estonian Handicraft\" \/>\n<meta property=\"og:description\" content=\"Content: 53% Cotton, 33% Viscose, 14% Linen Yarn Group: B (20 - 22 stitches) \/ 8 ply \/ DK \/ worsted Weight\/length: 50 g = approx 120 m Recommended needle - Cotton, Linen, Mixed yarn\" \/>\n<meta property=\"og:url\" content=\"https:\/\/jollery-bunny.ee\/en\/toode\/drops-belle-5\/\" \/>\n<meta property=\"og:site_name\" content=\"E-pood | Jollery-Bunny - Estonian Handicraft\" \/>\n<meta property=\"article:publisher\" content=\"https:\/\/www.facebook.com\/jolleri\/\" \/>\n<meta property=\"article:modified_time\" content=\"2024-03-02T08:22:26+00:00\" \/>\n<meta property=\"og:image\" content=\"https:\/\/jollery-bunny.ee\/wp-content\/uploads\/2022\/01\/belle-16-mauve.jpg\" \/>\n\t<meta property=\"og:image:width\" content=\"300\" \/>\n\t<meta property=\"og:image:height\" content=\"300\" \/>\n\t<meta property=\"og:image:type\" content=\"image\/jpeg\" \/>\n<meta name=\"twitter:card\" content=\"summary_large_image\" \/>\n<meta name=\"twitter:label1\" content=\"Est. reading time\" \/>\n\t<meta name=\"twitter:data1\" content=\"1 minute\" \/>\n<script type=\"application\/ld+json\" class=\"yoast-schema-graph\">{\"@context\":\"https:\\\/\\\/schema.org\",\"@graph\":[{\"@type\":\"WebPage\",\"@id\":\"https:\\\/\\\/jollery-bunny.ee\\\/en\\\/toode\\\/drops-belle-5\\\/\",\"url\":\"https:\\\/\\\/jollery-bunny.ee\\\/en\\\/toode\\\/drops-belle-5\\\/\",\"name\":\"Drops Belle - E-pood | Jollery-Bunny - Estonian Handicraft\",\"isPartOf\":{\"@id\":\"https:\\\/\\\/jollery-bunny.ee\\\/en\\\/#website\"},\"primaryImageOfPage\":{\"@id\":\"https:\\\/\\\/jollery-bunny.ee\\\/en\\\/toode\\\/drops-belle-5\\\/#primaryimage\"},\"image\":{\"@id\":\"https:\\\/\\\/jollery-bunny.ee\\\/en\\\/toode\\\/drops-belle-5\\\/#primaryimage\"},\"thumbnailUrl\":\"https:\\\/\\\/jollery-bunny.ee\\\/wp-content\\\/uploads\\\/2022\\\/01\\\/belle-16-mauve.jpg\",\"datePublished\":\"2022-01-19T12:48:32+00:00\",\"dateModified\":\"2024-03-02T08:22:26+00:00\",\"description\":\"Content: 53% Cotton, 33% Viscose, 14% Linen Yarn Group: B (20 - 22 stitches) \\\/ 8 ply \\\/ DK \\\/ worsted Weight\\\/length: 50 g = approx 120 m Recommended needle - Cotton, Linen, Mixed yarn\",\"breadcrumb\":{\"@id\":\"https:\\\/\\\/jollery-bunny.ee\\\/en\\\/toode\\\/drops-belle-5\\\/#breadcrumb\"},\"inLanguage\":\"en-US\",\"potentialAction\":[{\"@type\":\"ReadAction\",\"target\":[\"https:\\\/\\\/jollery-bunny.ee\\\/en\\\/toode\\\/drops-belle-5\\\/\"]}]},{\"@type\":\"ImageObject\",\"inLanguage\":\"en-US\",\"@id\":\"https:\\\/\\\/jollery-bunny.ee\\\/en\\\/toode\\\/drops-belle-5\\\/#primaryimage\",\"url\":\"https:\\\/\\\/jollery-bunny.ee\\\/wp-content\\\/uploads\\\/2022\\\/01\\\/belle-16-mauve.jpg\",\"contentUrl\":\"https:\\\/\\\/jollery-bunny.ee\\\/wp-content\\\/uploads\\\/2022\\\/01\\\/belle-16-mauve.jpg\",\"width\":300,\"height\":300},{\"@type\":\"BreadcrumbList\",\"@id\":\"https:\\\/\\\/jollery-bunny.ee\\\/en\\\/toode\\\/drops-belle-5\\\/#breadcrumb\",\"itemListElement\":[{\"@type\":\"ListItem\",\"position\":1,\"name\":\"Home\",\"item\":\"https:\\\/\\\/jollery-bunny.ee\\\/en\\\/\"},{\"@type\":\"ListItem\",\"position\":2,\"name\":\"Jollery-bunny e-Shop\",\"item\":\"https:\\\/\\\/jollery-bunny.ee\\\/en\\\/shop\\\/\"},{\"@type\":\"ListItem\",\"position\":3,\"name\":\"Drops Belle\"}]},{\"@type\":\"WebSite\",\"@id\":\"https:\\\/\\\/jollery-bunny.ee\\\/en\\\/#website\",\"url\":\"https:\\\/\\\/jollery-bunny.ee\\\/en\\\/\",\"name\":\"E-pood | Jollery-Bunny - Estonian Handicraft\",\"description\":\"Jolleri k\u00e4sit\u00f6\u00f6kamber\",\"publisher\":{\"@id\":\"https:\\\/\\\/jollery-bunny.ee\\\/en\\\/#organization\"},\"potentialAction\":[{\"@type\":\"SearchAction\",\"target\":{\"@type\":\"EntryPoint\",\"urlTemplate\":\"https:\\\/\\\/jollery-bunny.ee\\\/en\\\/?s={search_term_string}\"},\"query-input\":{\"@type\":\"PropertyValueSpecification\",\"valueRequired\":true,\"valueName\":\"search_term_string\"}}],\"inLanguage\":\"en-US\"},{\"@type\":\"Organization\",\"@id\":\"https:\\\/\\\/jollery-bunny.ee\\\/en\\\/#organization\",\"name\":\"Jolleri K\u00e4sit\u00f6\u00f6kamber\",\"url\":\"https:\\\/\\\/jollery-bunny.ee\\\/en\\\/\",\"logo\":{\"@type\":\"ImageObject\",\"inLanguage\":\"en-US\",\"@id\":\"https:\\\/\\\/jollery-bunny.ee\\\/en\\\/#\\\/schema\\\/logo\\\/image\\\/\",\"url\":\"https:\\\/\\\/jollery-bunny.ee\\\/wp-content\\\/uploads\\\/2013\\\/12\\\/logo.png\",\"contentUrl\":\"https:\\\/\\\/jollery-bunny.ee\\\/wp-content\\\/uploads\\\/2013\\\/12\\\/logo.png\",\"width\":583,\"height\":144,\"caption\":\"Jolleri K\u00e4sit\u00f6\u00f6kamber\"},\"image\":{\"@id\":\"https:\\\/\\\/jollery-bunny.ee\\\/en\\\/#\\\/schema\\\/logo\\\/image\\\/\"},\"sameAs\":[\"https:\\\/\\\/www.facebook.com\\\/jolleri\\\/\",\"https:\\\/\\\/www.instagram.com\\\/jollerybunny\\\/\"]}]}<\/script>\n<!-- \/ Yoast SEO plugin. -->","yoast_head_json":{"title":"Drops Belle - E-pood | Jollery-Bunny - Estonian Handicraft","description":"Content: 53% Cotton, 33% Viscose, 14% Linen Yarn Group: B (20 - 22 stitches) \/ 8 ply \/ DK \/ worsted Weight\/length: 50 g = approx 120 m Recommended needle - Cotton, Linen, Mixed yarn","robots":{"index":"index","follow":"follow","max-snippet":"max-snippet:-1","max-image-preview":"max-image-preview:large","max-video-preview":"max-video-preview:-1"},"canonical":"https:\/\/jollery-bunny.ee\/en\/toode\/drops-belle-5\/","og_locale":"en_US","og_type":"article","og_title":"Drops Belle - E-pood | Jollery-Bunny - Estonian Handicraft","og_description":"Content: 53% Cotton, 33% Viscose, 14% Linen Yarn Group: B (20 - 22 stitches) \/ 8 ply \/ DK \/ worsted Weight\/length: 50 g = approx 120 m Recommended needle - Cotton, Linen, Mixed yarn","og_url":"https:\/\/jollery-bunny.ee\/en\/toode\/drops-belle-5\/","og_site_name":"E-pood | Jollery-Bunny - Estonian Handicraft","article_publisher":"https:\/\/www.facebook.com\/jolleri\/","article_modified_time":"2024-03-02T08:22:26+00:00","og_image":[{"width":300,"height":300,"url":"https:\/\/jollery-bunny.ee\/wp-content\/uploads\/2022\/01\/belle-16-mauve.jpg","type":"image\/jpeg"}],"twitter_card":"summary_large_image","twitter_misc":{"Est. reading time":"1 minute"},"schema":{"@context":"https:\/\/schema.org","@graph":[{"@type":"WebPage","@id":"https:\/\/jollery-bunny.ee\/en\/toode\/drops-belle-5\/","url":"https:\/\/jollery-bunny.ee\/en\/toode\/drops-belle-5\/","name":"Drops Belle - E-pood | Jollery-Bunny - Estonian Handicraft","isPartOf":{"@id":"https:\/\/jollery-bunny.ee\/en\/#website"},"primaryImageOfPage":{"@id":"https:\/\/jollery-bunny.ee\/en\/toode\/drops-belle-5\/#primaryimage"},"image":{"@id":"https:\/\/jollery-bunny.ee\/en\/toode\/drops-belle-5\/#primaryimage"},"thumbnailUrl":"https:\/\/jollery-bunny.ee\/wp-content\/uploads\/2022\/01\/belle-16-mauve.jpg","datePublished":"2022-01-19T12:48:32+00:00","dateModified":"2024-03-02T08:22:26+00:00","description":"Content: 53% Cotton, 33% Viscose, 14% Linen Yarn Group: B (20 - 22 stitches) \/ 8 ply \/ DK \/ worsted Weight\/length: 50 g = approx 120 m Recommended needle - Cotton, Linen, Mixed yarn","breadcrumb":{"@id":"https:\/\/jollery-bunny.ee\/en\/toode\/drops-belle-5\/#breadcrumb"},"inLanguage":"en-US","potentialAction":[{"@type":"ReadAction","target":["https:\/\/jollery-bunny.ee\/en\/toode\/drops-belle-5\/"]}]},{"@type":"ImageObject","inLanguage":"en-US","@id":"https:\/\/jollery-bunny.ee\/en\/toode\/drops-belle-5\/#primaryimage","url":"https:\/\/jollery-bunny.ee\/wp-content\/uploads\/2022\/01\/belle-16-mauve.jpg","contentUrl":"https:\/\/jollery-bunny.ee\/wp-content\/uploads\/2022\/01\/belle-16-mauve.jpg","width":300,"height":300},{"@type":"BreadcrumbList","@id":"https:\/\/jollery-bunny.ee\/en\/toode\/drops-belle-5\/#breadcrumb","itemListElement":[{"@type":"ListItem","position":1,"name":"Home","item":"https:\/\/jollery-bunny.ee\/en\/"},{"@type":"ListItem","position":2,"name":"Jollery-bunny e-Shop","item":"https:\/\/jollery-bunny.ee\/en\/shop\/"},{"@type":"ListItem","position":3,"name":"Drops Belle"}]},{"@type":"WebSite","@id":"https:\/\/jollery-bunny.ee\/en\/#website","url":"https:\/\/jollery-bunny.ee\/en\/","name":"E-pood | Jollery-Bunny - Estonian Handicraft","description":"Jolleri k\u00e4sit\u00f6\u00f6kamber","publisher":{"@id":"https:\/\/jollery-bunny.ee\/en\/#organization"},"potentialAction":[{"@type":"SearchAction","target":{"@type":"EntryPoint","urlTemplate":"https:\/\/jollery-bunny.ee\/en\/?s={search_term_string}"},"query-input":{"@type":"PropertyValueSpecification","valueRequired":true,"valueName":"search_term_string"}}],"inLanguage":"en-US"},{"@type":"Organization","@id":"https:\/\/jollery-bunny.ee\/en\/#organization","name":"Jolleri K\u00e4sit\u00f6\u00f6kamber","url":"https:\/\/jollery-bunny.ee\/en\/","logo":{"@type":"ImageObject","inLanguage":"en-US","@id":"https:\/\/jollery-bunny.ee\/en\/#\/schema\/logo\/image\/","url":"https:\/\/jollery-bunny.ee\/wp-content\/uploads\/2013\/12\/logo.png","contentUrl":"https:\/\/jollery-bunny.ee\/wp-content\/uploads\/2013\/12\/logo.png","width":583,"height":144,"caption":"Jolleri K\u00e4sit\u00f6\u00f6kamber"},"image":{"@id":"https:\/\/jollery-bunny.ee\/en\/#\/schema\/logo\/image\/"},"sameAs":["https:\/\/www.facebook.com\/jolleri\/","https:\/\/www.instagram.com\/jollerybunny\/"]}]}},"_links":{"self":[{"href":"https:\/\/jollery-bunny.ee\/en\/wp-json\/wp\/v2\/product\/19947","targetHints":{"allow":["GET"]}}],"collection":[{"href":"https:\/\/jollery-bunny.ee\/en\/wp-json\/wp\/v2\/product"}],"about":[{"href":"https:\/\/jollery-bunny.ee\/en\/wp-json\/wp\/v2\/types\/product"}],"replies":[{"embeddable":true,"href":"https:\/\/jollery-bunny.ee\/en\/wp-json\/wp\/v2\/comments?post=19947"}],"wp:featuredmedia":[{"embeddable":true,"href":"https:\/\/jollery-bunny.ee\/en\/wp-json\/wp\/v2\/media\/19922"}],"wp:attachment":[{"href":"https:\/\/jollery-bunny.ee\/en\/wp-json\/wp\/v2\/media?parent=19947"}],"wp:term":[{"taxonomy":"product_brand","embeddable":true,"href":"https:\/\/jollery-bunny.ee\/en\/wp-json\/wp\/v2\/product_brand?post=19947"},{"taxonomy":"product_cat","embeddable":true,"href":"https:\/\/jollery-bunny.ee\/en\/wp-json\/wp\/v2\/product_cat?post=19947"},{"taxonomy":"product_tag","embeddable":true,"href":"https:\/\/jollery-bunny.ee\/en\/wp-json\/wp\/v2\/product_tag?post=19947"}],"curies":[{"name":"wp","href":"https:\/\/api.w.org\/{rel}","templated":true}]}}