{"id":19963,"date":"2022-01-19T14:03:40","date_gmt":"2022-01-19T12:03:40","guid":{"rendered":"https:\/\/jollery-bunny.ee\/product\/drops-lima-10\/"},"modified":"2023-10-10T15:01:36","modified_gmt":"2023-10-10T12:01:36","slug":"drops-lima-10","status":"publish","type":"product","link":"https:\/\/jollery-bunny.ee\/en\/toode\/drops-lima-10\/","title":{"rendered":"Drops Lima"},"content":{"rendered":"<p>The perfect every day yarn<br \/>\nContent: 65% Wool, 35% Alpaca<br \/>\nYarn Group: B (20 &#8211; 22 stitches) \/ 8 ply \/ DK \/ worsted<br \/>\nWeight\/length: 50 g = approx 100 m<br \/>\nRecommended needle size: 4 mm<br \/>\nKnitting tension: 10 x 10 cm = 21 sts x 28 rows<br \/>\nHand Wash, max 30\u00b0C \/ Dry Flat \/ Feltable<\/p>\n<p>DROPS Lima is a 4 strands sport yarn, the continuation of our bestseller DROPS Nepal. Made from a combination of 65% Peruvian Highland wool and 35% superfine alpaca, its fibers are untreated, which means that they are only washed and not exposed to any chemical treatment prior to the dyeing. This highlights the fibers\u2019 natural properties, while it provides also a better shape and texture quality.<\/p>\n<p>DROPS Lima is perfect for outdoor garments like classic Norwegian sweaters and sportswear, that are usually knitted tight for good shape stability. Hard wearing and durable like any great wool yarn should be, it has also the lovely properties from the alpaca, being soft and comfortable. A sport yarn with a touch of luxury!<\/p>\n<p>DROPS Lima contains mixed colours, this means the wool is manufactured by carding the colours together before spinning, which gives it a mixed effect.<\/p>\n<p>Made in Peru<\/p>\n","protected":false},"excerpt":{"rendered":"<p>The perfect every day yarn Content: 65% Wool, 35% Alpaca Yarn Group: B (20 &#8211; 22 stitches) \/ 8 ply \/ DK \/ worsted Weight\/length: 50 g = approx 100 m Recommended needle size: 4 mm Knitting tension: 10 x 10 cm = 21 sts x 28 rows Hand Wash, max 30\u00b0C \/ Dry Flat [&hellip;]<\/p>\n","protected":false},"featured_media":19890,"comment_status":"open","ping_status":"closed","template":"","meta":[],"product_brand":[],"product_cat":[129,93],"product_tag":[],"class_list":{"0":"post-19963","1":"product","2":"type-product","3":"status-publish","4":"has-post-thumbnail","6":"product_cat-alpaka-wool","7":"product_cat-woolen-yarn","9":"first","10":"instock","11":"shipping-taxable","12":"purchasable","13":"product-type-variable"},"yoast_head":"<!-- This site is optimized with the Yoast SEO plugin v27.3 - https:\/\/yoast.com\/product\/yoast-seo-wordpress\/ -->\n<title>Drops Lima - E-pood | Jollery-Bunny - Estonian Handicraft<\/title>\n<meta name=\"description\" content=\"The perfect every day yarn Content: 65% Wool, 35% Alpaca Yarn Group: B (20 - 22 stitches) \/ 8 ply \/ DK \/ worsted Weight\/length: 50 g = approx 100 m - Alpaka wool, Woolen yarn\" \/>\n<meta name=\"robots\" content=\"index, follow, max-snippet:-1, max-image-preview:large, max-video-preview:-1\" \/>\n<link rel=\"canonical\" href=\"https:\/\/jollery-bunny.ee\/en\/toode\/drops-lima-10\/\" \/>\n<meta property=\"og:locale\" content=\"en_US\" \/>\n<meta property=\"og:type\" content=\"article\" \/>\n<meta property=\"og:title\" content=\"Drops Lima - E-pood | Jollery-Bunny - Estonian Handicraft\" \/>\n<meta property=\"og:description\" content=\"The perfect every day yarn Content: 65% Wool, 35% Alpaca Yarn Group: B (20 - 22 stitches) \/ 8 ply \/ DK \/ worsted Weight\/length: 50 g = approx 100 m - Alpaka wool, Woolen yarn\" \/>\n<meta property=\"og:url\" content=\"https:\/\/jollery-bunny.ee\/en\/toode\/drops-lima-10\/\" \/>\n<meta property=\"og:site_name\" content=\"E-pood | Jollery-Bunny - Estonian Handicraft\" \/>\n<meta property=\"article:publisher\" content=\"https:\/\/www.facebook.com\/jolleri\/\" \/>\n<meta property=\"article:modified_time\" content=\"2023-10-10T12:01:36+00:00\" \/>\n<meta property=\"og:image\" content=\"https:\/\/jollery-bunny.ee\/wp-content\/uploads\/2022\/01\/lima-1101.jpg\" \/>\n\t<meta property=\"og:image:width\" content=\"300\" \/>\n\t<meta property=\"og:image:height\" content=\"300\" \/>\n\t<meta property=\"og:image:type\" content=\"image\/jpeg\" \/>\n<meta name=\"twitter:card\" content=\"summary_large_image\" \/>\n<meta name=\"twitter:label1\" content=\"Est. reading time\" \/>\n\t<meta name=\"twitter:data1\" content=\"1 minute\" \/>\n<script type=\"application\/ld+json\" class=\"yoast-schema-graph\">{\"@context\":\"https:\\\/\\\/schema.org\",\"@graph\":[{\"@type\":\"WebPage\",\"@id\":\"https:\\\/\\\/jollery-bunny.ee\\\/en\\\/toode\\\/drops-lima-10\\\/\",\"url\":\"https:\\\/\\\/jollery-bunny.ee\\\/en\\\/toode\\\/drops-lima-10\\\/\",\"name\":\"Drops Lima - E-pood | Jollery-Bunny - Estonian Handicraft\",\"isPartOf\":{\"@id\":\"https:\\\/\\\/jollery-bunny.ee\\\/en\\\/#website\"},\"primaryImageOfPage\":{\"@id\":\"https:\\\/\\\/jollery-bunny.ee\\\/en\\\/toode\\\/drops-lima-10\\\/#primaryimage\"},\"image\":{\"@id\":\"https:\\\/\\\/jollery-bunny.ee\\\/en\\\/toode\\\/drops-lima-10\\\/#primaryimage\"},\"thumbnailUrl\":\"https:\\\/\\\/jollery-bunny.ee\\\/wp-content\\\/uploads\\\/2022\\\/01\\\/lima-1101.jpg\",\"datePublished\":\"2022-01-19T12:03:40+00:00\",\"dateModified\":\"2023-10-10T12:01:36+00:00\",\"description\":\"The perfect every day yarn Content: 65% Wool, 35% Alpaca Yarn Group: B (20 - 22 stitches) \\\/ 8 ply \\\/ DK \\\/ worsted Weight\\\/length: 50 g = approx 100 m - Alpaka wool, Woolen yarn\",\"breadcrumb\":{\"@id\":\"https:\\\/\\\/jollery-bunny.ee\\\/en\\\/toode\\\/drops-lima-10\\\/#breadcrumb\"},\"inLanguage\":\"en-US\",\"potentialAction\":[{\"@type\":\"ReadAction\",\"target\":[\"https:\\\/\\\/jollery-bunny.ee\\\/en\\\/toode\\\/drops-lima-10\\\/\"]}]},{\"@type\":\"ImageObject\",\"inLanguage\":\"en-US\",\"@id\":\"https:\\\/\\\/jollery-bunny.ee\\\/en\\\/toode\\\/drops-lima-10\\\/#primaryimage\",\"url\":\"https:\\\/\\\/jollery-bunny.ee\\\/wp-content\\\/uploads\\\/2022\\\/01\\\/lima-1101.jpg\",\"contentUrl\":\"https:\\\/\\\/jollery-bunny.ee\\\/wp-content\\\/uploads\\\/2022\\\/01\\\/lima-1101.jpg\",\"width\":300,\"height\":300},{\"@type\":\"BreadcrumbList\",\"@id\":\"https:\\\/\\\/jollery-bunny.ee\\\/en\\\/toode\\\/drops-lima-10\\\/#breadcrumb\",\"itemListElement\":[{\"@type\":\"ListItem\",\"position\":1,\"name\":\"Home\",\"item\":\"https:\\\/\\\/jollery-bunny.ee\\\/en\\\/\"},{\"@type\":\"ListItem\",\"position\":2,\"name\":\"Jollery-bunny e-Shop\",\"item\":\"https:\\\/\\\/jollery-bunny.ee\\\/en\\\/shop\\\/\"},{\"@type\":\"ListItem\",\"position\":3,\"name\":\"Drops Lima\"}]},{\"@type\":\"WebSite\",\"@id\":\"https:\\\/\\\/jollery-bunny.ee\\\/en\\\/#website\",\"url\":\"https:\\\/\\\/jollery-bunny.ee\\\/en\\\/\",\"name\":\"E-pood | Jollery-Bunny - Estonian Handicraft\",\"description\":\"Jolleri k\u00e4sit\u00f6\u00f6kamber\",\"publisher\":{\"@id\":\"https:\\\/\\\/jollery-bunny.ee\\\/en\\\/#organization\"},\"potentialAction\":[{\"@type\":\"SearchAction\",\"target\":{\"@type\":\"EntryPoint\",\"urlTemplate\":\"https:\\\/\\\/jollery-bunny.ee\\\/en\\\/?s={search_term_string}\"},\"query-input\":{\"@type\":\"PropertyValueSpecification\",\"valueRequired\":true,\"valueName\":\"search_term_string\"}}],\"inLanguage\":\"en-US\"},{\"@type\":\"Organization\",\"@id\":\"https:\\\/\\\/jollery-bunny.ee\\\/en\\\/#organization\",\"name\":\"Jolleri K\u00e4sit\u00f6\u00f6kamber\",\"url\":\"https:\\\/\\\/jollery-bunny.ee\\\/en\\\/\",\"logo\":{\"@type\":\"ImageObject\",\"inLanguage\":\"en-US\",\"@id\":\"https:\\\/\\\/jollery-bunny.ee\\\/en\\\/#\\\/schema\\\/logo\\\/image\\\/\",\"url\":\"https:\\\/\\\/jollery-bunny.ee\\\/wp-content\\\/uploads\\\/2013\\\/12\\\/logo.png\",\"contentUrl\":\"https:\\\/\\\/jollery-bunny.ee\\\/wp-content\\\/uploads\\\/2013\\\/12\\\/logo.png\",\"width\":583,\"height\":144,\"caption\":\"Jolleri K\u00e4sit\u00f6\u00f6kamber\"},\"image\":{\"@id\":\"https:\\\/\\\/jollery-bunny.ee\\\/en\\\/#\\\/schema\\\/logo\\\/image\\\/\"},\"sameAs\":[\"https:\\\/\\\/www.facebook.com\\\/jolleri\\\/\",\"https:\\\/\\\/www.instagram.com\\\/jollerybunny\\\/\"]}]}<\/script>\n<!-- \/ Yoast SEO plugin. -->","yoast_head_json":{"title":"Drops Lima - E-pood | Jollery-Bunny - Estonian Handicraft","description":"The perfect every day yarn Content: 65% Wool, 35% Alpaca Yarn Group: B (20 - 22 stitches) \/ 8 ply \/ DK \/ worsted Weight\/length: 50 g = approx 100 m - Alpaka wool, Woolen yarn","robots":{"index":"index","follow":"follow","max-snippet":"max-snippet:-1","max-image-preview":"max-image-preview:large","max-video-preview":"max-video-preview:-1"},"canonical":"https:\/\/jollery-bunny.ee\/en\/toode\/drops-lima-10\/","og_locale":"en_US","og_type":"article","og_title":"Drops Lima - E-pood | Jollery-Bunny - Estonian Handicraft","og_description":"The perfect every day yarn Content: 65% Wool, 35% Alpaca Yarn Group: B (20 - 22 stitches) \/ 8 ply \/ DK \/ worsted Weight\/length: 50 g = approx 100 m - Alpaka wool, Woolen yarn","og_url":"https:\/\/jollery-bunny.ee\/en\/toode\/drops-lima-10\/","og_site_name":"E-pood | Jollery-Bunny - Estonian Handicraft","article_publisher":"https:\/\/www.facebook.com\/jolleri\/","article_modified_time":"2023-10-10T12:01:36+00:00","og_image":[{"width":300,"height":300,"url":"https:\/\/jollery-bunny.ee\/wp-content\/uploads\/2022\/01\/lima-1101.jpg","type":"image\/jpeg"}],"twitter_card":"summary_large_image","twitter_misc":{"Est. reading time":"1 minute"},"schema":{"@context":"https:\/\/schema.org","@graph":[{"@type":"WebPage","@id":"https:\/\/jollery-bunny.ee\/en\/toode\/drops-lima-10\/","url":"https:\/\/jollery-bunny.ee\/en\/toode\/drops-lima-10\/","name":"Drops Lima - E-pood | Jollery-Bunny - Estonian Handicraft","isPartOf":{"@id":"https:\/\/jollery-bunny.ee\/en\/#website"},"primaryImageOfPage":{"@id":"https:\/\/jollery-bunny.ee\/en\/toode\/drops-lima-10\/#primaryimage"},"image":{"@id":"https:\/\/jollery-bunny.ee\/en\/toode\/drops-lima-10\/#primaryimage"},"thumbnailUrl":"https:\/\/jollery-bunny.ee\/wp-content\/uploads\/2022\/01\/lima-1101.jpg","datePublished":"2022-01-19T12:03:40+00:00","dateModified":"2023-10-10T12:01:36+00:00","description":"The perfect every day yarn Content: 65% Wool, 35% Alpaca Yarn Group: B (20 - 22 stitches) \/ 8 ply \/ DK \/ worsted Weight\/length: 50 g = approx 100 m - Alpaka wool, Woolen yarn","breadcrumb":{"@id":"https:\/\/jollery-bunny.ee\/en\/toode\/drops-lima-10\/#breadcrumb"},"inLanguage":"en-US","potentialAction":[{"@type":"ReadAction","target":["https:\/\/jollery-bunny.ee\/en\/toode\/drops-lima-10\/"]}]},{"@type":"ImageObject","inLanguage":"en-US","@id":"https:\/\/jollery-bunny.ee\/en\/toode\/drops-lima-10\/#primaryimage","url":"https:\/\/jollery-bunny.ee\/wp-content\/uploads\/2022\/01\/lima-1101.jpg","contentUrl":"https:\/\/jollery-bunny.ee\/wp-content\/uploads\/2022\/01\/lima-1101.jpg","width":300,"height":300},{"@type":"BreadcrumbList","@id":"https:\/\/jollery-bunny.ee\/en\/toode\/drops-lima-10\/#breadcrumb","itemListElement":[{"@type":"ListItem","position":1,"name":"Home","item":"https:\/\/jollery-bunny.ee\/en\/"},{"@type":"ListItem","position":2,"name":"Jollery-bunny e-Shop","item":"https:\/\/jollery-bunny.ee\/en\/shop\/"},{"@type":"ListItem","position":3,"name":"Drops Lima"}]},{"@type":"WebSite","@id":"https:\/\/jollery-bunny.ee\/en\/#website","url":"https:\/\/jollery-bunny.ee\/en\/","name":"E-pood | Jollery-Bunny - Estonian Handicraft","description":"Jolleri k\u00e4sit\u00f6\u00f6kamber","publisher":{"@id":"https:\/\/jollery-bunny.ee\/en\/#organization"},"potentialAction":[{"@type":"SearchAction","target":{"@type":"EntryPoint","urlTemplate":"https:\/\/jollery-bunny.ee\/en\/?s={search_term_string}"},"query-input":{"@type":"PropertyValueSpecification","valueRequired":true,"valueName":"search_term_string"}}],"inLanguage":"en-US"},{"@type":"Organization","@id":"https:\/\/jollery-bunny.ee\/en\/#organization","name":"Jolleri K\u00e4sit\u00f6\u00f6kamber","url":"https:\/\/jollery-bunny.ee\/en\/","logo":{"@type":"ImageObject","inLanguage":"en-US","@id":"https:\/\/jollery-bunny.ee\/en\/#\/schema\/logo\/image\/","url":"https:\/\/jollery-bunny.ee\/wp-content\/uploads\/2013\/12\/logo.png","contentUrl":"https:\/\/jollery-bunny.ee\/wp-content\/uploads\/2013\/12\/logo.png","width":583,"height":144,"caption":"Jolleri K\u00e4sit\u00f6\u00f6kamber"},"image":{"@id":"https:\/\/jollery-bunny.ee\/en\/#\/schema\/logo\/image\/"},"sameAs":["https:\/\/www.facebook.com\/jolleri\/","https:\/\/www.instagram.com\/jollerybunny\/"]}]}},"_links":{"self":[{"href":"https:\/\/jollery-bunny.ee\/en\/wp-json\/wp\/v2\/product\/19963","targetHints":{"allow":["GET"]}}],"collection":[{"href":"https:\/\/jollery-bunny.ee\/en\/wp-json\/wp\/v2\/product"}],"about":[{"href":"https:\/\/jollery-bunny.ee\/en\/wp-json\/wp\/v2\/types\/product"}],"replies":[{"embeddable":true,"href":"https:\/\/jollery-bunny.ee\/en\/wp-json\/wp\/v2\/comments?post=19963"}],"wp:featuredmedia":[{"embeddable":true,"href":"https:\/\/jollery-bunny.ee\/en\/wp-json\/wp\/v2\/media\/19890"}],"wp:attachment":[{"href":"https:\/\/jollery-bunny.ee\/en\/wp-json\/wp\/v2\/media?parent=19963"}],"wp:term":[{"taxonomy":"product_brand","embeddable":true,"href":"https:\/\/jollery-bunny.ee\/en\/wp-json\/wp\/v2\/product_brand?post=19963"},{"taxonomy":"product_cat","embeddable":true,"href":"https:\/\/jollery-bunny.ee\/en\/wp-json\/wp\/v2\/product_cat?post=19963"},{"taxonomy":"product_tag","embeddable":true,"href":"https:\/\/jollery-bunny.ee\/en\/wp-json\/wp\/v2\/product_tag?post=19963"}],"curies":[{"name":"wp","href":"https:\/\/api.w.org\/{rel}","templated":true}]}}